{"id":7160,"date":"2026-04-08T08:51:20","date_gmt":"2026-04-07T23:51:20","guid":{"rendered":"https:\/\/www.oakclinic-group.com\/?page_id=7160"},"modified":"2026-04-21T09:39:09","modified_gmt":"2026-04-21T00:39:09","slug":"aus_oyako","status":"publish","type":"page","link":"https:\/\/www.oakclinic-group.com\/vi\/fujinka\/aus_oyako\/","title":{"rendered":"X\u00e9t nghi\u1ec7m ADN \u0111\u1ec3 x\u00e1c \u0111\u1ecbnh quan h\u1ec7 cha con v\u1edbi thai nhi sau khi ph\u00e1 thai"},"content":{"rendered":"<div class=\"section-dept__container\">\r\n<div class=\"section-dept__first_content\">\r\n<section class=\"section-dept__content01\">\r\n<h1 class=\"section-dept__content01_title\">\r\n     X\u00e9t nghi\u1ec7m ADN \u0111\u1ec3 x\u00e1c \u0111\u1ecbnh quan h\u1ec7 cha con v\u1edbi thai nhi sau khi ph\u00e1 thai\r\n    <\/h1>\r\n<!-- \u5404\u30af\u30ea\u30cb\u30c3\u30af -->\r\n<div class=\"float_right mt20 mb0\">\r\n<p class=\"mb0\">\r\n<span class=\"text_frame2\">\r\n<a href=\"https:\/\/www.oakclinic-group.com\/sumiyoshi\/fujinka\/\">\r\n        Sumiyoshi\r\n       <\/a>\r\n<\/span>\r\n<\/p>\r\n<\/div>\r\n<!-- \u5404\u30af\u30ea\u30cb\u30c3\u30af \u3053\u3053\u307e\u3067 -->\r\n<div class=\"section-dept__content01_text\">\r\n<div class=\"treatment_cap mt40\">\r\n<div class=\"align_left mb10 pl10 pr10\">\r\n<p>\r\n        \u0110\u00e2y l\u00e0 x\u00e9t nghi\u1ec7m ADN \u0111\u1ec3 x\u00e1c \u0111\u1ecbnh quan h\u1ec7 huy\u1ebft th\u1ed1ng c\u1ee7a thai nhi b\u1eb1ng c\u00e1ch s\u1eed d\u1ee5ng b\u00e0o thai  (ph\u1ea7n \u0111\u01b0\u1ee3c l\u1ea5y ra) sau khi ph\u1eabu thu\u1eadt ph\u00e1 thai.\r\n        <br\/>\r\n        X\u00e9t nghi\u1ec7m ADN \u0111\u01b0\u1ee3c th\u1ef1c hi\u1ec7n b\u1eb1ng c\u00e1ch s\u1eed d\u1ee5ng c\u00f4ng ngh\u1ec7 gi\u1ea3i tr\u00ecnh t\u1ef1 th\u1ebf h\u1ec7 m\u1edbi (NGS) \u0111\u1ec3 so s\u00e1nh ADN c\u1ee7a thai nhi v\u1edbi ADN c\u1ee7a ng\u01b0\u1eddi m\u1eb9 v\u00e0 ADN c\u1ee7a ng\u01b0\u1eddi \u0111\u00e0n \u00f4ng nghi v\u1ea5n l\u00e0 cha. \r\n       <\/p>\r\n<\/div>\r\n<div class=\"treatment00\">\r\n<div class=\"treatment01\">\r\n<p class=\"headline mb10\">\r\n<a href=\"#inspectable\">\r\n          M\u1eabu c\u00f3 th\u1ec3 ki\u1ec3m tra\r\n          <img decoding=\"async\" alt=\"\u4e38\u30dc\u30bf\u30f3\" src=\"https:\/\/www.oakclinic-group.com\/wp\/wp-content\/themes\/oak-clinic\/assets\/images\/funin\/headline_circle_btn.png\"\/>\r\n<\/a>\r\n<\/p>\r\n<\/div>\r\n<div class=\"treatment01\">\r\n<p class=\"headline mb10\">\r\n<a href=\"#method\">\r\n          Ph\u01b0\u01a1ng ph\u00e1p l\u1ea5y m\u1eabu DNA c\u1ee7a ng\u01b0\u1eddi m\u1eb9, v\u00e0 ng\u01b0\u1eddi c\u00f3 nghi v\u1ea5n l\u00e0 cha\r\n          <img decoding=\"async\" alt=\"\u4e38\u30dc\u30bf\u30f3\" src=\"https:\/\/www.oakclinic-group.com\/wp\/wp-content\/themes\/oak-clinic\/assets\/images\/funin\/headline_circle_btn.png\"\/>\r\n<\/a>\r\n<\/p>\r\n<\/div>\r\n<div class=\"treatment01\">\r\n<p class=\"headline mb10\">\r\n<a href=\"#accuracy\">\r\n          \u0110\u1ed9 ch\u00ednh x\u00e1c c\u1ee7a \u0111\u00e1nh gi\u00e1\r\n          <img decoding=\"async\" alt=\"\u4e38\u30dc\u30bf\u30f3\" src=\"https:\/\/www.oakclinic-group.com\/wp\/wp-content\/themes\/oak-clinic\/assets\/images\/funin\/headline_circle_btn.png\"\/>\r\n<\/a>\r\n<\/p>\r\n<\/div>\r\n<div class=\"treatment01\">\r\n<p class=\"headline mb10\">\r\n<a href=\"#kinds\">\r\n          Lo\u1ea1i gi\u00e1m \u0111\u1ecbnh\r\n          <img decoding=\"async\" alt=\"\u4e38\u30dc\u30bf\u30f3\" src=\"https:\/\/www.oakclinic-group.com\/wp\/wp-content\/themes\/oak-clinic\/assets\/images\/funin\/headline_circle_btn.png\"\/>\r\n<\/a>\r\n<\/p>\r\n<\/div>\r\n<div class=\"treatment01\">\r\n<p class=\"headline mb10\">\r\n<a href=\"#about\">\r\n          V\u1ec1 vi\u1ec7c \u0111\u0103ng k\u00fd\r\n          <img decoding=\"async\" alt=\"\u4e38\u30dc\u30bf\u30f3\" src=\"https:\/\/www.oakclinic-group.com\/wp\/wp-content\/themes\/oak-clinic\/assets\/images\/funin\/headline_circle_btn.png\"\/>\r\n<\/a>\r\n<\/p>\r\n<\/div>\r\n<div class=\"treatment03\">\r\n<\/div>\r\n<\/div>\r\n<\/div>\r\n<div id=\"inspectable\">\r\n<\/div>\r\n<h2 class=\"section-dept__content02_title mt50\">\r\n      M\u1eabu c\u00f3 th\u1ec3 ki\u1ec3m tra\r\n     <\/h2>\r\n<div class=\"section-dept__content02_text align_left\" style=\"display: flex;\">\r\n<p style=\"flex-wrap: wrap;\">\r\n       C\u1ea7n c\u00f3 m\u00f4 thai nhi s\u1ea3n (ph\u1ea7n \u0111\u01b0\u1ee3c l\u1ea5y ra) sau khi ph\u00e1 thai.\r\n       <br\/>\r\n       \u0110\u1ec3 ng\u0103n ch\u1eb7n s\u1ef1 bi\u1ebfn \u0111\u1ed5i v\u00e0 ph\u00e2n h\u1ee7y DNA, c\u1ea7n ph\u1ea3i thu th\u1eadp m\u00f4 thai nhi ngay sau khi ph\u1eabu thu\u1eadt ph\u00e1 thai.\r\n       <br\/>\r\n       V\u00ec v\u1eady, vui l\u00f2ng \u0111\u0103ng k\u00fd x\u00e9t nghi\u1ec7m tr\u01b0\u1edbc khi ti\u1ebfn h\u00e0nh ph\u1eabu thu\u1eadt.\r\n      <\/p>\r\n<p style=\"flex-wrap: wrap;\">\r\n<img decoding=\"async\" alt=\"M\u1eabu c\u00f3 th\u1ec3 ki\u1ec3m tra\" height=\"auto\" src=\"https:\/\/www.oakclinic-group.com\/wp\/wp-content\/themes\/oak-clinic\/assets\/images\/fujinka\/inspectable.png\" width=\"180px\"\/>\r\n<\/p>\r\n<\/div>\r\n<div id=\"method\">\r\n<\/div>\r\n<h2 class=\"section-dept__content02_title\">\r\n      Ph\u01b0\u01a1ng ph\u00e1p l\u1ea5y m\u1eabu DNA c\u1ee7a ng\u01b0\u1eddi m\u1eb9, v\u00e0 ng\u01b0\u1eddi nghi v\u1ea5n l\u00e0 cha\r\n     <\/h2>\r\n<div class=\"section-dept__content02_text align_left\" style=\"display: flex;\">\r\n<p style=\"flex-wrap: wrap;\">\r\n       M\u1eb9 v\u00e0 ng\u01b0\u1eddi \u0111\u00e0n \u00f4ng c\u00f3 nghi v\u1ea5n l\u00e0 cha c\u1ee7a \u0111\u1ee9a tr\u1ebb s\u1ebd cung c\u1ea5p m\u1eabu t\u1ebf b\u00e0o bi\u1ec3u m\u00f4 mi\u1ec7ng l\u00e0m m\u1eabu x\u00e9t nghi\u1ec7m.\r\n       <br\/>\r\n       \u0110\u1ec3 l\u1ea5y m\u1eabu bi\u1ec3u m\u00f4 mi\u1ec7ng, ch\u1ec9 c\u1ea7n d\u00f9ng t\u0103m b\u00f4ng l\u1ea5y m\u1eabu t\u1eeb b\u00ean trong m\u00e1.\r\n      <\/p>\r\n<p style=\"flex-wrap: wrap;\">\r\n<img decoding=\"async\" alt=\"C\u00e1ch l\u1ea5y m\u1eabu DNA\" height=\"auto\" src=\"https:\/\/www.oakclinic-group.com\/wp\/wp-content\/themes\/oak-clinic\/assets\/images\/fujinka\/dna_method.png\" width=\"180px\"\/>\r\n<\/p>\r\n<\/div>\r\n<div id=\"accuracy\">\r\n<\/div>\r\n<h2 class=\"section-dept__content02_title\">\r\n      \u0110\u1ed9 ch\u00ednh x\u00e1c c\u1ee7a \u0111\u00e1nh gi\u00e1\r\n     <\/h2>\r\n<div class=\"section-dept__content02_text\">\r\n<p>\r\n       \u0110\u1ed9 ch\u00ednh x\u00e1c t\u1ed1i thi\u1ec3u \u0111\u01b0\u1ee3c \u0111\u1ea3m b\u1ea3o l\u00e0 x\u00e1c su\u1ea5t x\u00e1c nh\u1eadn quan h\u1ec7 cha con tr\u00ean 99,99% n\u1ebfu l\u00e0 cha \u0111\u1ebb, v\u00e0 0% n\u1ebfu kh\u00f4ng ph\u1ea3i l\u00e0 cha \u0111\u1ebb.\r\n       <br\/>\r\n       Tuy nhi\u00ean, tr\u00ean l\u00fd thuy\u1ebft, vi\u1ec7c x\u00e1c \u0111\u1ecbnh 100% l\u00e0 kh\u00f4ng th\u1ec3, v\u00e0 tr\u00ean th\u1ef1c t\u1ebf, v\u00e0 k\u1ebft qu\u1ea3 x\u00e1c su\u1ea5t 99,9% th\u1ef1c t\u1ebf kh\u00f4ng th\u1ec3 ph\u1ee7 nh\u1eadn.\r\n       <br\/>\r\n       Tuy nhi\u00ean, n\u1ebfu ng\u01b0\u1eddi \u0111\u00e0n \u00f4ng \u0111\u01b0\u1ee3c cho l\u00e0 cha l\u00e0 anh em sinh \u0111\u00f4i c\u00f9ng tr\u1ee9ng, th\u00ec h\u1ecd s\u1ebd c\u00f3 c\u00f9ng ki\u1ec3u gen.\r\n       <br\/>\r\n       Do \u0111\u00f3, vi\u1ec7c x\u00e1c \u0111\u1ecbnh quan h\u1ec7 huy\u1ebft th\u1ed1ng gi\u1eefa cha m\u1eb9 v\u00e0 con c\u00e1i c\u00f3 th\u1ec3 g\u1eb7p kh\u00f3 kh\u0103n.\r\n      <\/p>\r\n<\/div>\r\n<div id=\"kinds\">\r\n<\/div>\r\n<h2 class=\"section-dept__content02_title\">\r\n      Lo\u1ea1i gi\u00e1m \u0111\u1ecbnh\r\n     <\/h2>\r\n<div class=\"section-dept__content02_text align_left\" style=\"display: flex;\">\r\n<p style=\"flex-wrap: wrap;\">\r\n       C\u00f3 \"\u0111\u00e1nh gi\u00e1 c\u00e1 nh\u00e2n\" v\u00e0 \"\u0111\u00e1nh gi\u00e1 ph\u00e1p l\u00fd\".\r\n       <br\/>\r\n       \u0110\u00e1nh gi\u00e1 c\u00e1 nh\u00e2n \u0111\u01b0\u1ee3c th\u1ef1c hi\u1ec7n v\u1edbi m\u1ee5c \u0111\u00edch x\u00e1c nh\u1eadn c\u00e1 nh\u00e2n.\r\n       <br\/>\r\n       Gi\u00e1m \u0111\u1ecbnh ph\u00e1p l\u00fd l\u00e0 gi\u00e1m \u0111\u1ecbnh \u0111\u1ec3 ch\u1ee9ng minh quan h\u1ec7 cha con trong c\u00e1c v\u1ee5 ki\u1ec7n t\u1ee5ng, h\u00f2a gi\u1ea3i, v.v. Ngo\u00e0i ra, kh\u00f4ng c\u00f3 s\u1ef1 kh\u00e1c bi\u1ec7t v\u1ec1 \u0111\u1ed9 ch\u00ednh x\u00e1c c\u1ee7a k\u1ebft qu\u1ea3 gi\u00e1m \u0111\u1ecbnh quan h\u1ec7 cha con trong t\u1eebng tr\u01b0\u1eddng h\u1ee3p.\r\n      <\/p>\r\n<p style=\"flex-wrap: wrap;\">\r\n<img decoding=\"async\" alt=\"Lo\u1ea1i gi\u00e1m \u0111\u1ecbnh\" height=\"auto\" src=\"https:\/\/www.oakclinic-group.com\/wp\/wp-content\/themes\/oak-clinic\/assets\/images\/fujinka\/dna_appraisal.png\" width=\"180px\"\/>\r\n<\/p>\r\n<\/div>\r\n<\/div>\r\n<h2 class=\"section-dept__content02_title\">Chi ph\u00ed<\/h2>\r\n<div class=\"section-dept__content02_text align_left\">\r\n                                <p><strong>Trong tr\u01b0\u1eddng h\u1ee3p th\u1ea9m \u0111\u1ecbnh c\u00e1 nh\u00e2n<\/strong><br>Chi ph\u00ed ki\u1ec3m tra: 124.800 y\u00ean (137.280 y\u00ean bao g\u1ed3m thu\u1ebf)<br>Ph\u00ed ch\u1ee9ng nh\u1eadn k\u1ebft qu\u1ea3 gi\u00e1m \u0111\u1ecbnh: 5.000 y\u00ean (5.500 y\u00ean bao g\u1ed3m thu\u1ebf)<\/p>\r\n                                <p><strong>Trong tr\u01b0\u1eddng h\u1ee3p gi\u00e1m \u0111\u1ecbnh ph\u00e1p l\u00fd<\/strong><br>Chi ph\u00ed ki\u1ec3m tra: 164.800 y\u00ean (181.280 y\u00ean bao g\u1ed3m thu\u1ebf) bao g\u1ed3m ph\u00ed l\u1eadp v\u0103n b\u1ea3n k\u1ebft qu\u1ea3 gi\u00e1m \u0111\u1ecbnh.<\/p>\r\n                                <p><strong>C\u00e1c t\u00f9y ch\u1ecdn b\u1ed5 sung<\/strong><br>Gi\u00e1 th\u1ea9m \u0111\u1ecbnh nhanh: 18.000 y\u00ean (19.800 y\u00ean)<br>Th\u00eam ng\u01b0\u1eddi cha gi\u1ea3 \u0111\u1ecbnh: 20.000 y\u00ean cho m\u1ed7i ng\u01b0\u1eddi (22.000 y\u00ean bao g\u1ed3m thu\u1ebf)<\/p>\r\n                                <p><strong>\uff1cR\u1ee7i ro, t\u00e1c d\u1ee5ng ph\u1ee5, v.v.\uff1e<\/strong><br>T\u00f9y thu\u1ed9c v\u00e0o t\u00ecnh tr\u1ea1ng c\u1ee7a m\u1eabu x\u00e9t nghi\u1ec7m, vi\u1ec7c th\u1ef1c hi\u1ec7n x\u00e9t nghi\u1ec7m c\u00f3 th\u1ec3 kh\u00f4ng th\u1ef1c hi\u1ec7n \u0111\u01b0\u1ee3c.<br>Trong tr\u01b0\u1eddng h\u1ee3p ng\u01b0\u1eddi \u0111\u01b0\u1ee3c x\u00e9t nghi\u1ec7m \u0111\u00e3 t\u1eebng truy\u1ec1n m\u00e1u ho\u1eb7c c\u1ea5y gh\u00e9p t\u1ee7y x\u01b0\u01a1ng, ho\u1eb7c nh\u1eefng ng\u01b0\u1eddi \u0111\u01b0\u1ee3c x\u00e9t nghi\u1ec7m c\u00f3 m\u1ed1i quan h\u1ec7 huy\u1ebft th\u1ed1ng g\u1ea7n g\u0169i, c\u00f3 kh\u1ea3 n\u0103ng s\u1ebd kh\u00f4ng \u0111\u1ea1t \u0111\u01b0\u1ee3c k\u1ebft qu\u1ea3 gi\u00e1m \u0111\u1ecbnh ch\u00ednh x\u00e1c.<br>Do c\u00e1c nguy\u00ean nh\u00e2n n\u1eb1m ngo\u00e0i t\u1ea7m ki\u1ec3m so\u00e1t c\u1ee7a x\u00e9t nghi\u1ec7m nh\u01b0 \u0111\u1ed9t bi\u1ebfn, m\u1ea5t \u0111o\u1ea1n, thay th\u1ebf ho\u1eb7c hi\u1ec7n t\u01b0\u1ee3ng Chimerism (kh\u1ea3m)x\u1ea3y ra trong DNA c\u1ee7a ng\u01b0\u1eddi \u0111\u01b0\u1ee3c x\u00e9t nghi\u1ec7m, th\u00ec c\u00f3 kh\u1ea3 n\u0103ng k\u1ebft qu\u1ea3 gi\u00e1m \u0111\u1ecbnh s\u1ebd kh\u00f4ng \u0111\u1ea1t \u0111\u01b0\u1ee3c \u0111\u1ed9 ch\u00ednh x\u00e1c cao.<br>Trong tr\u01b0\u1eddng h\u1ee3p ng\u01b0\u1eddi c\u00f3 kh\u1ea3 n\u0103ng l\u00e0 cha c\u1ee7a thai nhi c\u00f3 anh em sinh \u0111\u00f4i c\u00f9ng tr\u1ee9ng, v\u00ec c\u00e1c c\u1eb7p sinh \u0111\u00f4i c\u00f9ng tr\u1ee9ng s\u1ebd c\u00f3 c\u00f9ng ki\u1ec3u gen, th\u00ec vi\u1ec7c gi\u00e1m \u0111\u1ecbnh g\u1ea7n nh\u01b0 kh\u00f4ng th\u1ec3.<\/p>\r\n                            <\/div>\r\n<div id=\"about\">\r\n<\/div>\r\n<h2 class=\"section-dept__content02_title\">\r\n     V\u1ec1 vi\u1ec7c \u0111\u0103ng k\u00fd\r\n    <\/h2>\r\n<div class=\"section-dept__content03_text\">\r\n<p>\r\n      Ch\u1ec9 nh\u1eefng ng\u01b0\u1eddi th\u1ef1c hi\u1ec7n ph\u1eabu thu\u1eadt ph\u00e1 thai t\u1ea1i b\u1ec7nh vi\u1ec7n c\u1ee7a ch\u00fang t\u00f4i m\u1edbi c\u00f3 th\u1ec3 \u0111\u0103ng k\u00fd.\r\n     <\/p>\r\n<!-- #BeginLibraryItem \"\/Library\/fujinka_ginza.lbi\" -->\r\n<section class=\"section-top__item_b_box2 text_frame color_gray align_center ml0 mr0\">\r\n<div class=\"sp_wrapper\">\r\n<p class=\"pb0 mb-5\">\r\n        M\u1ed7i b\u1ec7nh vi\u1ec7n c\u00f3 c\u00e1c chuy\u00ean khoa ri\u00eang bi\u1ec7t kh\u00e1c nhau, vui l\u00f2ng li\u00ean h\u1ec7 tr\u01b0\u1edbc khi \u0111\u1ebfn b\u1ec7nh vi\u1ec7n.\r\n        <br\/>\r\n        Ph\u00f2ng kh\u00e1m Ginza ch\u1ec9 \u0111i\u1ec1u tr\u1ecb v\u00f4 sinh.\r\n       <\/p>\r\n<\/div>\r\n<\/section>\r\n<!-- #EndLibraryItem -->\r\n<div class=\"text_frame3 align_center mt25 mb25\">\n  <p class=\"frame3_title rem17\">Hi\u1ec7p h\u1ed9i y t\u1ebf Oak <br class=\"pc_none\">Li\u00ean h\u1ec7\u30fb\u0110\u1eb7t h\u1eb9n S\u1ed1 \u0111i\u1ec7n tho\u1ea1i<\/p>\n  <p class=\"mb0 rem20\"><a class=\"tel\" href=\"tel:0120-009-345\">0120-009-345<\/a><\/p>\n  <p>\u3010Th\u1eddi gian ti\u1ebfp nh\u1eadn\u3011<br>\n    Th\u1ee9 Hai \u0111\u1ebfn Th\u1ee9 B\u1ea3y, 9:00 \u0111\u1ebfn 17:00 <br>\n    (tr\u1eeb ng\u00e0y l\u1ec5, cu\u1ed1i n\u0103m v\u00e0 \u0111\u1ea7u n\u0103m)<br>\n    \u203b\u0110\u0103ng k\u00fd \u0111\u1eb7t ch\u1ed7 <br class=\"pc_none\">c\u0169ng \u0111\u01b0\u1ee3c nh\u1eadn <br class=\"pc_none\">v\u00e0o c\u00e1c ng\u00e0y l\u1ec5 (9:00~17:00).<\/p>\n  <p class=\"mt20\">\u203bT\u1eeb n\u01b0\u1edbc ngo\u00e0i v\u00e0 m\u1ed9t s\u1ed1 h\u00f2n \u0111\u1ea3o xa x\u00f4i trong n\u01b0\u1edbc, kh\u00f4ng th\u1ec3 s\u1eed d\u1ee5ng s\u1ed1 \u0111i\u1ec7n tho\u1ea1i tr\u00ean. Trong tr\u01b0\u1eddng h\u1ee3p \u0111\u00f3, vui l\u00f2ng g\u1ecdi \u0111\u1ebfn s\u1ed1 \u0111i\u1ec7n tho\u1ea1i sau:<br>\n    TEL <a class=\"tel rem14\" href=\"tel:06-4398-1000\">06-4398-1000<\/a> <br class=\"pc_none\">(C\u1ea7n tr\u1ea3 ph\u00ed cu\u1ed9c g\u1ecdi)<\/p>\n  \u00a0\n  <hr style=\"width: 100%;\">\n  <p>Li\u00ean h\u1ec7 qua email t\u1ea1i \u0111\u00e2y<\/p>\n  <p><a href=\"mailto:oak_online@oakclinic-group.com\">oak_online@oakclinic-group.com<\/a><\/p>\n  <p>\u203bSau khi nh\u1eadn \u0111\u01b0\u1ee3c email, nh\u00e2n vi\u00ean ph\u1ee5 tr\u00e1ch s\u1ebd li\u00ean h\u1ec7 l\u1ea1i v\u1edbi qu\u00fd kh\u00e1ch theo th\u1ee9 t\u1ef1.<br>\n    \u203bN\u1ebfu qu\u00fd kh\u00e1ch c\u1ea7n gi\u1ea3i quy\u1ebft g\u1ea5p, vui l\u00f2ng li\u00ean h\u1ec7 qua \u0111i\u1ec7n tho\u1ea1i.<\/p>\n<\/div>\r\n<div class=\"section-top__item_top_area clearfix mt50 pt0 mb100\">\r\n<h2 class=\"section-dept__content02_title mb20\">\r\n       Th\u00f4ng tin v\u1ec1 ph\u00f2ng kh\u00e1m\r\n      <\/h2>\r\n<ul class=\"w100\">\r\n<li class=\"index_btn\">\r\n<a href=\"https:\/\/www.oakclinic-group.com\/sumiyoshi\/fujinka\/\">\r\n<div class=\"btn-photo bg-sumiyoshi\">\r\n<p class=\"btn-text\">\r\n           Ph\u00f2ng kh\u00e1m s\u1ea3n ph\u1ee5 khoa<br\/>Oak Sumiyoshi\r\n          <\/p>\r\n<\/div>\r\n<\/a>\r\n<\/li>\r\n<\/ul>\r\n<\/div>\r\n<\/div>\r\n<\/section>\r\n<\/div>\r\n<\/div>\r\n<!-- section-dept__container end -->","protected":false},"excerpt":{"rendered":"X\u00e9t nghi\u1ec7m ADN \u0111\u1ec3 x\u00e1c \u0111\u1ecbnh quan h\u1ec7 cha con v\u1edbi thai nhi sau khi ph\u00e1 thai Sumiyoshi \u0110\u00e2y l\u00e0 x\u00e9t nghi\u1ec7m ADN \u0111\u1ec3 x\u00e1c \u0111\u1ecbnh quan h\u1ec7 huy\u1ebft th\u1ed1ng c\u1ee7a thai nhi b\u1eb1ng c\u00e1ch s\u1eed d\u1ee5ng b\u00e0o thai (ph\u1ea7n \u0111\u01b0\u1ee3c l\u1ea5y ra) sau khi ph\u1eabu thu\u1eadt ph\u00e1 thai. X\u00e9t nghi\u1ec7m ADN \u0111\u01b0\u1ee3c th\u1ef1c hi\u1ec7n [&hellip;]","protected":false},"author":5,"featured_media":0,"parent":7132,"menu_order":689,"comment_status":"closed","ping_status":"closed","template":"","meta":{"_locale":"vi","_original_post":"https:\/\/www.oakclinic-group.com\/wp\/?page_id=749","footnotes":""},"class_list":["post-7160","page","type-page","status-publish","hentry","vi"],"_links":{"self":[{"href":"https:\/\/www.oakclinic-group.com\/wp-json\/wp\/v2\/pages\/7160","targetHints":{"allow":["GET"]}}],"collection":[{"href":"https:\/\/www.oakclinic-group.com\/wp-json\/wp\/v2\/pages"}],"about":[{"href":"https:\/\/www.oakclinic-group.com\/wp-json\/wp\/v2\/types\/page"}],"author":[{"embeddable":true,"href":"https:\/\/www.oakclinic-group.com\/wp-json\/wp\/v2\/users\/5"}],"replies":[{"embeddable":true,"href":"https:\/\/www.oakclinic-group.com\/wp-json\/wp\/v2\/comments?post=7160"}],"version-history":[{"count":2,"href":"https:\/\/www.oakclinic-group.com\/wp-json\/wp\/v2\/pages\/7160\/revisions"}],"predecessor-version":[{"id":7243,"href":"https:\/\/www.oakclinic-group.com\/wp-json\/wp\/v2\/pages\/7160\/revisions\/7243"}],"up":[{"embeddable":true,"href":"https:\/\/www.oakclinic-group.com\/wp-json\/wp\/v2\/pages\/7132"}],"wp:attachment":[{"href":"https:\/\/www.oakclinic-group.com\/wp-json\/wp\/v2\/media?parent=7160"}],"curies":[{"name":"wp","href":"https:\/\/api.w.org\/{rel}","templated":true}]}}