{"id":7155,"date":"2026-04-07T15:45:46","date_gmt":"2026-04-07T06:45:46","guid":{"rendered":"https:\/\/www.oakclinic-group.com\/?page_id=7155"},"modified":"2026-04-08T11:50:04","modified_gmt":"2026-04-08T02:50:04","slug":"aus_chuki04","status":"publish","type":"page","link":"https:\/\/www.oakclinic-group.com\/vi\/fujinka\/aus_chuki04\/","title":{"rendered":"H\u1ec7 th\u1ed1ng tr\u1ee3 c\u1ea5p sinh con v\u00e0 nu\u00f4i con"},"content":{"rendered":"<div class=\"section-dept__container\">\r\n<div class=\"section-dept__first_content\">\r\n<section class=\"section-dept__content01\">\r\n<h1 class=\"section-dept__content01_title\">\r\n     H\u1ec7 th\u1ed1ng tr\u1ee3 c\u1ea5p sinh con v\u00e0 nu\u00f4i con\r\n    <\/h1>\r\n<!-- \u5404\u30af\u30ea\u30cb\u30c3\u30af -->\r\n<div class=\"float_right mt20 mb0\">\r\n<p class=\"mb0\">\r\n<span class=\"text_frame2\">\r\n<a href=\"https:\/\/www.oakclinic-group.com\/sumiyoshi\/fujinka\/\">\r\n        Sumiyoshi\r\n       <\/a>\r\n<\/span>\r\n<\/p>\r\n<\/div>\r\n<!-- \u5404\u30af\u30ea\u30cb\u30c3\u30af \u3053\u3053\u307e\u3067 -->\r\n<div class=\"section-dept__content01_text mt30\">\r\n<h2 class=\"section-dept__content02_title\">\r\n      H\u1ec7 th\u1ed1ng tr\u1ee3 c\u1ea5p sinh con v\u00e0 nu\u00f4i con\r\n     <\/h2>\r\n<div class=\"section-dept__content02_text\">\r\n<p class=\"float_right\">\r\n<img loading=\"lazy\" decoding=\"async\" alt=\"H\u1ec7 th\u1ed1ng tr\u1ee3 c\u1ea5p sinh con v\u00e0 nu\u00f4i con\" height=\"150\" src=\"https:\/\/www.oakclinic-group.com\/wp\/wp-content\/themes\/oak-clinic\/assets\/images\/fujinka\/hinin_img03.jpg\" width=\"130\"\/>\r\n<\/p>\r\n<p>\r\n       Nh\u1eefng ng\u01b0\u1eddi tham gia b\u1ea3o hi\u1ec3m y t\u1ebf c\u00f3 th\u1ec3 nh\u1eadn \u0111\u01b0\u1ee3c tr\u1ee3 c\u1ea5p cho tr\u01b0\u1eddng h\u1ee3p mang thai tr\u00ean 4 th\u00e1ng (85 ng\u00e0y) \u0111\u1ed1i v\u1edbi  tr\u01b0\u1eddng h\u1ee3p(sinh th\u01b0\u1eddng, thai ch\u1ebft l\u01b0u, sinh non, ph\u00e1 thai).\r\n       <br\/>\r\n       \u0110\u1ecba ch\u1ec9 n\u1ed9p \u0111\u01a1n, n\u01a1i b\u1ea1n tham gia b\u1ea3o hi\u1ec3m y t\u1ebf.\r\n       <br\/>\r\n       V\u1ec1 th\u1ee7 t\u1ee5c, vui l\u00f2ng li\u00ean h\u1ec7 v\u1edbi c\u00e1c qu\u1ea7y d\u1ecbch v\u1ee5 t\u01b0\u01a1ng \u1ee9ng \u0111\u1ec3 bi\u1ebft th\u00eam chi ti\u1ebft v\u1ec1 c\u00e1c th\u1ee7 t\u1ee5c c\u1ea7n thi\u1ebft.\r\n      <\/p>\r\n<\/div>\r\n<h4 class=\"section-top__guide_title\">\r\n      Qu\u1ea7y th\u1ee7 t\u1ee5c\r\n     <\/h4>\r\n<div class=\"section-dept__content02_text\">\r\n<div class=\"fee_box\">\r\n<table>\r\n<tbody>\r\n<tr>\r\n<th class=\"w50_sp\">\r\n           Khi tham gia \u3000\r\n           <br class=\"pc_none\"\/>\r\n           b\u1ea3o hi\u1ec3m x\u00e3 h\u1ed9i\r\n          <\/th>\r\n<td>\r\n           C\u1ee5c b\u1ea3o hi\u1ec3m x\u00e3 h\u1ed9i \r\n           <br class=\"pc_none\"\/>\r\n           (Hi\u1ec7p h\u1ed9i b\u1ea3o hi\u1ec3m y t\u1ebf)\r\n          <\/td>\r\n<\/tr>\r\n<tr>\r\n<th>\r\n           Khi tham gia \r\n           <br class=\"pc_none\"\/>\r\n           b\u1ea3o hi\u1ec3m y t\u1ebf qu\u1ed1c d\u00e2n\r\n          <\/th>\r\n<td>\r\n           Th\u00e0nh ph\u1ed1, qu\u1eadn, th\u1ecb tr\u1ea5n n\u01a1i b\u1ea1n sinh s\u1ed1ng\r\n          <\/td>\r\n<\/tr>\r\n<\/tbody>\r\n<\/table>\r\n<\/div>\r\n<\/div>\r\n<\/div>\r\n<h2 class=\"section-dept__content02_title\">\r\n     V\u1ec1 c\u00e1ch \u0111\u1eb7t ch\u1ed7\r\n    <\/h2>\r\n<div class=\"section-dept__content03_text\">\r\n<p>\r\n      Vui l\u00f2ng g\u1ecdi \u0111i\u1ec7n tho\u1ea1i trong gi\u1edd l\u00e0m vi\u1ec7c \u0111\u1ec3 \u0111\u1eb7t l\u1ecbch h\u1eb9n.\r\n     <\/p>\r\n<!-- #BeginLibraryItem \"\/Library\/fujinka_ginza.lbi\" -->\r\n<section class=\"section-top__item_b_box2 text_frame color_gray align_center ml0 mr0\">\r\n<div class=\"sp_wrapper\">\r\n<p class=\"pb0 mb-5\">\r\n        M\u1ed7i b\u1ec7nh vi\u1ec7n s\u1ebd c\u00f3 c\u00e1c khoa chuy\u00ean bi\u1ec7t kh\u00e1c nhau, vui l\u00f2ng li\u00ean h\u1ec7 tr\u01b0\u1edbc khi \u0111\u1ebfn b\u1ec7nh vi\u1ec7n.\r\n        <br\/>\r\n        Ph\u00f2ng kh\u00e1m Ginza ch\u1ec9 \u0111i\u1ec1u tr\u1ecb v\u00f4 sinh.\r\n       <\/p>\r\n<\/div>\r\n<\/section>\r\n<!-- #EndLibraryItem -->\r\n<p>\r\n<\/p>\r\n<div class=\"text_frame3 align_center mt25 mb25\">\n  <p class=\"frame3_title rem17\">Hi\u1ec7p h\u1ed9i y t\u1ebf Oak <br class=\"pc_none\">Li\u00ean h\u1ec7\u30fb\u0110\u1eb7t h\u1eb9n S\u1ed1 \u0111i\u1ec7n tho\u1ea1i<\/p>\n  <p class=\"mb0 rem20\"><a class=\"tel\" href=\"tel:0120-009-345\">0120-009-345<\/a><\/p>\n  <p>\u3010Th\u1eddi gian ti\u1ebfp nh\u1eadn\u3011<br>\n    Th\u1ee9 Hai \u0111\u1ebfn Th\u1ee9 B\u1ea3y, 9:00 \u0111\u1ebfn 17:00 <br>\n    (tr\u1eeb ng\u00e0y l\u1ec5, cu\u1ed1i n\u0103m v\u00e0 \u0111\u1ea7u n\u0103m)<br>\n    \u203b\u0110\u0103ng k\u00fd \u0111\u1eb7t ch\u1ed7 <br class=\"pc_none\">c\u0169ng \u0111\u01b0\u1ee3c nh\u1eadn <br class=\"pc_none\">v\u00e0o c\u00e1c ng\u00e0y l\u1ec5 (9:00~17:00).<\/p>\n  <p class=\"mt20\">\u203bT\u1eeb n\u01b0\u1edbc ngo\u00e0i v\u00e0 m\u1ed9t s\u1ed1 h\u00f2n \u0111\u1ea3o xa x\u00f4i trong n\u01b0\u1edbc, kh\u00f4ng th\u1ec3 s\u1eed d\u1ee5ng s\u1ed1 \u0111i\u1ec7n tho\u1ea1i tr\u00ean. Trong tr\u01b0\u1eddng h\u1ee3p \u0111\u00f3, vui l\u00f2ng g\u1ecdi \u0111\u1ebfn s\u1ed1 \u0111i\u1ec7n tho\u1ea1i sau:<br>\n    TEL <a class=\"tel rem14\" href=\"tel:06-4398-1000\">06-4398-1000<\/a> <br class=\"pc_none\">(C\u1ea7n tr\u1ea3 ph\u00ed cu\u1ed9c g\u1ecdi)<\/p>\n  \u00a0\n  <hr style=\"width: 100%;\">\n  <p>Li\u00ean h\u1ec7 qua email t\u1ea1i \u0111\u00e2y<\/p>\n  <p><a href=\"mailto:oak_online@oakclinic-group.com\">oak_online@oakclinic-group.com<\/a><\/p>\n  <p>\u203bSau khi nh\u1eadn \u0111\u01b0\u1ee3c email, nh\u00e2n vi\u00ean ph\u1ee5 tr\u00e1ch s\u1ebd li\u00ean h\u1ec7 l\u1ea1i v\u1edbi qu\u00fd kh\u00e1ch theo th\u1ee9 t\u1ef1.<br>\n    \u203bN\u1ebfu qu\u00fd kh\u00e1ch c\u1ea7n gi\u1ea3i quy\u1ebft g\u1ea5p, vui l\u00f2ng li\u00ean h\u1ec7 qua \u0111i\u1ec7n tho\u1ea1i.<\/p>\n<\/div>\r\n<div class=\"section-top__item_top_area clearfix mt50 pt0 mb100\">\r\n<h2 class=\"section-dept__content02_title mb20\">\r\n       Th\u00f4ng tin v\u1ec1 ph\u00f2ng kh\u00e1m\r\n      <\/h2>\r\n<ul class=\"w100\">\r\n<li class=\"index_btn\">\r\n<a href=\"https:\/\/www.oakclinic-group.com\/sumiyoshi\/fujinka\/\">\r\n<div class=\"btn-photo bg-sumiyoshi\">\r\n<p class=\"btn-text\">\r\n           Ph\u00f2ng kh\u00e1m s\u1ea3n ph\u1ee5 khoa Oak Sumiyoshi\r\n          <\/p>\r\n<\/div>\r\n<\/a>\r\n<\/li>\r\n<!-- <li class=\"index_btn\"> <a href=\"[wp_url]\/namba_ladys\/fujinka\/\">\r\n            <div class=\"btn-photo bg-namba\">\r\n              <p class=\"btn-text\">\u30aa\u30fc\u30af\u306a\u3093\u3070<br>\r\n                \u30ec\u30c7\u30a3\u30fc\u30b9\u30af\u30ea\u30cb\u30c3\u30af<\/p>\r\n            <\/div>\r\n            <\/a> <\/li>\r\n        <\/ul>\r\n        <ul class=\"w100\">\r\n          <li class=\"index_btn\"> <a href=\"[wp_url]\/umeda_ladys\/fujinka\/\">\r\n            <div class=\"btn-photo bg-umeda\">\r\n              <p class=\"btn-text\">\u30aa\u30fc\u30af\u6885\u7530<br>\r\n                \u30ec\u30c7\u30a3\u30fc\u30b9\u30af\u30ea\u30cb\u30c3\u30af<\/p>\r\n            <\/div>\r\n            <\/a> <\/li>\r\n          <li class=\"index_btn\"> <a href=\"[wp_url]\/ginza_ladys\/fujinka\/\">\r\n            <div class=\"btn-photo bg-ginza\">\r\n              <p class=\"btn-text\">\u30aa\u30fc\u30af\u9280\u5ea7<br>\r\n                \u30ec\u30c7\u30a3\u30fc\u30b9\u30af\u30ea\u30cb\u30c3\u30af<\/p>\r\n            <\/div>\r\n            <\/a> <\/li>-->\r\n<\/ul>\r\n<\/div>\r\n<\/div>\r\n<\/section>\r\n<\/div>\r\n<\/div>\r\n<!-- section-dept__container end -->","protected":false},"excerpt":{"rendered":"H\u1ec7 th\u1ed1ng tr\u1ee3 c\u1ea5p sinh con v\u00e0 nu\u00f4i con Sumiyoshi H\u1ec7 th\u1ed1ng tr\u1ee3 c\u1ea5p sinh con v\u00e0 nu\u00f4i con Nh\u1eefng ng\u01b0\u1eddi tham gia b\u1ea3o hi\u1ec3m y t\u1ebf c\u00f3 th\u1ec3 nh\u1eadn \u0111\u01b0\u1ee3c tr\u1ee3 c\u1ea5p cho tr\u01b0\u1eddng h\u1ee3p mang thai tr\u00ean 4 th\u00e1ng (85 ng\u00e0y) \u0111\u1ed1i v\u1edbi tr\u01b0\u1eddng h\u1ee3p(sinh th\u01b0\u1eddng, thai ch\u1ebft l\u01b0u, sinh non, ph\u00e1 thai). [&hellip;]","protected":false},"author":5,"featured_media":0,"parent":7132,"menu_order":691,"comment_status":"closed","ping_status":"closed","template":"","meta":{"_locale":"vi","_original_post":"https:\/\/www.oakclinic-group.com\/wp\/?page_id=750","footnotes":""},"class_list":["post-7155","page","type-page","status-publish","hentry","vi"],"_links":{"self":[{"href":"https:\/\/www.oakclinic-group.com\/wp-json\/wp\/v2\/pages\/7155","targetHints":{"allow":["GET"]}}],"collection":[{"href":"https:\/\/www.oakclinic-group.com\/wp-json\/wp\/v2\/pages"}],"about":[{"href":"https:\/\/www.oakclinic-group.com\/wp-json\/wp\/v2\/types\/page"}],"author":[{"embeddable":true,"href":"https:\/\/www.oakclinic-group.com\/wp-json\/wp\/v2\/users\/5"}],"replies":[{"embeddable":true,"href":"https:\/\/www.oakclinic-group.com\/wp-json\/wp\/v2\/comments?post=7155"}],"version-history":[{"count":2,"href":"https:\/\/www.oakclinic-group.com\/wp-json\/wp\/v2\/pages\/7155\/revisions"}],"predecessor-version":[{"id":7178,"href":"https:\/\/www.oakclinic-group.com\/wp-json\/wp\/v2\/pages\/7155\/revisions\/7178"}],"up":[{"embeddable":true,"href":"https:\/\/www.oakclinic-group.com\/wp-json\/wp\/v2\/pages\/7132"}],"wp:attachment":[{"href":"https:\/\/www.oakclinic-group.com\/wp-json\/wp\/v2\/media?parent=7155"}],"curies":[{"name":"wp","href":"https:\/\/api.w.org\/{rel}","templated":true}]}}