{"id":7151,"date":"2026-04-07T15:29:24","date_gmt":"2026-04-07T06:29:24","guid":{"rendered":"https:\/\/www.oakclinic-group.com\/?page_id=7151"},"modified":"2026-04-08T11:48:36","modified_gmt":"2026-04-08T02:48:36","slug":"aus_chuki03","status":"publish","type":"page","link":"https:\/\/www.oakclinic-group.com\/vi\/fujinka\/aus_chuki03\/","title":{"rendered":"Ph\u00e1 thai giai \u0111o\u1ea1n gi\u1eefa: L\u1ecbch kh\u00e1m th\u00f4ng th\u01b0\u1eddng"},"content":{"rendered":"<div class=\"section-dept__container\">\r\n<div class=\"section-dept__first_content\">\r\n<section class=\"section-dept__content01\">\r\n<h1 class=\"section-dept__content01_title\">\r\n<span style=\"font-size: 0.75em\">\r\n      Ph\u00e1 thai trong giai \u0111o\u1ea1n gi\u1eefa (t\u1eeb 12 tu\u1ea7n \u0111\u1ebfn d\u01b0\u1edbi 22 tu\u1ea7n):\r\n     <\/span>\r\n     L\u1ecbch kh\u00e1m thai th\u00f4ng th\u01b0\u1eddng\r\n    <\/h1>\r\n<!-- \u5404\u30af\u30ea\u30cb\u30c3\u30af -->\r\n<div class=\"float_right mt20 mb0\">\r\n<p class=\"mb0\">\r\n<span class=\"text_frame2\">\r\n<a href=\"https:\/\/www.oakclinic-group.com\/sumiyoshi\/fujinka\/\">\r\n        Sumiyoshi\r\n       <\/a>\r\n<\/span>\r\n<\/p>\r\n<\/div>\r\n<!-- \u5404\u30af\u30ea\u30cb\u30c3\u30af \u3053\u3053\u307e\u3067 -->\r\n<div class=\"section-dept__content01_text mt30\">\r\n<div class=\"treatment_cap\">\r\n<div class=\"align_left mb10 pl10 pr10\">\r\n<p>\r\n        Ph\u1eabu thu\u1eadt ph\u00e1 thai c\u1ea7n ph\u1ea3i \u0111\u1eb7t h\u1eb9n tr\u01b0\u1edbc khi \u0111\u1ebfn kh\u00e1m.\r\n        <br\/>\r\n        Th\u00f4ng th\u01b0\u1eddng, sau khi th\u1ef1c hi\u1ec7n 3 l\u1ea7n ti\u1ec1n x\u1eed l\u00fd, b\u1ec7nh nh\u00e2n s\u1ebd nh\u1eadp vi\u1ec7n, nh\u01b0ng s\u1ed1 l\u1ea7n ti\u1ec1n x\u1eed l\u00fd s\u1ebd kh\u00e1c nhau t\u00f9y thu\u1ed9c v\u00e0o s\u1ed1 tu\u1ea7n thai v\u00e0 k\u00edch th\u01b0\u1edbc c\u1ee7a thai nhi.\r\n        <br\/>\r\n        \u203bS\u1ed1 ti\u1ec1n ghi tr\u00ean c\u00f3 th\u1ec3 thay \u0111\u1ed5i m\u00e0 kh\u00f4ng c\u1ea7n th\u00f4ng b\u00e1o tr\u01b0\u1edbc. \r\n       <\/p>\r\n<\/div>\r\n<div class=\"treatment00\">\r\n<div class=\"treatment01\">\r\n<p class=\"headline mb10\">\r\n<a href=\"#schedule\">\r\n          L\u1ecbch kh\u00e1m b\u1ec7nh\r\n          <img decoding=\"async\" alt=\"\u4e38\u30dc\u30bf\u30f3\" src=\"https:\/\/www.oakclinic-group.com\/wp\/wp-content\/themes\/oak-clinic\/assets\/images\/funin\/headline_circle_btn.png\"\/>\r\n<\/a>\r\n<\/p>\r\n<\/div>\r\n<div class=\"treatment01\">\r\n<p class=\"headline mb10\">\r\n<a href=\"#hospitalization\">\r\n          V\u1ec1 vi\u1ec7c nh\u1eadp vi\u1ec7n\r\n          <img decoding=\"async\" alt=\"\u4e38\u30dc\u30bf\u30f3\" src=\"https:\/\/www.oakclinic-group.com\/wp\/wp-content\/themes\/oak-clinic\/assets\/images\/funin\/headline_circle_btn.png\"\/>\r\n<\/a>\r\n<\/p>\r\n<\/div>\r\n<div class=\"treatment01\">\r\n<p class=\"headline mb10\">\r\n<a href=\"#reserve\">\r\n          V\u1ec1 \u0111\u1eb7t ch\u1ed7\r\n          <img decoding=\"async\" alt=\"\u4e38\u30dc\u30bf\u30f3\" src=\"https:\/\/www.oakclinic-group.com\/wp\/wp-content\/themes\/oak-clinic\/assets\/images\/funin\/headline_circle_btn.png\"\/>\r\n<\/a>\r\n<\/p>\r\n<\/div>\r\n<\/div>\r\n<\/div>\r\n<h2 class=\"section-dept__content02_title mt50\" id=\"schedule\">\r\n      L\u1ecbch kh\u00e1m b\u1ec7nh\r\n     <\/h2>\r\n<div class=\"section-dept__content02_text\">\r\n<div class=\"fee_box mb20\">\r\n<table>\r\n<tbody>\r\n<tr>\r\n<th class=\"w20_pc\">\r\n           N\u01a1i ti\u1ebfp nh\u1eadn\r\n          <\/th>\r\n<td>\r\n           Gi\u1ea3i th\u00edch v\u1ec1 ph\u1eabu thu\u1eadt, \u0111\u1eb7t l\u1ecbch h\u1eb9n, \r\n           <br class=\"pc_none\"\/>\r\n           x\u00e9t nghi\u1ec7m nh\u00f3m m\u00e1u\r\n           <span class=\"comment_text\">\r\n            \u203b\r\n            <br\/>\r\n            \u203b\u0110\u1eb7t l\u1ecbch ph\u1eabu thu\u1eadt v\u00e0 x\u00e9t nghi\u1ec7m m\u00e1u \u0111\u1ec3 ki\u1ec3m tra nhi\u1ec5m tr\u00f9ng v.v. s\u1ebd \u0111\u01b0\u1ee3c th\u1ef1c hi\u1ec7n c\u00f9ng l\u00fac.\r\n            <br\/>\r\n            Vui l\u00f2ng chu\u1ea9n b\u1ecb chi ph\u00ed x\u00e9t nghi\u1ec7m m\u00e1u [8.770 y\u00ean (9.647 y\u00ean bao g\u1ed3m thu\u1ebf)].\r\n           <\/span>\r\n<\/td>\r\n<\/tr>\r\n<\/tbody>\r\n<\/table>\r\n<\/div>\r\n<p class=\"align_center\">\r\n<img loading=\"lazy\" decoding=\"async\" alt=\"\u77e2\u5370\" height=\"28\" src=\"https:\/\/www.oakclinic-group.com\/wp\/wp-content\/themes\/oak-clinic\/assets\/images\/fujinka\/yajirushi01.gif\" width=\"55\"\/>\r\n<\/p>\r\n<div class=\"fee_box mt20\">\r\n<table>\r\n<tbody>\r\n<tr>\r\n<th class=\"w20_pc\">\r\n           Ng\u00e0y tr\u01b0\u1edbc ph\u1eabu thu\u1eadt\r\n          <\/th>\r\n<td>\r\n           Kh\u00e1m bu\u1ed5i s\u00e1ng:  Th\u1ef1c hi\u1ec7n ti\u1ec1n x\u1eed l\u00fd t\u1ea1i  ph\u00f2ng kh\u00e1m ngo\u1ea1i tr\u00fa\r\n           <br class=\"pc_none\"\/>\r\n           (\u0111\u1eb7t lamellaria ho\u1eb7c lamicell)\r\n           <br\/>\r\n           Kh\u00e1m ban \u0111\u00eam: Th\u1ef1c hi\u1ec7n ti\u1ec1n x\u1eed l\u00fd t\u1ea1i ph\u00f2ng kh\u00e1m ngo\u1ea1i tr\u00fa \r\n           <br class=\"pc_none\"\/>\r\n           (\u0111\u1eb7t lamellaria ho\u1eb7c lamicell) \r\n          <\/td>\r\n<\/tr>\r\n<\/tbody>\r\n<\/table>\r\n<\/div>\r\n<p class=\"align_center\">\r\n<img loading=\"lazy\" decoding=\"async\" alt=\"\u77e2\u5370\" height=\"28\" src=\"https:\/\/www.oakclinic-group.com\/wp\/wp-content\/themes\/oak-clinic\/assets\/images\/fujinka\/yajirushi01.gif\" width=\"55\"\/>\r\n<\/p>\r\n<div class=\"fee_box mt20\">\r\n<table>\r\n<tbody>\r\n<tr>\r\n<th class=\"w20_pc\">\r\n           Ng\u00e0y ph\u1eabu thu\u1eadt\r\n          <\/th>\r\n<td>\r\n<p class=\"float_right\">\r\n<img loading=\"lazy\" decoding=\"async\" alt=\"\u624b\u8853\u5f53\u65e5\" height=\"73\" src=\"https:\/\/www.oakclinic-group.com\/wp\/wp-content\/themes\/oak-clinic\/assets\/images\/fujinka\/hinin_img06.jpg\" width=\"109\"\/>\r\n<\/p>\r\n<p>\r\n            Kh\u00e1m bu\u1ed5i s\u00e1ng: Th\u1ef1c hi\u1ec7n ti\u1ec1n x\u1eed l\u00fd t\u1ea1i ph\u00f2ng kh\u00e1m ngo\u1ea1i tr\u00fa \r\n            <br class=\"pc_none\"\/>\r\n            (\u0111\u1eb7t lamellaria ho\u1eb7c lamicell)\r\n            <br\/>\r\n            Chi\u1ec1u t\u1ed1i: Nh\u1eadp vi\u1ec7n\r\n           <\/p>\r\n<\/td>\r\n<\/tr>\r\n<\/tbody>\r\n<\/table>\r\n<\/div>\r\n<p class=\"align_center\">\r\n<img loading=\"lazy\" decoding=\"async\" alt=\"\u77e2\u5370\" height=\"28\" src=\"https:\/\/www.oakclinic-group.com\/wp\/wp-content\/themes\/oak-clinic\/assets\/images\/fujinka\/yajirushi01.gif\" width=\"55\"\/>\r\n<\/p>\r\n<div class=\"fee_box mt20\">\r\n<table>\r\n<tbody>\r\n<tr>\r\n<th class=\"w20_pc\">\r\n           Ph\u1eabu thu\u1eadt\r\n          <\/th>\r\n<td>\r\n           Sau khi ph\u1eabu thu\u1eadt k\u1ebft th\u00fac, b\u1ec7nh nh\u00e2n s\u1ebd \u0111\u01b0\u1ee3c ngh\u1ec9 ng\u01a1i v\u00e0i gi\u1edd tr\u01b0\u1edbc khi v\u1ec1 nh\u00e0.\r\n          <\/td>\r\n<\/tr>\r\n<\/tbody>\r\n<\/table>\r\n<\/div>\r\n<p class=\"align_center\">\r\n<img loading=\"lazy\" decoding=\"async\" alt=\"\u77e2\u5370\" height=\"28\" src=\"https:\/\/www.oakclinic-group.com\/wp\/wp-content\/themes\/oak-clinic\/assets\/images\/fujinka\/yajirushi01.gif\" width=\"55\"\/>\r\n<\/p>\r\n<div class=\"fee_box mt20\">\r\n<table>\r\n<tbody>\r\n<tr>\r\n<th class=\"w20_pc\">\r\n           Ng\u00e0y h\u00f4m sau ph\u1eabu thu\u1eadt\r\n          <\/th>\r\n<td>\r\n<p class=\"float_right\">\r\n<img loading=\"lazy\" decoding=\"async\" alt=\"Ng\u00e0y h\u00f4m sau ph\u1eabu thu\u1eadt\" height=\"73\" src=\"https:\/\/www.oakclinic-group.com\/wp\/wp-content\/themes\/oak-clinic\/assets\/images\/fujinka\/hinin_img05.jpg\" width=\"110\"\/>\r\n<\/p>\r\n<p>\r\n            Kh\u00e1m ngo\u1ea1i tr\u00fa\r\n           <\/p>\r\n<\/td>\r\n<\/tr>\r\n<\/tbody>\r\n<\/table>\r\n<\/div>\r\n<\/div>\r\n<h2 class=\"section-dept__content02_title\" id=\"hospitalization\">\r\n      V\u1ec1 vi\u1ec7c nh\u1eadp vi\u1ec7n\r\n     <\/h2>\r\n<div class=\"section-dept__content02_text\">\r\n<p class=\"float_right nonfloat_img ml0 mr0\">\r\n<img decoding=\"async\" alt=\"V\u1ec1 vi\u1ec7c nh\u1eadp vi\u1ec7n\" src=\"https:\/\/www.oakclinic-group.com\/wp\/wp-content\/themes\/oak-clinic\/assets\/images\/funin\/surgery_room_img.jpg\" width=\"70%\"\/>\r\n<\/p>\r\n<p>\r\n       B\u1ec7nh vi\u1ec7n c\u1ee7a ch\u00fang t\u00f4i \u0111\u01b0\u1ee3c trang b\u1ecb \u0111\u1ea7y \u0111\u1ee7 c\u00e1c thi\u1ebft b\u1ecb nh\u1eadp vi\u1ec7n, khi th\u1ef1c hi\u1ec7n ph\u1eabu thu\u1eadt ph\u00e1 thai giai \u0111o\u1ea1n gi\u1eefa thai k\u1ef3, b\u1ec7nh nh\u00e2n s\u1ebd \u0111\u01b0\u1ee3c nh\u1eadp vi\u1ec7n v\u00e0o ph\u00f2ng ri\u00eang.\r\n       <br\/>\r\n       Th\u1eddi gian kh\u00e1c nhau t\u00f9y theo s\u1ed1 tu\u1ea7n, nh\u01b0ng th\u01b0\u1eddng l\u00e0 1 \u0111\u00eam 2 ng\u00e0y.\r\n      <\/p>\r\n<p>\r\n       Khi nh\u1eadp vi\u1ec7n, ngo\u00e0i b\u0103ng v\u1ec7 sinh v\u00e0 qu\u1ea7n l\u00f3t, b\u1ea1n kh\u00f4ng c\u1ea7n chu\u1ea9n b\u1ecb th\u00eam b\u1ea5t k\u1ef3 th\u1ee9 g\u00ec kh\u00e1c.\r\n       <br\/>\r\n       Kh\u0103n t\u1eafm, \u0111\u1ed3 ng\u1ee7, v.v. s\u1ebd \u0111\u01b0\u1ee3c b\u1ec7nh vi\u1ec7n chu\u1ea9n b\u1ecb s\u1eb5n.\r\n      <\/p>\r\n<\/div>\r\n<\/div>\r\n<h2 class=\"section-dept__content03_title\" id=\"reserve\">\r\n     V\u1ec1 \u0111\u1eb7t ch\u1ed7\r\n    <\/h2>\r\n<div class=\"section-dept__content03_text\">\r\n<p>\r\n      Vui l\u00f2ng g\u1ecdi \u0111i\u1ec7n tho\u1ea1i trong gi\u1edd l\u00e0m vi\u1ec7c \u0111\u1ec3 \u0111\u1eb7t l\u1ecbch h\u1eb9n.\r\n     <\/p>\r\n<!-- #BeginLibraryItem \"\/Library\/fujinka_ginza.lbi\" -->\r\n<section class=\"section-top__item_b_box2 text_frame color_gray align_center ml0 mr0\">\r\n<div class=\"sp_wrapper\">\r\n<p class=\"pb0 mb-5\">\r\n        M\u1ed7i  b\u1ec7nh vi\u1ec7n s\u1ebd c\u00f3 c\u00e1c khoa chuy\u00ean bi\u1ec7t kh\u00e1c nhau, vui l\u00f2ng li\u00ean h\u1ec7 tr\u01b0\u1edbc khi \u0111\u1ebfn b\u1ec7nh vi\u1ec7n.\r\n        <br\/>\r\n        C\u01a1 s\u1edf Ginza ch\u1ec9 \u0111i\u1ec1u tr\u1ecb v\u00f4 sinh.\r\n       <\/p>\r\n<\/div>\r\n<\/section>\r\n<!-- #EndLibraryItem -->\r\n<div class=\"text_frame3 align_center mt25 mb25\">\n  <p class=\"frame3_title rem17\">Hi\u1ec7p h\u1ed9i y t\u1ebf Oak <br class=\"pc_none\">Li\u00ean h\u1ec7\u30fb\u0110\u1eb7t h\u1eb9n S\u1ed1 \u0111i\u1ec7n tho\u1ea1i<\/p>\n  <p class=\"mb0 rem20\"><a class=\"tel\" href=\"tel:0120-009-345\">0120-009-345<\/a><\/p>\n  <p>\u3010Th\u1eddi gian ti\u1ebfp nh\u1eadn\u3011<br>\n    Th\u1ee9 Hai \u0111\u1ebfn Th\u1ee9 B\u1ea3y, 9:00 \u0111\u1ebfn 17:00 <br>\n    (tr\u1eeb ng\u00e0y l\u1ec5, cu\u1ed1i n\u0103m v\u00e0 \u0111\u1ea7u n\u0103m)<br>\n    \u203b\u0110\u0103ng k\u00fd \u0111\u1eb7t ch\u1ed7 <br class=\"pc_none\">c\u0169ng \u0111\u01b0\u1ee3c nh\u1eadn <br class=\"pc_none\">v\u00e0o c\u00e1c ng\u00e0y l\u1ec5 (9:00~17:00).<\/p>\n  <p class=\"mt20\">\u203bT\u1eeb n\u01b0\u1edbc ngo\u00e0i v\u00e0 m\u1ed9t s\u1ed1 h\u00f2n \u0111\u1ea3o xa x\u00f4i trong n\u01b0\u1edbc, kh\u00f4ng th\u1ec3 s\u1eed d\u1ee5ng s\u1ed1 \u0111i\u1ec7n tho\u1ea1i tr\u00ean. Trong tr\u01b0\u1eddng h\u1ee3p \u0111\u00f3, vui l\u00f2ng g\u1ecdi \u0111\u1ebfn s\u1ed1 \u0111i\u1ec7n tho\u1ea1i sau:<br>\n    TEL <a class=\"tel rem14\" href=\"tel:06-4398-1000\">06-4398-1000<\/a> <br class=\"pc_none\">(C\u1ea7n tr\u1ea3 ph\u00ed cu\u1ed9c g\u1ecdi)<\/p>\n  \u00a0\n  <hr style=\"width: 100%;\">\n  <p>Li\u00ean h\u1ec7 qua email t\u1ea1i \u0111\u00e2y<\/p>\n  <p><a href=\"mailto:oak_online@oakclinic-group.com\">oak_online@oakclinic-group.com<\/a><\/p>\n  <p>\u203bSau khi nh\u1eadn \u0111\u01b0\u1ee3c email, nh\u00e2n vi\u00ean ph\u1ee5 tr\u00e1ch s\u1ebd li\u00ean h\u1ec7 l\u1ea1i v\u1edbi qu\u00fd kh\u00e1ch theo th\u1ee9 t\u1ef1.<br>\n    \u203bN\u1ebfu qu\u00fd kh\u00e1ch c\u1ea7n gi\u1ea3i quy\u1ebft g\u1ea5p, vui l\u00f2ng li\u00ean h\u1ec7 qua \u0111i\u1ec7n tho\u1ea1i.<\/p>\n<\/div>\r\n<div class=\"section-top__item_top_area clearfix mt50 pt0 mb100\">\r\n<h2 class=\"section-dept__content02_title mb20\">\r\n       Th\u00f4ng tin v\u1ec1 ph\u00f2ng kh\u00e1m\r\n      <\/h2>\r\n<ul class=\"w100\">\r\n<li class=\"index_btn\">\r\n<a href=\"https:\/\/www.oakclinic-group.com\/sumiyoshi\/fujinka\/\">\r\n<div class=\"btn-photo bg-sumiyoshi\">\r\n<p class=\"btn-text\">\r\n           Ph\u00f2ng kh\u00e1m s\u1ea3n ph\u1ee5 khoa Oak Sumiyoshi\r\n          <\/p>\r\n<\/div>\r\n<\/a>\r\n<\/li>\r\n<!--   <li class=\"index_btn\"> <a href=\"[wp_url]\/namba_ladys\/fujinka\/\">\r\n            <div class=\"btn-photo bg-namba\">\r\n              <p class=\"btn-text\">\u30aa\u30fc\u30af\u306a\u3093\u3070<br>\r\n                \u30ec\u30c7\u30a3\u30fc\u30b9\u30af\u30ea\u30cb\u30c3\u30af<\/p>\r\n            <\/div>\r\n            <\/a> <\/li>\r\n        <\/ul>\r\n        <ul class=\"w100\">\r\n          <li class=\"index_btn\"> <a href=\"[wp_url]\/umeda_ladys\/fujinka\/\">\r\n            <div class=\"btn-photo bg-umeda\">\r\n              <p class=\"btn-text\">\u30aa\u30fc\u30af\u6885\u7530<br>\r\n                \u30ec\u30c7\u30a3\u30fc\u30b9\u30af\u30ea\u30cb\u30c3\u30af<\/p>\r\n            <\/div>\r\n            <\/a> <\/li>\r\n          <li class=\"index_btn\"> <a href=\"[wp_url]\/ginza_ladys\/fujinka\/\">\r\n            <div class=\"btn-photo bg-ginza\">\r\n              <p class=\"btn-text\">\u30aa\u30fc\u30af\u9280\u5ea7<br>\r\n                \u30ec\u30c7\u30a3\u30fc\u30b9\u30af\u30ea\u30cb\u30c3\u30af<\/p>\r\n            <\/div>\r\n            <\/a> <\/li>-->\r\n<\/ul>\r\n<\/div>\r\n<\/div>\r\n<\/section>\r\n<\/div>\r\n<\/div>\r\n<!-- section-dept__container end -->","protected":false},"excerpt":{"rendered":"Ph\u00e1 thai trong giai \u0111o\u1ea1n gi\u1eefa (t\u1eeb 12 tu\u1ea7n \u0111\u1ebfn d\u01b0\u1edbi 22 tu\u1ea7n): L\u1ecbch kh\u00e1m thai th\u00f4ng th\u01b0\u1eddng Sumiyoshi Ph\u1eabu thu\u1eadt ph\u00e1 thai c\u1ea7n ph\u1ea3i \u0111\u1eb7t h\u1eb9n tr\u01b0\u1edbc khi \u0111\u1ebfn kh\u00e1m. Th\u00f4ng th\u01b0\u1eddng, sau khi th\u1ef1c hi\u1ec7n 3 l\u1ea7n ti\u1ec1n x\u1eed l\u00fd, b\u1ec7nh nh\u00e2n s\u1ebd nh\u1eadp vi\u1ec7n, nh\u01b0ng s\u1ed1 l\u1ea7n ti\u1ec1n x\u1eed l\u00fd s\u1ebd kh\u00e1c [&hellip;]","protected":false},"author":5,"featured_media":0,"parent":7132,"menu_order":708,"comment_status":"closed","ping_status":"closed","template":"","meta":{"_locale":"vi","_original_post":"https:\/\/www.oakclinic-group.com\/wp\/?page_id=761","footnotes":""},"class_list":["post-7151","page","type-page","status-publish","hentry","vi"],"_links":{"self":[{"href":"https:\/\/www.oakclinic-group.com\/wp-json\/wp\/v2\/pages\/7151","targetHints":{"allow":["GET"]}}],"collection":[{"href":"https:\/\/www.oakclinic-group.com\/wp-json\/wp\/v2\/pages"}],"about":[{"href":"https:\/\/www.oakclinic-group.com\/wp-json\/wp\/v2\/types\/page"}],"author":[{"embeddable":true,"href":"https:\/\/www.oakclinic-group.com\/wp-json\/wp\/v2\/users\/5"}],"replies":[{"embeddable":true,"href":"https:\/\/www.oakclinic-group.com\/wp-json\/wp\/v2\/comments?post=7151"}],"version-history":[{"count":2,"href":"https:\/\/www.oakclinic-group.com\/wp-json\/wp\/v2\/pages\/7151\/revisions"}],"predecessor-version":[{"id":7177,"href":"https:\/\/www.oakclinic-group.com\/wp-json\/wp\/v2\/pages\/7151\/revisions\/7177"}],"up":[{"embeddable":true,"href":"https:\/\/www.oakclinic-group.com\/wp-json\/wp\/v2\/pages\/7132"}],"wp:attachment":[{"href":"https:\/\/www.oakclinic-group.com\/wp-json\/wp\/v2\/media?parent=7151"}],"curies":[{"name":"wp","href":"https:\/\/api.w.org\/{rel}","templated":true}]}}