{"id":7149,"date":"2026-04-07T14:55:51","date_gmt":"2026-04-07T05:55:51","guid":{"rendered":"https:\/\/www.oakclinic-group.com\/?page_id=7149"},"modified":"2026-04-08T11:05:35","modified_gmt":"2026-04-08T02:05:35","slug":"aus_chuki02","status":"publish","type":"page","link":"https:\/\/www.oakclinic-group.com\/vi\/fujinka\/aus_chuki02\/","title":{"rendered":"Ph\u00e1 thai giai \u0111o\u1ea1n gi\u1eefa: Quy tr\u00ecnh ph\u1eabu thu\u1eadt"},"content":{"rendered":"<div class=\"section-dept__container\">\r\n<div class=\"section-dept__first_content\">\r\n<section class=\"section-dept__content01\">\r\n<h1 class=\"section-dept__content01_title\">\r\n<span style=\"font-size: 0.75em;\">\r\n      Ph\u00e1 thai trong giai \u0111o\u1ea1n gi\u1eefa (t\u1eeb 12 tu\u1ea7n \u0111\u1ebfn d\u01b0\u1edbi 22 tu\u1ea7n):\r\n     <\/span>\r\n     Quy tr\u00ecnh ph\u1eabu thu\u1eadt\r\n    <\/h1>\r\n<!-- \u5404\u30af\u30ea\u30cb\u30c3\u30af -->\r\n<div class=\"float_right mt20 mb0\">\r\n<p class=\"mb0\">\r\n<span class=\"text_frame2\">\r\n<a href=\"https:\/\/www.oakclinic-group.com\/sumiyoshi\/fujinka\/\">\r\n        \u4f4f\u5409\r\n       <\/a>\r\n<\/span>\r\n<\/p>\r\n<\/div>\r\n<!-- \u5404\u30af\u30ea\u30cb\u30c3\u30af \u3053\u3053\u307e\u3067 -->\r\n<div class=\"section-dept__content01_text mt30\">\r\n<div class=\"treatment_cap\">\r\n<div class=\"align_left mb10 pl10 pr10\">\r\n<p>\r\n        Ph\u1eabu thu\u1eadt ph\u00e1 thai c\u1ea7n ph\u1ea3i \u0111\u1eb7t h\u1eb9n tr\u01b0\u1edbc khi \u0111\u1ebfn kh\u00e1m.\r\n        <br\/>\r\n        Th\u00f4ng th\u01b0\u1eddng, sau khi th\u1ef1c hi\u1ec7n 3 l\u1ea7n ti\u1ec1n x\u1eed l\u00fd, b\u1ec7nh nh\u00e2n s\u1ebd nh\u1eadp vi\u1ec7n, nh\u01b0ng s\u1ed1 l\u1ea7n ti\u1ec1n x\u1eed l\u00fd s\u1ebd kh\u00e1c nhau t\u00f9y thu\u1ed9c v\u00e0o s\u1ed1 tu\u1ea7n thai v\u00e0 k\u00edch th\u01b0\u1edbc c\u1ee7a thai nhi. \r\n        <br\/>\r\n        \u203bS\u1ed1 ti\u1ec1n ghi tr\u00ean c\u00f3 th\u1ec3 thay \u0111\u1ed5i m\u00e0 kh\u00f4ng c\u1ea7n th\u00f4ng b\u00e1o tr\u01b0\u1edbc.\r\n       <\/p>\r\n<\/div>\r\n<div class=\"treatment00\">\r\n<div class=\"treatment01\">\r\n<p class=\"headline mb10\">\r\n<a href=\"#pretreatment\">\r\n          Ti\u1ec1n x\u1eed l\u00fd\r\n          <img decoding=\"async\" alt=\"\u4e38\u30dc\u30bf\u30f3\" src=\"https:\/\/www.oakclinic-group.com\/wp\/wp-content\/themes\/oak-clinic\/assets\/images\/funin\/headline_circle_btn.png\"\/>\r\n<\/a>\r\n<\/p>\r\n<\/div>\r\n<div class=\"treatment01\">\r\n<p class=\"headline mb10\">\r\n<a href=\"#abortion_surgery\">\r\n          Ph\u1eabu thu\u1eadt ph\u00e1 thai\r\n          <img decoding=\"async\" alt=\"\u4e38\u30dc\u30bf\u30f3\" src=\"https:\/\/www.oakclinic-group.com\/wp\/wp-content\/themes\/oak-clinic\/assets\/images\/funin\/headline_circle_btn.png\"\/>\r\n<\/a>\r\n<\/p>\r\n<\/div>\r\n<div class=\"treatment01\">\r\n<p class=\"headline mb10\">\r\n<a href=\"#reserve\">\r\n          V\u1ec1 \u0111\u1eb7t ch\u1ed7\r\n          <img decoding=\"async\" alt=\"\u4e38\u30dc\u30bf\u30f3\" src=\"https:\/\/www.oakclinic-group.com\/wp\/wp-content\/themes\/oak-clinic\/assets\/images\/funin\/headline_circle_btn.png\"\/>\r\n<\/a>\r\n<\/p>\r\n<\/div>\r\n<\/div>\r\n<\/div>\r\n<h2 class=\"section-dept__content02_title mt50\" id=\"pretreatment\">\r\n      Ti\u1ec1n x\u1eed l\u00fd\r\n     <\/h2>\r\n<div class=\"section-dept__content02_text\">\r\n<div class=\"text_frame\">\r\n<p class=\"float_right nonfloat_img\">\r\n<img loading=\"lazy\" decoding=\"async\" alt=\"Laminaria rod\" height=\"111\" src=\"[assets_vi]\/images\/fujinka\/chu-01.png\" width=\"215\"\/>\r\n<\/p>\r\n<p>\r\n        \u0110\u1ec3 c\u1ed5 t\u1eed cung c\u00f3 th\u1ec3 m\u1edf ra m\u1ed9t c\u00e1ch d\u1ec5 d\u00e0ng trong qu\u00e1 tr\u00ecnh ph\u1eabu thu\u1eadt ph\u00e1 thai, tr\u01b0\u1edbc khi ph\u1eabu thu\u1eadt, b\u1ec7nh nh\u00e2n s\u1ebd \u0111\u01b0\u1ee3c th\u1ef1c hi\u1ec7n \"quy tr\u00ecnh ti\u1ec1n x\u1eed l\u00fd\" t\u1ea1i ph\u00f2ng kh\u00e1m ngo\u1ea1i tr\u00fa.\r\n        <br\/>\r\n        \u0110\u00e2y l\u00e0 th\u1ee7 thu\u1eadt \u0111\u01b0a m\u1ed9t thanh m\u1ecfng g\u1ecdi l\u00e0 thanh laminaria (ho\u1eb7c laminaria) v\u00e0o c\u1ed5 t\u1eed cung (l\u1ed1i v\u00e0o t\u1eed cung).\r\n        <br\/>\r\n        \u0110i\u1ec1u tr\u1ecb n\u00e0y \u0111\u01b0\u1ee3c l\u1eb7p l\u1ea1i trong kho\u1ea3ng 2 ng\u00e0y, t\u0103ng d\u1ea7n s\u1ed1 l\u01b0\u1ee3ng \u0111\u1ec3 m\u1edf r\u1ed9ng c\u1ed5 t\u1eed cung.\r\n        <br\/>\r\n        S\u1ed1 l\u1ea7n s\u1ebd kh\u00e1c nhau t\u00f9y theo s\u1ed1 tu\u1ea7n thai, k\u00edch th\u01b0\u1edbc thai nhi, t\u00ecnh tr\u1ea1ng c\u1ed5 t\u1eed cung c\u1ee7a m\u1ed7i b\u1ec7nh  nh\u00e2n, v.v.\r\n       <\/p>\r\n<div class=\"text_frame color_gray\" style=\"clear: both;\">\r\n<p>\r\n         \u203bLaminaria rod, Laminaria cell\r\n         <br\/>\r\n         M\u1ed9t v\u1eadt h\u00ecnh que m\u1ea3nh.\r\n         <br\/>\r\n         H\u1ea5p th\u1ee5 n\u01b0\u1edbc v\u00e0 d\u1ea7n d\u1ea7n n\u1edf ra, m\u1edf r\u1ed9ng c\u1ed5 t\u1eed cung.\r\n         <br\/>\r\n         Trong tr\u01b0\u1eddng h\u1ee3p ph\u00e1 thai gi\u1eefa k\u1ef3, s\u1ebd l\u1eb7p l\u1ea1i nhi\u1ec1u l\u1ea7n th\u1ee7 thu\u1eadt chu\u1ea9n b\u1ecb tr\u01b0\u1edbc khi t\u0103ng s\u1ed1 l\u01b0\u1ee3ng, cu\u1ed1i c\u00f9ng s\u1ebd \u0111\u01b0a v\u00e0o h\u01a1n m\u01b0\u1eddi que.\r\n        <\/p>\r\n<\/div>\r\n<\/div>\r\n<h2 class=\"section-dept__content02_title mt50\" id=\"abortion_surgery\">\r\n       Ph\u1eabu thu\u1eadt ph\u00e1 thai\r\n      <\/h2>\r\n<p>\r\n       Khi c\u1ed5 t\u1eed cung m\u1edf r\u1ed9ng \u0111\u1ebfn m\u1ed9t m\u1ee9c \u0111\u1ed9 nh\u1ea5t \u0111\u1ecbnh, b\u1ec7nh nh\u00e2n s\u1ebd \u0111\u01b0\u1ee3c nh\u1eadp vi\u1ec7n v\u00e0o ph\u00f2ng ri\u00eang.\r\n      <\/p>\r\n<div class=\"text_frame\">\r\n<p>\r\n        Ng\u01b0\u1eddi ta s\u1ebd \u0111\u01b0a m\u1ed9t v\u1eadt gi\u1ed1ng nh\u01b0 qu\u1ea3 b\u00f3ng n\u01b0\u1edbc c\u00f3 t\u00ean l\u00e0 Metroidinter (th\u01b0\u1eddng \u0111\u01b0\u1ee3c g\u1ecdi l\u00e0 \"b\u00f3ng\") v\u00e0o trong t\u1eed cung, sau \u0111\u00f3 k\u00e9o n\u00f3 \u0111\u1ec3 k\u00edch th\u00edch t\u1eed cung co b\u00f3p, t\u1eeb \u0111\u00f3 gi\u00fap m\u1edf r\u1ed9ng c\u1ed5 t\u1eed cung h\u01a1n n\u1eefa.\r\n       <\/p>\r\n<p class=\"align_center\">\r\n<img loading=\"lazy\" decoding=\"async\" alt=\"Metroidinter\" height=\"169\" src=\"https:\/\/www.oakclinic-group.com\/wp\/wp-content\/themes\/oak-clinic\/assets\/images\/fujinka\/chu-05.png\" width=\"533\"\/>\r\n<\/p>\r\n<div class=\"text_frame color_gray\" style=\"clear: both;\">\r\n<p>\r\n         \u203bMetroidinter\r\n         <br\/>\r\n         \u0110\u1eb7t v\u00e0o t\u1eed cung trong tr\u1ea1ng th\u00e1i x\u1eb9p, sau \u0111\u00f3 d\u00f9ng \u1ed1ng ti\u00eam b\u01a1m 150ml n\u01b0\u1edbc c\u1ea5t v\u00e0o b\u00f3ng.\r\n         <br\/>\r\n         Trong m\u1ed9t \u0111\u00eam, d\u00f9ng tr\u1ecdng l\u01b0\u1ee3ng 400g \u0111\u1ec3 k\u00e9o v\u00e0 m\u1edf r\u1ed9ng c\u1ed5 t\u1eed cung.\r\n        <\/p>\r\n<\/div>\r\n<\/div>\r\n<p class=\"align_center\">\r\n<img loading=\"lazy\" decoding=\"async\" alt=\"\u77e2\u5370\" height=\"28\" src=\"https:\/\/www.oakclinic-group.com\/wp\/wp-content\/themes\/oak-clinic\/assets\/images\/fujinka\/yajirushi01.gif\" width=\"55\"\/>\r\n<\/p>\r\n<div class=\"text_frame clearfix\">\r\n<p>\r\n        Khi b\u00f3ng bay tho\u00e1t ra, s\u1eed d\u1ee5ng thu\u1ed1c k\u00edch th\u00edch co t\u1eed cung c\u00f3 t\u00ean l\u00e0 Pregrandin \u0111\u1ec3 g\u00e2y ra c\u01a1n \u0111au \u0111\u1ebb nh\u00e2n t\u1ea1o, v\u00e0 sinh con theo h\u00ecnh th\u1ee9c t\u01b0\u01a1ng t\u1ef1 nh\u01b0 sinh th\u01b0\u1eddng. \r\n        <br\/>\r\n        Kh\u00f4ng s\u1eed d\u1ee5ng thu\u1ed1c g\u00e2y m\u00ea.\r\n       <\/p>\r\n<\/div>\r\n<\/div>\r\n<\/div>\r\n<h2 class=\"section-dept__content02_title mt10\" id=\"reserve\">\r\n     V\u1ec1 \u0111\u1eb7t ch\u1ed7\r\n    <\/h2>\r\n<div class=\"section-dept__content03_text\">\r\n<p>\r\n      Vui l\u00f2ng g\u1ecdi \u0111i\u1ec7n tho\u1ea1i trong gi\u1edd l\u00e0m vi\u1ec7c \u0111\u1ec3 \u0111\u1eb7t l\u1ecbch h\u1eb9n.\r\n     <\/p>\r\n<!-- #BeginLibraryItem \"\/Library\/fujinka_ginza.lbi\" -->\r\n<section class=\"section-top__item_b_box2 text_frame color_gray align_center ml0 mr0\">\r\n<div class=\"sp_wrapper\">\r\n<p class=\"pb0 mb-5\">\r\n        M\u1ed7i b\u1ec7nh vi\u1ec7n c\u00f3 c\u00e1c khoa chuy\u00ean bi\u1ec7t kh\u00e1c nhau,  vui l\u00f2ng li\u00ean h\u1ec7 tr\u01b0\u1edbc khi \u0111\u1ebfn b\u1ec7nh vi\u1ec7n.\r\n        <br\/>\r\n        C\u01a1 s\u1edf Ginza ch\u1ec9 \u0111i\u1ec1u tr\u1ecb v\u00f4 sinh.\r\n       <\/p>\r\n<\/div>\r\n<\/section>\r\n<!-- #EndLibraryItem -->\r\n\r\n<div class=\"section-top__item_top_area clearfix mt50 pt0 mb100\">\r\n<h2 class=\"section-dept__content02_title mb20\">\r\n       Th\u00f4ng tin v\u1ec1 ph\u00f2ng kh\u00e1m\r\n      <\/h2>\r\n<ul class=\"w100\">\r\n<li class=\"index_btn\">\r\n<a href=\"https:\/\/www.oakclinic-group.com\/sumiyoshi\/fujinka\/\">\r\n<div class=\"btn-photo bg-sumiyoshi\">\r\n<p class=\"btn-text\">\r\n           Ph\u00f2ng kh\u00e1m s\u1ea3n ph\u1ee5 khoa Oak Sumiyosh\r\n          <\/p>\r\n<\/div>\r\n<\/a>\r\n<\/li>\r\n<!--<li class=\"index_btn\"> <a href=\"[wp_url]\/namba_ladys\/fujinka\/\">\r\n            <div class=\"btn-photo bg-namba\">\r\n              <p class=\"btn-text\">\u30aa\u30fc\u30af\u306a\u3093\u3070<br>\r\n                \u30ec\u30c7\u30a3\u30fc\u30b9\u30af\u30ea\u30cb\u30c3\u30af<\/p>\r\n            <\/div>\r\n            <\/a> <\/li>\r\n        <\/ul>\r\n        <ul class=\"w100\">\r\n          <li class=\"index_btn\"> <a href=\"[wp_url]\/umeda_ladys\/fujinka\/\">\r\n            <div class=\"btn-photo bg-umeda\">\r\n              <p class=\"btn-text\">\u30aa\u30fc\u30af\u6885\u7530<br>\r\n                \u30ec\u30c7\u30a3\u30fc\u30b9\u30af\u30ea\u30cb\u30c3\u30af<\/p>\r\n            <\/div>\r\n            <\/a> <\/li>\r\n          <li class=\"index_btn\"> <a href=\"[wp_url]\/ginza_ladys\/fujinka\/\">\r\n            <div class=\"btn-photo bg-ginza\">\r\n              <p class=\"btn-text\">\u30aa\u30fc\u30af\u9280\u5ea7<br>\r\n                \u30ec\u30c7\u30a3\u30fc\u30b9\u30af\u30ea\u30cb\u30c3\u30af<\/p>\r\n            <\/div>\r\n            <\/a> <\/li>-->\r\n<\/ul>\r\n<\/div>\r\n<\/div>\r\n<\/section>\r\n<\/div>\r\n<\/div>","protected":false},"excerpt":{"rendered":"Ph\u00e1 thai trong giai \u0111o\u1ea1n gi\u1eefa (t\u1eeb 12 tu\u1ea7n \u0111\u1ebfn d\u01b0\u1edbi 22 tu\u1ea7n): Quy tr\u00ecnh ph\u1eabu thu\u1eadt \u4f4f\u5409 Ph\u1eabu thu\u1eadt ph\u00e1 thai c\u1ea7n ph\u1ea3i \u0111\u1eb7t h\u1eb9n tr\u01b0\u1edbc khi \u0111\u1ebfn kh\u00e1m. Th\u00f4ng th\u01b0\u1eddng, sau khi th\u1ef1c hi\u1ec7n 3 l\u1ea7n ti\u1ec1n x\u1eed l\u00fd, b\u1ec7nh nh\u00e2n s\u1ebd nh\u1eadp vi\u1ec7n, nh\u01b0ng s\u1ed1 l\u1ea7n ti\u1ec1n x\u1eed l\u00fd s\u1ebd kh\u00e1c nhau [&hellip;]","protected":false},"author":5,"featured_media":0,"parent":7132,"menu_order":703,"comment_status":"closed","ping_status":"closed","template":"","meta":{"_locale":"vi","_original_post":"https:\/\/www.oakclinic-group.com\/wp\/?page_id=758","footnotes":""},"class_list":["post-7149","page","type-page","status-publish","hentry","vi"],"_links":{"self":[{"href":"https:\/\/www.oakclinic-group.com\/wp-json\/wp\/v2\/pages\/7149","targetHints":{"allow":["GET"]}}],"collection":[{"href":"https:\/\/www.oakclinic-group.com\/wp-json\/wp\/v2\/pages"}],"about":[{"href":"https:\/\/www.oakclinic-group.com\/wp-json\/wp\/v2\/types\/page"}],"author":[{"embeddable":true,"href":"https:\/\/www.oakclinic-group.com\/wp-json\/wp\/v2\/users\/5"}],"replies":[{"embeddable":true,"href":"https:\/\/www.oakclinic-group.com\/wp-json\/wp\/v2\/comments?post=7149"}],"version-history":[{"count":2,"href":"https:\/\/www.oakclinic-group.com\/wp-json\/wp\/v2\/pages\/7149\/revisions"}],"predecessor-version":[{"id":7168,"href":"https:\/\/www.oakclinic-group.com\/wp-json\/wp\/v2\/pages\/7149\/revisions\/7168"}],"up":[{"embeddable":true,"href":"https:\/\/www.oakclinic-group.com\/wp-json\/wp\/v2\/pages\/7132"}],"wp:attachment":[{"href":"https:\/\/www.oakclinic-group.com\/wp-json\/wp\/v2\/media?parent=7149"}],"curies":[{"name":"wp","href":"https:\/\/api.w.org\/{rel}","templated":true}]}}