{"id":7146,"date":"2026-04-07T14:05:32","date_gmt":"2026-04-07T05:05:32","guid":{"rendered":"https:\/\/www.oakclinic-group.com\/?page_id=7146"},"modified":"2026-04-08T11:51:24","modified_gmt":"2026-04-08T02:51:24","slug":"aus_fee","status":"publish","type":"page","link":"https:\/\/www.oakclinic-group.com\/vi\/fujinka\/aus_fee\/","title":{"rendered":"Chi ph\u00ed ph\u1eabu thu\u1eadt ph\u00e1 thai"},"content":{"rendered":"<div class=\"section-dept__container\">\r\n<div class=\"section-dept__first_content\">\r\n<section class=\"section-dept__content01\">\r\n<h1 class=\"section-dept__content01_title\">\r\n     Chi ph\u00ed ph\u1eabu thu\u1eadt ph\u00e1 thai\r\n    <\/h1>\r\n<!-- \u5404\u30af\u30ea\u30cb\u30c3\u30af -->\r\n<div class=\"float_right mt20\">\r\n<p>\r\n<span class=\"text_frame2\">\r\n<a href=\"https:\/\/www.oakclinic-group.com\/sumiyoshi\/fujinka\/\">\r\n        Sumiyoshi\r\n       <\/a>\r\n<\/span>\r\n<\/p>\r\n<\/div>\r\n<!-- \u5404\u30af\u30ea\u30cb\u30c3\u30af -->\r\n<div class=\"treatment_cap mt80\">\r\n<div class=\"align_left mb10 pl10 pr10\">\r\n<p>\r\n       Th\u00f4ng tin v\u1ec1 chi ph\u00ed ph\u1eabu thu\u1eadt ph\u00e1 thai. Chi ph\u00ed kh\u00e1m tr\u01b0\u1edbc v\u00e0 sau ph\u1eabu thu\u1eadt, c\u0169ng nh\u01b0 m\u1ed9t s\u1ed1 lo\u1ea1i thu\u1ed1c k\u00ea \u0111\u01a1n kh\u00f4ng bao g\u1ed3m trong chi ph\u00ed ph\u1eabu thu\u1eadt. Xin l\u01b0u \u00fd r\u1eb1ng c\u00e1c chi ph\u00ed n\u00e0y s\u1ebd \u0111\u01b0\u1ee3c t\u00ednh ri\u00eang.\r\n      <\/p>\r\n<\/div>\r\n<div class=\"treatment00\">\r\n<div class=\"treatment01\">\r\n<p class=\"headline mb10\">\r\n<a href=\"#fee\">\r\n         Chi ph\u00ed ph\u1eabu thu\u1eadt ph\u00e1 thai\r\n         <img decoding=\"async\" alt=\"\u4e38\u30dc\u30bf\u30f3\" src=\"https:\/\/www.oakclinic-group.com\/wp\/wp-content\/themes\/oak-clinic\/assets\/images\/funin\/headline_circle_btn.png\"\/>\r\n<\/a>\r\n<\/p>\r\n<\/div>\r\n<div class=\"treatment01\">\r\n<p class=\"headline mb10\">\r\n<a href=\"#course\">\r\n         Ph\u00e1 thai giai \u0111o\u1ea1n \u0111\u1ea7u c\u00f3 4 g\u00f3i\r\n         <img decoding=\"async\" alt=\"\u4e38\u30dc\u30bf\u30f3\" src=\"https:\/\/www.oakclinic-group.com\/wp\/wp-content\/themes\/oak-clinic\/assets\/images\/funin\/headline_circle_btn.png\"\/>\r\n<\/a>\r\n<\/p>\r\n<\/div>\r\n<div class=\"treatment01\">\r\n<p class=\"headline mb10\">\r\n<a href=\"#reserve\">\r\n         V\u1ec1 \u0111\u1eb7t ch\u1ed7\r\n         <img decoding=\"async\" alt=\"\u4e38\u30dc\u30bf\u30f3\" src=\"https:\/\/www.oakclinic-group.com\/wp\/wp-content\/themes\/oak-clinic\/assets\/images\/funin\/headline_circle_btn.png\"\/>\r\n<\/a>\r\n<\/p>\r\n<\/div>\r\n<\/div>\r\n<\/div>\r\n<div id=\"fee\">\r\n<\/div>\r\n<h2 class=\"section-dept__content02_title mt50\">Chi ph\u00ed ph\u1eabu thu\u1eadt ph\u00e1 thai<\/h2>\r\n<div class=\"section-dept__content02_text\">\r\n                            <div class=\"fee_box\">\r\n                                <table class=\"tbtxt_small tbpg\">\r\n                                    <tbody>\r\n                                        <tr>\r\n                                            <th colspan=\"2\" rowspan=\"2\">Tu\u1ea7n thai<\/th>\r\n                                            <th colspan=\"2\">Chi ph\u00ed<\/th>\r\n                                            <th rowspan=\"2\">Ghi ch\u00fa<\/th>\r\n                                        <\/tr>\r\n                                        <tr>\r\n                                            <th class=\"w20_sp\" data-label=\"Chi ph\u00ed\">(Kh\u00f4ng bao g\u1ed3m thu\u1ebf)<\/th>\r\n                                            <th class=\"w20_sp\" data-label=\"\">(Bao g\u1ed3m thu\u1ebf)<\/th>\r\n                                        <\/tr>\r\n                                        <tr>\r\n                                            <td rowspan=\"2\" class=\"color_gray ol w5_sp\" data-label=\"Chi ph\u00ed\">Ph\u00e1 thai giai \u0111o\u1ea1n \u0111\u1ea7u<\/td>\r\n                                            <td class=\"color_gray w25_sp v_align_top\" data-label=\"\"><!--9\u90316\u65e5\u307e\u3067-->\u0110\u1ebfn 11 tu\u1ea7n 6 ng\u00e0y<\/td>\r\n                                            <td rowspan=\"2\" class=\"align_right v_align_top\" data-label=\"\">95,000 y\u00ean<\/td>\r\n                                            <td rowspan=\"2\" class=\"align_right v_align_top\" data-label=\"\">104,500 y\u00ean<\/td>\r\n                                            <td rowspan=\"2\" data-label=\"\">\r\n                                                <p class=\"tbtxt_small mb0 list_kome lh_sp_s mb5\">Qu\u00fd kh\u00e1ch c\u00f3 th\u1ec3 ch\u1ecdn g\u00f3i 1 ng\u00e0y ho\u1eb7c g\u00f3i 2 ng\u00e0y (xem b\u1ea3ng d\u01b0\u1edbi \u0111\u00e2y).<\/p>\r\n                                                <p class=\"tbtxt_small mb0 list_kome lh_sp_s mb5\">G\u00f3i v\u1ec1 trong ng\u00e0y<\/p>\r\n                                                <p class=\"tbtxt_small mb0 list_kome lh_sp_s mb5\">Trong tr\u01b0\u1eddng h\u1ee3p sinh m\u1ed5, s\u1ebd t\u00ednh th\u00eam 10,000 y\u00ean (11,000 y\u00ean bao g\u1ed3m thu\u1ebf).<\/p>\r\n                                                <p class=\"tbtxt_small mb0 list_kome lh_sp_s mb5\">Nh\u1eefng ng\u01b0\u1eddi kh\u00f4ng c\u00f3 th\u1ebb nh\u00f3m m\u00e1u s\u1ebd ph\u1ea3i l\u00e0m x\u00e9t nghi\u1ec7m nh\u00f3m m\u00e1u (2,480 y\u00ean (2,728 y\u00ean bao g\u1ed3m thu\u1ebf)).<\/p>\r\n                                                <p class=\"tbtxt_small mb0 list_kome lh_sp_s\">L\u01b0u \u00fd g\u00f3i ng\u00e0y Th\u1ee9 b\u1ea3y s\u1ebd c\u00f3 m\u1ee9c ph\u00ed cao h\u01a1n. Vui l\u00f2ng li\u00ean h\u1ec7 \u0111\u1ec3 bi\u1ebft th\u00eam chi ti\u1ebft.<\/p>\r\n                                                <p class=\"tbtxt_small mb0 list_kome lh_sp_s\">Ph\u01b0\u01a1ng ph\u00e1p MVA (ph\u01b0\u01a1ng ph\u00e1p h\u00fat th\u1ee7 c\u00f4ng) s\u1ebd t\u00ednh th\u00eam 15,000 y\u00ean (16,500 y\u00ean bao g\u1ed3m thu\u1ebf).<\/p>\r\n                                            <\/td>\r\n                                        <\/tr>\r\n                                        <tr>\r\n                                            <!--<td class=\"color_gray w25_sp v_align_top\">10\u90310\u65e5\uff5e<br>\r\n                                                11\u90316\u65e5\u307e\u3067<\/td>\r\n                                            <td class=\"align_right v_align_top\">104,500\u5186<\/td>\r\n                                            <td class=\"align_right v_align_top\">114,950\u5186<\/td>-->\r\n                                        <\/tr>\r\n                                        <tr>\r\n                                            <td class=\"color_gray ol w5_sp\" data-label=\"Chi ph\u00ed\">Mefeego\u00ae Pack<br>(Thu\u1ed1c u\u1ed1ng ph\u00e1 thai)<\/td>\r\n                                            <td class=\"color_gray w25_sp v_align_top\" data-label=\"\">\u0110\u1ebfn m\u1ed1c 9 tu\u1ea7n 0 ng\u00e0y<\/td>\r\n                                            <td class=\"align_right v_align_top\" data-label=\"\">95,000 y\u00ean<!--145,000\u5186--><\/td>\r\n                                            <td class=\"align_right v_align_top\" data-label=\"\">104,500 y\u00ean<!--159,500\u5186--><\/td>\r\n                                            <td style=\"font-size: 14px;\" data-label=\"\">\u25a0Tham kh\u1ea3o<br><a href=\"https:\/\/www.oakclinic-group.com\/fujinka\/mpac\/#m_schedule\" target=\"_blank\" rel=\"noopener\">\u0110\u1ec3 bi\u1ebft th\u00eam chi ti\u1ebft, vui l\u00f2ng xem \"L\u1ecbch kh\u00e1m v\u00e0 chi ph\u00ed c\u1ee7a g\u00f3i Mefeego\u00ae Pack\". Nh\u1ea5p v\u00e0o \u0111\u00e2y\u2192<\/a><\/td>\r\n                                        <\/tr>\r\n                                        <tr>\r\n                                            <td rowspan=\"3\" class=\"color_gray ol w5_sp\" data-label=\"Chi ph\u00ed\">Ph\u00e1 thai giai \u0111o\u1ea1n  gi\u1eefa thai k\u1ef3<\/td>\r\n                                            <td class=\"color_gray w25_sp v_align_top\" data-label=\"\">T\u1eeb 12 tu\u1ea7n 0 ng\u00e0y\uff5e<br>\u0110\u1ebfn 17 tu\u1ea7n 6 ng\u00e0y<\/td>\r\n                                            <td class=\"align_right v_align_top\" data-label=\"\">430,000 y\u00ean<\/td>\r\n                                            <td class=\"align_right v_align_top\" data-label=\"\">473,000 y\u00ean<\/td>\r\n                                            <td rowspan=\"3\" data-label=\"\">\r\n                                                <p class=\"tbtxt_small mb0 list_kome lh_sp_s mb5\">T\u1eeb 1 \u0111\u00eam 2 ng\u00e0y tr\u1edf l\u00ean.<\/p>\r\n                                                <p class=\"tbtxt_small mb0 list_kome lh_sp_s mb5\">\u0110\u1eb7t l\u1ecbch h\u1eb9n \u0111i\u1ec1u tr\u1ecb v\u00e0 x\u00e9t nghi\u1ec7m m\u00e1u \u0111\u1ec3 ph\u00e1t hi\u1ec7n b\u1ec7nh truy\u1ec1n nhi\u1ec5m s\u1ebd \u0111\u01b0\u1ee3c th\u1ef1c hi\u1ec7n c\u00f9ng l\u00fac.<br>Khi \u0111\u1eb7t h\u1eb9n, vui l\u00f2ng chu\u1ea9n b\u1ecb chi ph\u00ed x\u00e9t nghi\u1ec7m m\u00e1u (8.770 y\u00ean (9.647 y\u00ean bao g\u1ed3m thu\u1ebf)).<\/p>\r\n                                                <p class=\"tbtxt_small mb0 list_kome lh_sp_s mb5\">Tu\u1ea7n tu\u1ed5i thai s\u1ebd \u0111\u01b0\u1ee3c x\u00e1c \u0111\u1ecbnh d\u1ef1a tr\u00ean k\u1ebft qu\u1ea3 kh\u00e1m thai.<\/p>\r\n                                            <\/td>\r\n                                        <\/tr>\r\n                                        <tr>\r\n                                            <td class=\"color_gray w25_sp v_align_top\" data-label=\"Chi ph\u00ed\">18 tu\u1ea7n 0 ng\u00e0y\uff5e<br>19 tu\u1ea7n 6 ng\u00e0y<\/td>\r\n                                            <td class=\"align_right v_align_top\" data-label=\"\">530,000 y\u00ean<\/td>\r\n                                            <td class=\"align_right v_align_top\" data-label=\"\">583,000 y\u00ean<\/td>\r\n                                        <\/tr>\r\n                                        <tr>\r\n                                            <td class=\"color_gray w25_sp v_align_top\" data-label=\"Chi ph\u00ed\">20 tu\u1ea7n 0 ng\u00e0y\uff5e<br>21 tu\u1ea7n 6 ng\u00e0y<\/td>\r\n                                            <td class=\"align_right v_align_top\" data-label=\"\">630,000 y\u00ean<\/td>\r\n                                            <td class=\"align_right v_align_top\" data-label=\"\">693,000 y\u00ean<\/td>\r\n                                        <\/tr>\r\n                                    <\/tbody>\r\n                                <\/table>\r\n                            <\/div>\r\n                            \r\n                            \r\n                            <div id=\"course\"><\/div>\r\n                            <h2 class=\"section-dept__content02_title mt50\">Ph\u00e1 thai giai \u0111o\u1ea1n \u0111\u1ea7u thai k\u1ef3 c\u00f3 4 g\u00f3i<\/h2>\r\n                            <div class=\"fee_box\">\r\n                                <table class=\"align_center tbtxt_small\">\r\n                                    <tbody>\r\n                                        <tr>\r\n                                            <th>T\u00ean c\u00e1c g\u00f3i<\/th>\r\n                                            <td class=\"color_gray\">G\u00f3i 1 ng\u00e0y<\/td>\r\n                                            <td class=\"color_gray\">G\u00f3i 2 ng\u00e0y<\/td>\r\n                                            <td class=\"color_gray\">Th\u1ee9 b\u1ea3y<br>\r\n                                                G\u00f3i 1 ng\u00e0y<\/td>\r\n                                            <td class=\"color_gray\">Th\u1ee9 b\u1ea3y<br>\r\n                                                G\u00f3i 2 ng\u00e0y<\/td>\r\n                                        <\/tr>\r\n                                        <tr>\r\n                                            <th data-label=\"T\u00ean c\u00e1c g\u00f3i\">Ng\u00e0y th\u1ef1c hi\u1ec7n<\/th>\r\n                                            <td data-label=\"G\u00f3i 1 ng\u00e0y\">Th\u1ee9 Hai \u0111\u1ebfn Th\u1ee9 S\u00e1u<\/td>\r\n                                            <td data-label=\"G\u00f3i 2 ng\u00e0y\">Th\u1ee9 Ba \u0111\u1ebfn Th\u1ee9 S\u00e1u<\/td>\r\n                                            <td data-label=\"Th\u1ee9 b\u1ea3y G\u00f3i 1 ng\u00e0y\">Th\u1ee9 b\u1ea3y<\/td>\r\n                                            <td data-label=\"Th\u1ee9 b\u1ea3y G\u00f3i 2 ng\u00e0y\">Th\u1ee9 b\u1ea3y<\/td>\r\n                                        <\/tr>\r\n                                    <\/tbody>\r\n                                <\/table>\r\n                            <\/div>\r\n                            <p>L\u1ef1a ch\u1ecdn g\u00f3i 2 ng\u00e0y s\u1ebd kh\u00f4ng ph\u1ea3i nh\u1eadp vi\u1ec7n. Sau khi k\u1ebft th\u00fac, b\u1ec7nh nh\u00e2n s\u1ebd \u0111\u01b0\u1ee3c v\u1ec1 nh\u00e0.<\/p>\r\n                            <div class=\"section-dept__guide_btn_area mt20 mb30\">\r\n                                <ul>\r\n                                    <li class=\"section-dept__guide_btn guide_btn_w\">\r\n                                        <a href=\"https:\/\/www.oakclinic-group.com\/fujinka\/aus_shoki03\/\">\r\n                                            <p>Chi ti\u1ebft l\u1ecbch tr\u00ecnh t\u1ea1i \u0111\u00e2y<\/p>\r\n                                        <\/a>\r\n                                    <\/li>\r\n                                <\/ul>\r\n                            <\/div>\r\n                            <div class=\"mb30\">\r\n                                <ul class=\"list_area\">\r\n                                    <li class=\"list_kome\">Vui l\u00f2ng thanh to\u00e1n tr\u01b0\u1edbc to\u00e0n b\u1ed9 chi ph\u00ed. (C\u00f3 th\u1ec3 s\u1eed d\u1ee5ng th\u1ebb t\u00edn d\u1ee5ng)<\/li>\r\n                                    <li class=\"list_kome\">N\u1ebfu qu\u00fd kh\u00e1ch kh\u00f4ng c\u00f3 m\u1eb7t v\u00e0o \u0111\u00fang th\u1eddi \u0111i\u1ec3m b\u1eaft \u0111\u1ea7u l\u00e0m th\u1ee7 thu\u1eadt, qu\u00fd kh\u00e1ch s\u1ebd ph\u1ea3i thanh to\u00e1n th\u00eam ph\u00ed ph\u00e1t sinh.<\/li>\r\n                                    <li class=\"list_kome\">Nh\u1eefng ng\u01b0\u1eddi c\u00f3 RH \u00e2m (-) c\u00f3 th\u1ec3 ti\u00eam ph\u00f2ng kh\u00e1ng th\u1ec3 D n\u1ebfu mu\u1ed1n. [25.580 y\u00ean (Gi\u00e1 bao g\u1ed3m thu\u1ebf 28.138 y\u00ean) ]<\/li>\r\n                                    <li class=\"list_kome\">Sau khi \u0111i\u1ec1u tr\u1ecb, trung b\u00ecnh c\u1ea7n \u0111\u1ebfn b\u1ec7nh vi\u1ec7n kho\u1ea3ng 3 l\u1ea7n trong tr\u01b0\u1eddng h\u1ee3p ph\u00e1 thai giai \u0111o\u1ea1n \u0111\u1ea7u. Chi ph\u00ed kh\u00e1m sau ph\u1eabu thu\u1eadt \u0111\u00e3 \u0111\u01b0\u1ee3c bao g\u1ed3m trong chi ph\u00ed \u0111i\u1ec1u tr\u1ecb.  Tuy nhi\u00ean c\u00f3 th\u1ec3 ph\u00e1t sinh chi ph\u00ed kh\u00e1c do vi\u1ec7c b\u1ed5 sung thu\u1ed1c,\u0111i\u1ec1u tr\u1ecb k\u00e9o d\u00e0i, ho\u1eb7c k\u00e9o d\u00e0i th\u1eddi gian nh\u1eadp vi\u1ec7n, v.v.<\/li>\r\n                                    <li class=\"list_kome\">Tu\u1ea7n thai \u0111\u01b0\u1ee3c t\u00ednh ng\u01b0\u1ee3c l\u1ea1i t\u1eeb k\u00edch th\u01b0\u1edbc, do \u0111\u00f3 c\u00f3 th\u1ec3 c\u00f3 sai s\u1ed1 l\u1edbn v\u1ec1 th\u1eddi \u0111i\u1ec3m th\u1ee5 thai. V\u00ec v\u1eady ch\u00fang t\u00f4i kh\u00f4ng th\u1ec3 tr\u1ea3 l\u1eddi c\u00e2u h\u1ecfi li\u00ean quan \u0111\u1ebfn vi\u1ec7c th\u1ee5 thai t\u1eeb l\u1ea7n quan h\u1ec7 n\u00e0o.<\/li>\r\n                                    <li class=\"list_kome\">T\u1ea5t c\u1ea3 c\u00e1c th\u1ee7 thu\u1eadt \u0111\u1ec1u y\u00eau c\u1ea7u c\u1ea7n \u0111\u1ebfn b\u1ec7nh vi\u1ec7n \u0111\u1ec3 \u0111\u1eb7t l\u1ecbch.<\/li>\r\n                                    <li class=\"list_kome\">Gi\u00e1 \u0111\u00e3 bao g\u1ed3m thu\u1ebf d\u1ef1a tr\u00ean ngh\u0129a v\u1ee5 hi\u1ec3n th\u1ecb t\u1ed5ng gi\u00e1, c\u00f3 th\u1ec3 x\u1ea3y ra sai s\u1ed1 nh\u1ecf trong t\u00ednh to\u00e1n t\u1ea1i th\u1eddi \u0111i\u1ec3m thanh to\u00e1n.<\/li>\r\n                                    <li class=\"list_kome\">Gi\u00e1 tr\u00ean c\u00f3 th\u1ec3 thay \u0111\u1ed5i m\u00e0 kh\u00f4ng c\u1ea7n th\u00f4ng b\u00e1o tr\u01b0\u1edbc.<\/li>\r\n                                <\/ul>\r\n                            <\/div>\r\n\r\n\r\n<div id=\"reserve\">\r\n<\/div>\r\n<h2 class=\"section-dept__content02_title\">\r\n     V\u1ec1 \u0111\u1eb7t ch\u1ed7\r\n    <\/h2>\r\n<div class=\"section-dept__content03_text\">\r\n<p>\r\n      Vui l\u00f2ng g\u1ecdi \u0111i\u1ec7n tho\u1ea1i trong gi\u1edd l\u00e0m vi\u1ec7c \u0111\u1ec3 \u0111\u1eb7t l\u1ecbch h\u1eb9n.\r\n     <\/p>\r\n<!-- #BeginLibraryItem \"\/Library\/fujinka_ginza.lbi\" -->\r\n<section class=\"section-top__item_b_box2 text_frame color_gray align_center ml0 mr0\">\r\n<div class=\"sp_wrapper\">\r\n<p class=\"pb0 mb-5\">\r\n        M\u1ed7i b\u1ec7nh vi\u1ec7n c\u00f3 c\u00e1c khoa chuy\u00ean bi\u1ec7t kh\u00e1c nhau, vui l\u00f2ng li\u00ean h\u1ec7 tr\u01b0\u1edbc khi \u0111\u1ebfn b\u1ec7nh vi\u1ec7n.\r\n        <br\/>\r\n        C\u01a1 s\u1edf Ginza ch\u1ec9 \u0111i\u1ec1u tr\u1ecb v\u00f4 sinh.\r\n       <\/p>\r\n<\/div>\r\n<\/section>\r\n<!-- #EndLibraryItem -->\r\n<div class=\"text_frame3 align_center mt25 mb25\">\n  <p class=\"frame3_title rem17\">Hi\u1ec7p h\u1ed9i y t\u1ebf Oak <br class=\"pc_none\">Li\u00ean h\u1ec7\u30fb\u0110\u1eb7t h\u1eb9n S\u1ed1 \u0111i\u1ec7n tho\u1ea1i<\/p>\n  <p class=\"mb0 rem20\"><a class=\"tel\" href=\"tel:0120-009-345\">0120-009-345<\/a><\/p>\n  <p>\u3010Th\u1eddi gian ti\u1ebfp nh\u1eadn\u3011<br>\n    Th\u1ee9 Hai \u0111\u1ebfn Th\u1ee9 B\u1ea3y, 9:00 \u0111\u1ebfn 17:00 <br>\n    (tr\u1eeb ng\u00e0y l\u1ec5, cu\u1ed1i n\u0103m v\u00e0 \u0111\u1ea7u n\u0103m)<br>\n    \u203b\u0110\u0103ng k\u00fd \u0111\u1eb7t ch\u1ed7 <br class=\"pc_none\">c\u0169ng \u0111\u01b0\u1ee3c nh\u1eadn <br class=\"pc_none\">v\u00e0o c\u00e1c ng\u00e0y l\u1ec5 (9:00~17:00).<\/p>\n  <p class=\"mt20\">\u203bT\u1eeb n\u01b0\u1edbc ngo\u00e0i v\u00e0 m\u1ed9t s\u1ed1 h\u00f2n \u0111\u1ea3o xa x\u00f4i trong n\u01b0\u1edbc, kh\u00f4ng th\u1ec3 s\u1eed d\u1ee5ng s\u1ed1 \u0111i\u1ec7n tho\u1ea1i tr\u00ean. Trong tr\u01b0\u1eddng h\u1ee3p \u0111\u00f3, vui l\u00f2ng g\u1ecdi \u0111\u1ebfn s\u1ed1 \u0111i\u1ec7n tho\u1ea1i sau:<br>\n    TEL <a class=\"tel rem14\" href=\"tel:06-4398-1000\">06-4398-1000<\/a> <br class=\"pc_none\">(C\u1ea7n tr\u1ea3 ph\u00ed cu\u1ed9c g\u1ecdi)<\/p>\n  \u00a0\n  <hr style=\"width: 100%;\">\n  <p>Li\u00ean h\u1ec7 qua email t\u1ea1i \u0111\u00e2y<\/p>\n  <p><a href=\"mailto:oak_online@oakclinic-group.com\">oak_online@oakclinic-group.com<\/a><\/p>\n  <p>\u203bSau khi nh\u1eadn \u0111\u01b0\u1ee3c email, nh\u00e2n vi\u00ean ph\u1ee5 tr\u00e1ch s\u1ebd li\u00ean h\u1ec7 l\u1ea1i v\u1edbi qu\u00fd kh\u00e1ch theo th\u1ee9 t\u1ef1.<br>\n    \u203bN\u1ebfu qu\u00fd kh\u00e1ch c\u1ea7n gi\u1ea3i quy\u1ebft g\u1ea5p, vui l\u00f2ng li\u00ean h\u1ec7 qua \u0111i\u1ec7n tho\u1ea1i.<\/p>\n<\/div>\r\n<div class=\"section-top__item_top_area clearfix mt50 pt0 mb100\">\r\n<h2 class=\"section-dept__content02_title mb20\">\r\n       Th\u00f4ng tin v\u1ec1 ph\u00f2ng kh\u00e1m\r\n      <\/h2>\r\n<ul class=\"w100\">\r\n<li class=\"index_btn\">\r\n<a href=\"https:\/\/www.oakclinic-group.com\/sumiyoshi\/fujinka\/\">\r\n<div class=\"btn-photo bg-sumiyoshi\">\r\n<p class=\"btn-text\">\r\n           Ph\u00f2ng kh\u00e1m s\u1ea3n ph\u1ee5 khoa Oak Sumiyoshi\r\n          <\/p>\r\n<\/div>\r\n<\/a>\r\n<\/li>\r\n<\/ul>\r\n<\/div>\r\n<\/div>\r\n<\/section>\r\n<\/div>\r\n<\/div>\r\n<!-- section-dept__container end -->","protected":false},"excerpt":{"rendered":"Chi ph\u00ed ph\u1eabu thu\u1eadt ph\u00e1 thai Sumiyoshi Th\u00f4ng tin v\u1ec1 chi ph\u00ed ph\u1eabu thu\u1eadt ph\u00e1 thai. Chi ph\u00ed kh\u00e1m tr\u01b0\u1edbc v\u00e0 sau ph\u1eabu thu\u1eadt, c\u0169ng nh\u01b0 m\u1ed9t s\u1ed1 lo\u1ea1i thu\u1ed1c k\u00ea \u0111\u01a1n kh\u00f4ng bao g\u1ed3m trong chi ph\u00ed ph\u1eabu thu\u1eadt. Xin l\u01b0u \u00fd r\u1eb1ng c\u00e1c chi ph\u00ed n\u00e0y s\u1ebd \u0111\u01b0\u1ee3c t\u00ednh ri\u00eang. Chi ph\u00ed ph\u1eabu [&hellip;]","protected":false},"author":5,"featured_media":0,"parent":7132,"menu_order":692,"comment_status":"closed","ping_status":"closed","template":"","meta":{"_locale":"vi","_original_post":"https:\/\/www.oakclinic-group.com\/wp\/?page_id=751","footnotes":""},"class_list":["post-7146","page","type-page","status-publish","hentry","vi"],"_links":{"self":[{"href":"https:\/\/www.oakclinic-group.com\/wp-json\/wp\/v2\/pages\/7146","targetHints":{"allow":["GET"]}}],"collection":[{"href":"https:\/\/www.oakclinic-group.com\/wp-json\/wp\/v2\/pages"}],"about":[{"href":"https:\/\/www.oakclinic-group.com\/wp-json\/wp\/v2\/types\/page"}],"author":[{"embeddable":true,"href":"https:\/\/www.oakclinic-group.com\/wp-json\/wp\/v2\/users\/5"}],"replies":[{"embeddable":true,"href":"https:\/\/www.oakclinic-group.com\/wp-json\/wp\/v2\/comments?post=7146"}],"version-history":[{"count":2,"href":"https:\/\/www.oakclinic-group.com\/wp-json\/wp\/v2\/pages\/7146\/revisions"}],"predecessor-version":[{"id":7179,"href":"https:\/\/www.oakclinic-group.com\/wp-json\/wp\/v2\/pages\/7146\/revisions\/7179"}],"up":[{"embeddable":true,"href":"https:\/\/www.oakclinic-group.com\/wp-json\/wp\/v2\/pages\/7132"}],"wp:attachment":[{"href":"https:\/\/www.oakclinic-group.com\/wp-json\/wp\/v2\/media?parent=7146"}],"curies":[{"name":"wp","href":"https:\/\/api.w.org\/{rel}","templated":true}]}}