{"id":7144,"date":"2026-04-07T13:34:20","date_gmt":"2026-04-07T04:34:20","guid":{"rendered":"https:\/\/www.oakclinic-group.com\/?page_id=7144"},"modified":"2026-04-08T11:47:02","modified_gmt":"2026-04-08T02:47:02","slug":"aus_shoki03","status":"publish","type":"page","link":"https:\/\/www.oakclinic-group.com\/vi\/fujinka\/aus_shoki03\/","title":{"rendered":"Ph\u00e1 thai s\u1edbm: L\u1ecbch kh\u00e1m th\u00f4ng th\u01b0\u1eddng"},"content":{"rendered":"<div class=\"section-dept__container\">\r\n<div class=\"section-dept__first_content\">\r\n<section class=\"section-dept__content01\">\r\n<h1 class=\"section-dept__content01_title\">\r\n<span style=\"font-size: 0.75em;\">\r\n      Ph\u00e1 thai giai \u0111o\u1ea1n \u0111\u1ea7u (d\u01b0\u1edbi 12 tu\u1ea7n):\r\n     <\/span>\r\n     L\u1ecbch kh\u00e1m th\u00f4ng th\u01b0\u1eddng\r\n    <\/h1>\r\n<!-- \u5404\u30af\u30ea\u30cb\u30c3\u30af -->\r\n<div class=\"float_right mt20 mb0\">\r\n<p class=\"mb0\">\r\n<span class=\"text_frame2\">\r\n<a href=\"https:\/\/www.oakclinic-group.com\/sumiyoshi\/\">\r\n        Sumiyoshi\r\n       <\/a>\r\n<\/span>\r\n<\/p>\r\n<\/div>\r\n<p style=\"clear: both;\">\r\n<\/p>\r\n<!-- \u5404\u30af\u30ea\u30cb\u30c3\u30af \u3053\u3053\u307e\u3067 -->\r\n<div class=\"section-dept__content01_text pt0\">\r\n<div class=\"ivf_icsi_cap\">\r\n<p class=\"align_left mt20 pr10 pl10\">\r\n       Khi quy\u1ebft \u0111\u1ecbnh th\u1ef1c hi\u1ec7n ph\u1eabu thu\u1eadt ph\u00e1 thai, b\u1ea1n c\u00f3 th\u1ec3 s\u1ebd lo l\u1eafng v\u1ec1 nhi\u1ec1u v\u1ea5n \u0111\u1ec1 nh\u01b0 th\u1eddi gian th\u1ef1c hi\u1ec7n ph\u1eabu thu\u1eadt, ph\u01b0\u01a1ng ph\u00e1p v\u00e0 th\u1eddi gian ph\u1eabu thu\u1eadt, quy tr\u00ecnh v\u00e0 l\u1ecbch tr\u00ecnh ph\u1eabu thu\u1eadt, chi ph\u00ed ph\u1eabu thu\u1eadt, \u0111\u1ed9 an to\u00e0n, v.v.\r\n       <br\/>\r\n       Ph\u1eabu thu\u1eadt ph\u00e1 thai c\u1ea7n ph\u1ea3i \u0111\u1eb7t h\u1eb9n sau khi kh\u00e1m b\u1ec7nh.\r\n       <br\/>\r\n       T\u1ea1i h\u1ed9i Oak, qu\u00fd v\u1ecb c\u00f3 th\u1ec3 ch\u1ecdn L\u1ecbch tr\u00ecnh\r\n       <a href=\"#one_day\">\r\n        1 ng\u00e0y\r\n       <\/a>\r\n       ho\u1eb7c\r\n       <a href=\"#two_day\">\r\n        2 ng\u00e0y\r\n       <\/a>\r\n       .\r\n       <br\/>\r\n       \u203bS\u1ed1 ti\u1ec1n ghi tr\u00ean c\u00f3 th\u1ec3 thay \u0111\u1ed5i m\u00e0 kh\u00f4ng c\u1ea7n th\u00f4ng b\u00e1o tr\u01b0\u1edbc.\r\n      <\/p>\r\n<div class=\"ivf pb10\">\r\n<p class=\"headline\">\r\n<a href=\"#schedule\">\r\n         L\u1ecbch kh\u00e1m th\u00f4ng th\u01b0\u1eddng\r\n         <img decoding=\"async\" alt=\"\u4e38\u30dc\u30bf\u30f3\" src=\"https:\/\/www.oakclinic-group.com\/wp\/wp-content\/themes\/oak-clinic\/assets\/images\/funin\/headline_circle_btn.png\"\/>\r\n<\/a>\r\n<\/p>\r\n<\/div>\r\n<div class=\"ivf pb10\">\r\n<p class=\"headline\">\r\n<a href=\"#reserve\">\r\n         V\u1ec1 \u0111\u1eb7t ch\u1ed7\r\n         <img decoding=\"async\" alt=\"\u4e38\u30dc\u30bf\u30f3\" src=\"https:\/\/www.oakclinic-group.com\/wp\/wp-content\/themes\/oak-clinic\/assets\/images\/funin\/headline_circle_btn.png\"\/>\r\n<\/a>\r\n<\/p>\r\n<\/div>\r\n<\/div>\r\n<div id=\"schedule\">\r\n<\/div>\r\n<h2 class=\"section-dept__content02_title mt50\">\r\n      L\u1ecbch kh\u00e1m th\u00f4ng th\u01b0\u1eddng\r\n     <\/h2>\r\n<div class=\"section-dept__content02_text\">\r\n<p class=\"float_right nonfloat_img ml_sp_0 mr_sp_0\">\r\n<img loading=\"lazy\" decoding=\"async\" alt=\"L\u1ecbch kh\u00e1m th\u00f4ng th\u01b0\u1eddng\" height=\"102\" src=\"https:\/\/www.oakclinic-group.com\/wp\/wp-content\/themes\/oak-clinic\/assets\/images\/fujinka\/hinin_img02a.jpg\" width=\"120\"\/>\r\n<\/p>\r\n<\/div>\r\n<div id=\"one_day\">\r\n<\/div>\r\n<h3 class=\"section-dept__content03_title\">\r\n      L\u1ecbch tr\u00ecnh c\u01a1 b\u1ea3n c\u1ee7a g\u00f3i m\u1ed9t ng\u00e0y\r\n     <\/h3>\r\n<div class=\"section-dept__content02_text\">\r\n<p>\r\n       \u0110\u00e2y l\u00e0 li\u1ec7u tr\u00ecnh th\u1ef1c hi\u1ec7n th\u1ee7 thu\u1eadt ti\u1ec1n ph\u1eabu thu\u1eadt (\u0111\u1eb7t que Laminaria ho\u1eb7c Lami Cell) v\u00e0o bu\u1ed5i s\u00e1ng ng\u00e0y ph\u1eabu thu\u1eadt ph\u00e1 thai, v\u00e0 th\u1ef1c hi\u1ec7n ph\u1eabu thu\u1eadt ph\u00e1 thai v\u00e0o bu\u1ed5i t\u1ed1i c\u00f9ng ng\u00e0y.\r\n      <\/p>\r\n<div class=\"fee_box mb20\">\r\n<table>\r\n<tbody>\r\n<tr>\r\n<th class=\"w20_pc\">\r\n           N\u01a1i ti\u1ebfp nh\u1eadn\r\n          <\/th>\r\n<td>\r\n           Gi\u1ea3i th\u00edch v\u1ec1 ph\u1eabu thu\u1eadt, \u0111\u1eb7t l\u1ecbch h\u1eb9n, \r\n           <br class=\"pc_none\"\/>\r\n           x\u00e9t nghi\u1ec7m nh\u00f3m m\u00e1u\r\n           <span class=\"comment_text\">\r\n            \u203b\r\n            <br\/>\r\n            \u203bN\u1ebfu qu\u00fd kh\u00e1ch kh\u00f4ng c\u00f3 gi\u1ea5y t\u1edd ch\u1ee9ng minh nh\u00f3m m\u00e1u, ch\u00fang t\u00f4i s\u1ebd ti\u1ebfn h\u00e0nh x\u00e9t nghi\u1ec7m nh\u00f3m m\u00e1u [2.480 y\u00ean (2.728 y\u00ean bao g\u1ed3m thu\u1ebf)].\r\n            <br\/>\r\n            \u203bD\u1ef1a tr\u00ean ngh\u0129a v\u1ee5 hi\u1ec3n th\u1ecb t\u1ed5ng gi\u00e1 tr\u1ecb, gi\u00e1 c\u1ea3 \u0111\u00e3 bao g\u1ed3m thu\u1ebf \u0111\u01b0\u1ee3c ghi r\u00f5. C\u00f3 th\u1ec3 x\u1ea3y ra sai s\u1ed1 trong t\u00ednh to\u00e1n khi thanh to\u00e1n.\r\n           <\/span>\r\n<\/td>\r\n<\/tr>\r\n<\/tbody>\r\n<\/table>\r\n<\/div>\r\n<p class=\"align_center\">\r\n<img loading=\"lazy\" decoding=\"async\" alt=\"#\" height=\"28\" src=\"https:\/\/www.oakclinic-group.com\/wp\/wp-content\/themes\/oak-clinic\/assets\/images\/fujinka\/yajirushi01.gif\" width=\"55\"\/>\r\n<\/p>\r\n<div class=\"fee_box mt20\">\r\n<table>\r\n<tbody>\r\n<tr>\r\n<th class=\"w20_pc\">\r\n           Ng\u00e0y ph\u1eabu thu\u1eadt\r\n          <\/th>\r\n<td>\r\n           Kho\u1ea3ng 9 gi\u1edd s\u00e1ng: Th\u1ee7 thu\u1eadt chu\u1ea9n b\u1ecb\r\n           <br class=\"pc_none\"\/>\r\n           (\u0111\u1eb7t que Laminaria ho\u1eb7c que Lamicell)\r\n           <br\/>\r\n           Xin qu\u00fd kh\u00e1ch vui l\u00f2ng v\u1ec1 nh\u00e0 tr\u01b0\u1edbc.\r\n           <br\/>\r\n           Chi\u1ec1u t\u1ed1i: Ph\u1eabu thu\u1eadt ph\u00e1 thai\r\n          <\/td>\r\n<\/tr>\r\n<\/tbody>\r\n<\/table>\r\n<\/div>\r\n<p class=\"align_center\">\r\n<img loading=\"lazy\" decoding=\"async\" alt=\"#\" height=\"28\" src=\"https:\/\/www.oakclinic-group.com\/wp\/wp-content\/themes\/oak-clinic\/assets\/images\/fujinka\/yajirushi01.gif\" width=\"55\"\/>\r\n<\/p>\r\n<div class=\"fee_box mt20\">\r\n<table>\r\n<tbody>\r\n<tr>\r\n<th class=\"w20_pc\">\r\n           Ng\u00e0y h\u00f4m sau ph\u1eabu thu\u1eadt\r\n          <\/th>\r\n<td>\r\n<p class=\"float_right\">\r\n<img loading=\"lazy\" decoding=\"async\" alt=\"\u5916\u6765\" height=\"73\" src=\"https:\/\/www.oakclinic-group.com\/wp\/wp-content\/themes\/oak-clinic\/assets\/images\/fujinka\/hinin_img05.jpg\" width=\"110\"\/>\r\n<\/p>\r\n<p>\r\n            Kh\u00e1m ngo\u1ea1i tr\u00fa\r\n           <\/p>\r\n<\/td>\r\n<\/tr>\r\n<\/tbody>\r\n<\/table>\r\n<\/div>\r\n<\/div>\r\n<div id=\"two_day\">\r\n<\/div>\r\n<h3 class=\"section-dept__content03_title\">\r\n      L\u1ecbch tr\u00ecnh c\u01a1 b\u1ea3n c\u1ee7a g\u00f3i 2 ng\u00e0y\r\n     <\/h3>\r\n<div class=\"section-dept__content02_text\">\r\n<p>\r\n       \u0110\u00e2y l\u00e0 li\u1ec7u tr\u00ecnh th\u1ef1c hi\u1ec7n th\u1ee7 thu\u1eadt ti\u1ec1n ph\u1eabu thu\u1eadt (\u0111\u1eb7t que Laminate ho\u1eb7c Lami Cell) v\u00e0o bu\u1ed5i t\u1ed1i tr\u01b0\u1edbc ng\u00e0y ph\u1eabu thu\u1eadt ph\u00e1 thai, v\u00e0 ti\u1ebfn h\u00e0nh ph\u1eabu thu\u1eadt ph\u00e1 thai v\u00e0o kho\u1ea3ng tr\u01b0a ng\u00e0y h\u00f4m sau.\r\n      <\/p>\r\n<div class=\"fee_box mb20\">\r\n<table>\r\n<tbody>\r\n<tr>\r\n<th class=\"w20_pc\">\r\n           N\u01a1i ti\u1ebfp nh\u1eadn\r\n          <\/th>\r\n<td>\r\n           Gi\u1ea3i th\u00edch v\u1ec1 ph\u1eabu thu\u1eadt, \u0111\u1eb7t l\u1ecbch h\u1eb9n, \r\n           <br class=\"pc_none\"\/>\r\n           x\u00e9t nghi\u1ec7m nh\u00f3m m\u00e1u\r\n           <span class=\"comment_text\">\r\n            \u203b\r\n            <br\/>\r\n            \u203bN\u1ebfu qu\u00fd kh\u00e1ch kh\u00f4ng c\u00f3 gi\u1ea5y t\u1edd ch\u1ee9ng minh nh\u00f3m m\u00e1u, ch\u00fang t\u00f4i s\u1ebd ti\u1ebfn h\u00e0nh x\u00e9t nghi\u1ec7m nh\u00f3m m\u00e1u [2.480 y\u00ean (2.728 y\u00ean bao g\u1ed3m thu\u1ebf)].\r\n            <br\/>\r\n            \u203bD\u1ef1a tr\u00ean ngh\u0129a v\u1ee5 hi\u1ec3n th\u1ecb t\u1ed5ng gi\u00e1 tr\u1ecb, gi\u00e1 c\u1ea3 \u0111\u00e3 bao g\u1ed3m thu\u1ebf \u0111\u01b0\u1ee3c ghi r\u00f5. C\u00f3 th\u1ec3 x\u1ea3y ra sai s\u1ed1 trong t\u00ednh to\u00e1n khi thanh to\u00e1n. \r\n           <\/span>\r\n<\/td>\r\n<\/tr>\r\n<\/tbody>\r\n<\/table>\r\n<\/div>\r\n<p class=\"align_center\">\r\n<img loading=\"lazy\" decoding=\"async\" alt=\"#\" height=\"28\" src=\"https:\/\/www.oakclinic-group.com\/wp\/wp-content\/themes\/oak-clinic\/assets\/images\/fujinka\/yajirushi01.gif\" width=\"55\"\/>\r\n<\/p>\r\n<div class=\"fee_box mt20\">\r\n<table>\r\n<tbody>\r\n<tr>\r\n<th class=\"w20_pc\">\r\n           Ng\u00e0y tr\u01b0\u1edbc ph\u1eabu thu\u1eadt\r\n          <\/th>\r\n<td>\r\n           Kh\u00e1m ban \u0111\u00eam: Th\u1ee7 thu\u1eadt chu\u1ea9n b\u1ecb\r\n           <br class=\"pc_none\"\/>\r\n           (\u0111\u1eb7t que Laminalia ho\u1eb7c Lamicell)\r\n           <br\/>\r\n           Kh\u00f4ng c\u1ea7n nh\u1eadp vi\u1ec7n, b\u1ea1n c\u00f3 th\u1ec3 t\u1ea1m th\u1eddi v\u1ec1 nh\u00e0.\r\n          <\/td>\r\n<\/tr>\r\n<\/tbody>\r\n<\/table>\r\n<\/div>\r\n<p class=\"align_center\">\r\n<img loading=\"lazy\" decoding=\"async\" alt=\"#\" height=\"28\" src=\"https:\/\/www.oakclinic-group.com\/wp\/wp-content\/themes\/oak-clinic\/assets\/images\/fujinka\/yajirushi01.gif\" width=\"55\"\/>\r\n<\/p>\r\n<div class=\"fee_box mt20\">\r\n<table>\r\n<tbody>\r\n<tr>\r\n<th class=\"w20_pc\">\r\n           Ng\u00e0y ph\u1eabu thu\u1eadt\r\n          <\/th>\r\n<td>\r\n<p class=\"float_right\">\r\n<img loading=\"lazy\" decoding=\"async\" alt=\"Ph\u1eabu thu\u1eadt ph\u00e1 thai\" height=\"73\" src=\"https:\/\/www.oakclinic-group.com\/wp\/wp-content\/themes\/oak-clinic\/assets\/images\/fujinka\/hinin_img10.jpg\" width=\"110\"\/>\r\n<\/p>\r\n<p>\r\n            Tr\u01b0a: \r\n            <br class=\"pc_none\"\/>\r\n            Ph\u1eabu thu\u1eadt ph\u00e1 thai\r\n           <\/p>\r\n<\/td>\r\n<\/tr>\r\n<\/tbody>\r\n<\/table>\r\n<\/div>\r\n<p class=\"align_center\">\r\n<img loading=\"lazy\" decoding=\"async\" alt=\"#\" height=\"28\" src=\"https:\/\/www.oakclinic-group.com\/wp\/wp-content\/themes\/oak-clinic\/assets\/images\/fujinka\/yajirushi01.gif\" width=\"55\"\/>\r\n<\/p>\r\n<div class=\"fee_box mt20\">\r\n<table>\r\n<tbody>\r\n<tr>\r\n<th class=\"w20_pc\">\r\n           Ng\u00e0y h\u00f4m sau ph\u1eabu thu\u1eadt\r\n          <\/th>\r\n<td>\r\n           Kh\u00e1m ngo\u1ea1i tr\u00fa\r\n          <\/td>\r\n<\/tr>\r\n<\/tbody>\r\n<\/table>\r\n<\/div>\r\n<\/div>\r\n<\/div>\r\n<div id=\"reserve\">\r\n<\/div>\r\n<h2 class=\"section-dept__content02_title\">\r\n     V\u1ec1 \u0111\u1eb7t ch\u1ed7\r\n    <\/h2>\r\n<div class=\"section-dept__content03_text\">\r\n<p>\r\n      Vui l\u00f2ng g\u1ecdi \u0111i\u1ec7n tho\u1ea1i trong gi\u1edd l\u00e0m vi\u1ec7c \u0111\u1ec3 \u0111\u1eb7t l\u1ecbch h\u1eb9n.\r\n     <\/p>\r\n<!-- #BeginLibraryItem \"\/Library\/fujinka_ginza.lbi\" -->\r\n<section class=\"section-top__item_b_box2 text_frame color_gray align_center ml0 mr0\">\r\n<div class=\"sp_wrapper\">\r\n<p class=\"pb0 mb-5\">\r\n        M\u1ed7i b\u1ec7nh c\u00f3 c\u00e1c khoa chuy\u00ean bi\u1ec7t kh\u00e1c nhau, vui l\u00f2ng li\u00ean h\u1ec7 tr\u01b0\u1edbc khi \u0111\u1ebfn b\u1ec7nh vi\u1ec7n.\r\n        <br\/>\r\n        C\u01a1 s\u1edf Ginza ch\u1ec9 \u0111i\u1ec1u tr\u1ecb v\u00f4 sinh.\r\n       <\/p>\r\n<\/div>\r\n<\/section>\r\n<!-- #EndLibraryItem -->\r\n<div class=\"text_frame3 align_center mt25 mb25\">\n  <p class=\"frame3_title rem17\">Hi\u1ec7p h\u1ed9i y t\u1ebf Oak <br class=\"pc_none\">Li\u00ean h\u1ec7\u30fb\u0110\u1eb7t h\u1eb9n S\u1ed1 \u0111i\u1ec7n tho\u1ea1i<\/p>\n  <p class=\"mb0 rem20\"><a class=\"tel\" href=\"tel:0120-009-345\">0120-009-345<\/a><\/p>\n  <p>\u3010Th\u1eddi gian ti\u1ebfp nh\u1eadn\u3011<br>\n    Th\u1ee9 Hai \u0111\u1ebfn Th\u1ee9 B\u1ea3y, 9:00 \u0111\u1ebfn 17:00 <br>\n    (tr\u1eeb ng\u00e0y l\u1ec5, cu\u1ed1i n\u0103m v\u00e0 \u0111\u1ea7u n\u0103m)<br>\n    \u203b\u0110\u0103ng k\u00fd \u0111\u1eb7t ch\u1ed7 <br class=\"pc_none\">c\u0169ng \u0111\u01b0\u1ee3c nh\u1eadn <br class=\"pc_none\">v\u00e0o c\u00e1c ng\u00e0y l\u1ec5 (9:00~17:00).<\/p>\n  <p class=\"mt20\">\u203bT\u1eeb n\u01b0\u1edbc ngo\u00e0i v\u00e0 m\u1ed9t s\u1ed1 h\u00f2n \u0111\u1ea3o xa x\u00f4i trong n\u01b0\u1edbc, kh\u00f4ng th\u1ec3 s\u1eed d\u1ee5ng s\u1ed1 \u0111i\u1ec7n tho\u1ea1i tr\u00ean. Trong tr\u01b0\u1eddng h\u1ee3p \u0111\u00f3, vui l\u00f2ng g\u1ecdi \u0111\u1ebfn s\u1ed1 \u0111i\u1ec7n tho\u1ea1i sau:<br>\n    TEL <a class=\"tel rem14\" href=\"tel:06-4398-1000\">06-4398-1000<\/a> <br class=\"pc_none\">(C\u1ea7n tr\u1ea3 ph\u00ed cu\u1ed9c g\u1ecdi)<\/p>\n  \u00a0\n  <hr style=\"width: 100%;\">\n  <p>Li\u00ean h\u1ec7 qua email t\u1ea1i \u0111\u00e2y<\/p>\n  <p><a href=\"mailto:oak_online@oakclinic-group.com\">oak_online@oakclinic-group.com<\/a><\/p>\n  <p>\u203bSau khi nh\u1eadn \u0111\u01b0\u1ee3c email, nh\u00e2n vi\u00ean ph\u1ee5 tr\u00e1ch s\u1ebd li\u00ean h\u1ec7 l\u1ea1i v\u1edbi qu\u00fd kh\u00e1ch theo th\u1ee9 t\u1ef1.<br>\n    \u203bN\u1ebfu qu\u00fd kh\u00e1ch c\u1ea7n gi\u1ea3i quy\u1ebft g\u1ea5p, vui l\u00f2ng li\u00ean h\u1ec7 qua \u0111i\u1ec7n tho\u1ea1i.<\/p>\n<\/div>\r\n<div class=\"section-top__item_top_area clearfix mt50 pt0 mb100\">\r\n<h2 class=\"section-dept__content02_title mb20\">\r\n       Th\u00f4ng tin v\u1ec1 ph\u00f2ng kh\u00e1m\r\n      <\/h2>\r\n<ul class=\"w100\">\r\n<li class=\"index_btn\">\r\n<a href=\"https:\/\/www.oakclinic-group.com\/sumiyoshi\/fujinka\/\">\r\n<div class=\"btn-photo bg-sumiyoshi\">\r\n<p class=\"btn-text\">\r\n           Ph\u00f2ng kh\u00e1m s\u1ea3n ph\u1ee5 khoa Oak Sumiyoshi\r\n          <\/p>\r\n<\/div>\r\n<\/a>\r\n<\/li>\r\n<\/ul>\r\n<\/div>\r\n<\/div>\r\n<\/section>\r\n<\/div>\r\n<\/div>\r\n<!-- section-dept__container end -->","protected":false},"excerpt":{"rendered":"Ph\u00e1 thai giai \u0111o\u1ea1n \u0111\u1ea7u (d\u01b0\u1edbi 12 tu\u1ea7n): L\u1ecbch kh\u00e1m th\u00f4ng th\u01b0\u1eddng Sumiyoshi Khi quy\u1ebft \u0111\u1ecbnh th\u1ef1c hi\u1ec7n ph\u1eabu thu\u1eadt ph\u00e1 thai, b\u1ea1n c\u00f3 th\u1ec3 s\u1ebd lo l\u1eafng v\u1ec1 nhi\u1ec1u v\u1ea5n \u0111\u1ec1 nh\u01b0 th\u1eddi gian th\u1ef1c hi\u1ec7n ph\u1eabu thu\u1eadt, ph\u01b0\u01a1ng ph\u00e1p v\u00e0 th\u1eddi gian ph\u1eabu thu\u1eadt, quy tr\u00ecnh v\u00e0 l\u1ecbch tr\u00ecnh ph\u1eabu thu\u1eadt, chi ph\u00ed [&hellip;]","protected":false},"author":5,"featured_media":0,"parent":7132,"menu_order":710,"comment_status":"closed","ping_status":"closed","template":"","meta":{"_locale":"vi","_original_post":"https:\/\/www.oakclinic-group.com\/wp\/?page_id=762","footnotes":""},"class_list":["post-7144","page","type-page","status-publish","hentry","vi"],"_links":{"self":[{"href":"https:\/\/www.oakclinic-group.com\/wp-json\/wp\/v2\/pages\/7144","targetHints":{"allow":["GET"]}}],"collection":[{"href":"https:\/\/www.oakclinic-group.com\/wp-json\/wp\/v2\/pages"}],"about":[{"href":"https:\/\/www.oakclinic-group.com\/wp-json\/wp\/v2\/types\/page"}],"author":[{"embeddable":true,"href":"https:\/\/www.oakclinic-group.com\/wp-json\/wp\/v2\/users\/5"}],"replies":[{"embeddable":true,"href":"https:\/\/www.oakclinic-group.com\/wp-json\/wp\/v2\/comments?post=7144"}],"version-history":[{"count":2,"href":"https:\/\/www.oakclinic-group.com\/wp-json\/wp\/v2\/pages\/7144\/revisions"}],"predecessor-version":[{"id":7176,"href":"https:\/\/www.oakclinic-group.com\/wp-json\/wp\/v2\/pages\/7144\/revisions\/7176"}],"up":[{"embeddable":true,"href":"https:\/\/www.oakclinic-group.com\/wp-json\/wp\/v2\/pages\/7132"}],"wp:attachment":[{"href":"https:\/\/www.oakclinic-group.com\/wp-json\/wp\/v2\/media?parent=7144"}],"curies":[{"name":"wp","href":"https:\/\/api.w.org\/{rel}","templated":true}]}}