{"id":7140,"date":"2026-04-07T13:13:48","date_gmt":"2026-04-07T04:13:48","guid":{"rendered":"https:\/\/www.oakclinic-group.com\/?page_id=7140"},"modified":"2026-04-07T13:13:48","modified_gmt":"2026-04-07T04:13:48","slug":"aus_shoki-eva-mva","status":"publish","type":"page","link":"https:\/\/www.oakclinic-group.com\/vi\/fujinka\/aus_shoki-eva-mva\/","title":{"rendered":"Ph\u00e1 thai s\u1edbm: Ph\u01b0\u01a1ng ph\u00e1p EVA v\u00e0 ph\u01b0\u01a1ng ph\u00e1p MVA"},"content":{"rendered":"<div class=\"section-dept__container\">\r\n<div class=\"section-dept__first_content\">\r\n<section class=\"section-dept__content01\">\r\n<h1 class=\"section-dept__content01_title\">\r\n<span style=\"font-size: 0.75em;\">\r\n     Ph\u00e1 thai giai \u0111o\u1ea1n \u0111\u1ea7u (d\u01b0\u1edbi 12 tu\u1ea7n):\r\n     <\/span>\r\n     Ph\u01b0\u01a1ng ph\u00e1p EVA v\u00e0 ph\u01b0\u01a1ng ph\u00e1p MVA\r\n    <\/h1>\r\n<!-- \u5404\u30af\u30ea\u30cb\u30c3\u30af -->\r\n<div class=\"float_right mt20 mb0\">\r\n<p class=\"mb0\">\r\n<span class=\"text_frame2\">\r\n<a href=\"https:\/\/www.oakclinic-group.com\/sumiyoshi\/fujinka\/\">\r\n        Sumiyoshi\r\n       <\/a>\r\n<\/span>\r\n<\/p>\r\n<\/div>\r\n<p style=\"clear: both;\">\r\n<\/p>\r\n<!-- \u5404\u30af\u30ea\u30cb\u30c3\u30af \u3053\u3053\u307e\u3067 -->\r\n<div class=\"section-dept__content01_text pt0\">\r\n<div class=\"ivf_icsi_cap\">\r\n<!--<p class=\"align_left mt20 pr10 pl10\">\u5f53\u9662\u3067\u306f12\u9031\u672a\u6e80\u306e\u521d\u671f\u4e2d\u7d76\u306f\u539f\u5247\u3068\u3057\u3066\u5438\u5f15\u6cd5\u3067\u884c\u3044\u3001\u6a5f\u68b0\u7684\u306b\u5b50\u5bae\u5185\u306e\u5185\u5bb9\u7269\u3092\u53d6\u308a\u9664\u304d\u307e\u3059\u3002<br>\r\n                                    \u4e2d\u7d76\u624b\u8853\u81ea\u4f53\u306e\u6240\u8981\u6642\u9593\u306f15\u5206\u7a0b\u5ea6\u3067\u3059\u3002<br>\r\n                                    \u9759\u8108\u9ebb\u9154\u3092\u304b\u3051\u308b\u305f\u3081\u610f\u8b58\u306f\u306a\u304f\u3001\u7720\u3063\u3066\u3044\u308b\u9593\u306b\u624b\u8853\u306f\u7d42\u4e86\u3057\u307e\u3059\u3002<br>\r\n                                    \u9ebb\u9154\u306f\u5598\u606f\u306e\u65b9\u3067\u3082\u7528\u3044\u308b\u3053\u3068\u304c\u53ef\u80fd\u306a\u3082\u306e\u3092\u4f7f\u7528\u3057\u3066\u3044\u307e\u3059\u3002<\/p>-->\r\n<div class=\"ivf pb10\">\r\n<p class=\"headline\">\r\n<a href=\"#eva\">\r\n         Ph\u01b0\u01a1ng ph\u00e1p EVA\r\n         <img decoding=\"async\" alt=\"\u4e38\u30dc\u30bf\u30f3\" src=\"https:\/\/www.oakclinic-group.com\/wp\/wp-content\/themes\/oak-clinic\/assets\/images\/funin\/headline_circle_btn.png\"\/>\r\n<\/a>\r\n<\/p>\r\n<\/div>\r\n<div class=\"ivf pb10\">\r\n<p class=\"headline\">\r\n<a href=\"#mva\">\r\n         Ph\u01b0\u01a1ng ph\u00e1p MVA\r\n         <img decoding=\"async\" alt=\"\u4e38\u30dc\u30bf\u30f3\" src=\"https:\/\/www.oakclinic-group.com\/wp\/wp-content\/themes\/oak-clinic\/assets\/images\/funin\/headline_circle_btn.png\"\/>\r\n<\/a>\r\n<\/p>\r\n<\/div>\r\n<\/div>\r\n<div id=\"eva\">\r\n<\/div>\r\n<h2 class=\"section-dept__content02_title mt50\">\r\n      Ph\u1eabu thu\u1eadt ph\u00e1 thai giai \u0111o\u1ea1n \u0111\u1ea7u (d\u01b0\u1edbi 12 tu\u1ea7n)\r\n     <\/h2>\r\n<div class=\"section-dept__content02_text\">\r\n<h3 class=\"section-dept__content03_title\">\r\n       Ph\u01b0\u01a1ng ph\u00e1p EVA (Ph\u01b0\u01a1ng ph\u00e1p h\u00fat \u0111i\u1ec7n)\r\n      <\/h3>\r\n<p>\r\n       Ph\u01b0\u01a1ng ph\u00e1p EVA l\u00e0 ph\u01b0\u01a1ng ph\u00e1p \u0111\u01b0a m\u1ed9t \u1ed1ng h\u00ecnh tr\u1ee5 g\u1ecdi l\u00e0 \u1ed1ng th\u00f4ng v\u00e0o t\u1eed cung, sau \u0111\u00f3 s\u1eed d\u1ee5ng m\u00e1y h\u00fat \u0111i\u1ec7n \u0111\u1ec3 h\u00fat ch\u1ea5t ch\u1ee9a trong t\u1eed cung ra ngo\u00e0i.\r\n       <br\/>\r\n        \u0110\u00e2y l\u00e0 ph\u01b0\u01a1ng ph\u00e1p ph\u1eabu thu\u1eadt c\u00f3 th\u1eddi gian ph\u1eabu thu\u1eadt ng\u1eafn v\u00e0 \u00edt g\u00e2y \u1ea3nh h\u01b0\u1edfng \u0111\u1ebfn c\u01a1 th\u1ec3. \r\n       \r\n      <\/p>\r\n<p class=\"align_center\">\r\n<img decoding=\"async\" alt=\"EVA\u6cd5\uff08\u96fb\u52d5\u5438\u5f15\u6cd5\uff09\" height=\"auto\" src=\"https:\/\/www.oakclinic-group.com\/wp\/wp-content\/themes\/oak-clinic\/assets\/images\/fujinka\/hinin-eva.png\" width=\"350\"\/>\r\n<\/p>\r\n<h4 class=\"section-top__guide_title mt50\">\r\n       L\u1ee3i \u00edch c\u1ee7a ph\u01b0\u01a1ng ph\u00e1p EVA\r\n      <\/h4>\r\n<ul>\r\n<li>\r\n        \u25cf \u00cdt g\u00e2y g\u00e1nh n\u1eb7ng cho c\u01a1 th\u1ec3\r\n       <\/li>\r\n<li>\r\n        \u25cf Ph\u01b0\u01a1ng ph\u00e1p n\u00e0y nguy c\u01a1 t\u1ed5n th\u01b0\u01a1ng n\u1ed9i m\u1ea1c t\u1eed cung th\u1ea5p h\u01a1n so v\u1edbi ph\u1eabu thu\u1eadt.\r\n       <\/li>\r\n<li>\r\n        \u25cf Th\u1eddi gian ph\u1eabu thu\u1eadt ng\u1eafn\r\n       <\/li>\r\n<\/ul>\r\n<h4 class=\"section-top__guide_title mt50\">\r\n       Nh\u01b0\u1ee3c \u0111i\u1ec3m c\u1ee7a ph\u01b0\u01a1ng ph\u00e1p EVA\r\n      <\/h4>\r\n<ul>\r\n<li>\r\n        \u25cf Do vi\u1ec7c l\u00e0m s\u1ea1ch v\u00e0 kh\u1eed tr\u00f9ng d\u1ee5ng c\u1ee5 s\u1eed d\u1ee5ng t\u1ed1n nhi\u1ec1u c\u00f4ng s\u1ee9c, n\u00ean m\u1eb7c d\u00f9 r\u1ee7i ro l\u00e2y nhi\u1ec5m r\u1ea5t th\u1ea5p nh\u01b0ng v\u1eabn c\u00f3 th\u1ec3 g\u00e2y lo ng\u1ea1i.\r\n       <\/li>\r\n<\/ul>\r\n<\/div>\r\n<div id=\"mva\">\r\n<\/div>\r\n<div class=\"section-dept__content02_text mt50\">\r\n<h3 class=\"section-dept__content03_title\">\r\n       Ph\u01b0\u01a1ng ph\u00e1p MVA (Ph\u01b0\u01a1ng ph\u00e1p h\u00fat ch\u00e2n kh\u00f4ng th\u1ee7 c\u00f4ng)\r\n      <\/h3>\r\n<p>\r\n       Ph\u01b0\u01a1ng ph\u00e1p MVA l\u00e0 ph\u01b0\u01a1ng ph\u00e1p s\u1eed d\u1ee5ng \u1ed1ng th\u00f4ng m\u1ec1m cho v\u00e0o t\u1eed cung, sau \u0111\u00f3 \u0111i\u1ec1u ch\u1ec9nh th\u1ee7 c\u00f4ng t\u1ec9 m\u1ec9 \u0111\u1ec3 h\u00fat c\u00e1c ch\u1ea5t b\u00ean trong t\u1eed cung ra ngo\u00e0i. \u0110\u00e2y l\u00e0 ph\u01b0\u01a1ng ph\u00e1p c\u00f3 th\u1eddi gian ph\u1eabu thu\u1eadt ng\u1eafn, \u00edt g\u00e2y \u1ea3nh h\u01b0\u1edfng \u0111\u1ebfn c\u01a1 th\u1ec3. \u1ed0ng th\u00f4ng \u0111\u01b0\u1ee3c s\u1eed d\u1ee5ng t\u1ea1i b\u1ec7nh vi\u1ec7n c\u1ee7a ch\u00fang t\u00f4i \u0111\u01b0\u1ee3c l\u00e0m t\u1eeb ch\u1ea5t li\u1ec7u kh\u00f4ng ch\u1ee9a latex, n\u00ean nh\u1eefng ng\u01b0\u1eddi b\u1ecb d\u1ecb \u1ee9ng v\u1edbi c\u00e1c s\u1ea3n ph\u1ea9m cao su c\u0169ng c\u00f3 th\u1ec3 y\u00ean t\u00e2m th\u1ef1c hi\u1ec7n ph\u1eabu thu\u1eadt.\r\n      <\/p>\r\n<p class=\"align_center\">\r\n<img decoding=\"async\" alt=\"\u547c\u5438\u3001\u5fc3\u62cd\u3001\u8840\u5727\u306e\u30e2\u30cb\u30bf\u30fc\" height=\"auto\" src=\"https:\/\/www.oakclinic-group.com\/wp\/wp-content\/themes\/oak-clinic\/assets\/images\/fujinka\/hinin-mva.png\" width=\"350\"\/>\r\n<\/p>\r\n<h4 class=\"section-top__guide_title mt50\">\r\n       \u01afu \u0111i\u1ec3m c\u1ee7a ph\u01b0\u01a1ng ph\u00e1p MVA\r\n      <\/h4>\r\n<ul>\r\n<li>\r\n        \u25cf S\u1eed d\u1ee5ng v\u1eadt li\u1ec7u m\u1ec1m m\u1ea1i, \u00edt g\u00e2y \u00e1p l\u1ef1c l\u00ean c\u01a1 th\u1ec3\r\n       <\/li>\r\n<li>\r\n        \u25cf Nguy c\u01a1 t\u1ed5n th\u01b0\u01a1ng n\u1ed9i m\u1ea1c t\u1eed cung th\u1ea5p\r\n       <\/li>\r\n<li>\r\n        \u25cf S\u1eed d\u1ee5ng b\u1ed9 d\u1ee5ng c\u1ee5 d\u00f9ng m\u1ed9t l\u1ea7n n\u00ean nguy c\u01a1 l\u00e2y nhi\u1ec5m th\u1ea5p.\r\n       <\/li>\r\n<li>\r\n        \u25cf V\u00ec \u0111\u01b0\u1ee3c th\u1ef1c hi\u1ec7n th\u1ee7 c\u00f4ng, n\u00ean c\u00f3 th\u1ec3 ti\u1ebfp t\u1ee5c v\u00e0 \u1ee9ng ph\u00f3 trong tr\u01b0\u1eddng h\u1ee3p kh\u1ea9n c\u1ea5p, thi\u00ean tai.\r\n       <\/li>\r\n<\/ul>\r\n<h4 class=\"section-top__guide_title mt50\">\r\n       Nh\u01b0\u1ee3c \u0111i\u1ec3m c\u1ee7a ph\u01b0\u01a1ng ph\u00e1p MVA\r\n      <\/h4>\r\n<ul>\r\n<li>\r\n        \u25cf Tu\u1ea7n thai \u0111\u01b0\u1ee3c khuy\u1ebfn ngh\u1ecb l\u00e0 t\u01b0\u01a1ng \u0111\u1ed1i ng\u1eafn, t\u1eeb 6 \u0111\u1ebfn 10 tu\u1ea7n.\r\n       <\/li>\r\n<li>\r\n        \u25cf Do s\u1eed d\u1ee5ng b\u1ed9 d\u1ee5ng c\u1ee5 d\u00f9ng m\u1ed9t l\u1ea7n, chi ph\u00ed y t\u1ebf s\u1ebd cao h\u01a1n so v\u1edbi ph\u01b0\u01a1ng ph\u00e1p EVA.\r\n       <\/li>\r\n<\/ul>\r\n<\/div>\r\n<\/div>\r\n<div class=\"section-dept__content03_text\">\r\n<div class=\"text_frame3 align_center mt25 mb0\">\r\n<p class=\"frame3_title rem17\">\r\n       Hi\u1ec7p h\u1ed9i y t\u1ebf Oak\r\n       <br class=\"pc_none\"\/>\r\n       Li\u00ean h\u1ec7\u30fb\u0110\u1eb7t h\u1eb9n S\u1ed1 \u0111i\u1ec7n tho\u1ea1i\r\n      <\/p>\r\n<p class=\"mb0 rem20\">\r\n<a class=\"tel\" href=\"tel:0120-009-345\">\r\n        0120-009-345\r\n       <\/a>\r\n<\/p>\r\n<p>\r\n       \u3010Th\u1eddi gian ti\u1ebfp nh\u1eadn\u3011\r\n       <br\/>\r\n       Th\u1ee9 Hai \u0111\u1ebfn Th\u1ee9 B\u1ea3y, 9:00 \u0111\u1ebfn 17:00\r\n       <br\/>\r\n       (tr\u1eeb ng\u00e0y l\u1ec5, cu\u1ed1i n\u0103m v\u00e0 \u0111\u1ea7u n\u0103m)\r\n       <br\/>\r\n       \u203b\u0110\u0103ng k\u00fd \u0111\u1eb7t ch\u1ed7 c\u0169ng \u0111\u01b0\u1ee3c\r\n       <br class=\"pc_none\"\/>\r\n       nh\u1eadn v\u00e0o c\u00e1c ng\u00e0y l\u1ec5 \r\n       <br class=\"pc_none\"\/>\r\n       (9:00~17:00).\r\n      <\/p>\r\n<p class=\"mt20\">\r\n       \u203bT\u1eeb n\u01b0\u1edbc ngo\u00e0i v\u00e0 m\u1ed9t s\u1ed1 h\u00f2n \u0111\u1ea3o xa x\u00f4i trong n\u01b0\u1edbc, kh\u00f4ng th\u1ec3 s\u1eed d\u1ee5ng s\u1ed1 \u0111i\u1ec7n tho\u1ea1i tr\u00ean.\r\n       <br\/>\r\n       Trong tr\u01b0\u1eddng h\u1ee3p \u0111\u00f3, vui l\u00f2ng g\u1ecdi \u0111\u1ebfn s\u1ed1 \u0111i\u1ec7n tho\u1ea1i sau: TEL \r\n       <a class=\"tel rem14\" href=\"tel:06-4398-1000\">\r\n        06-4398-1000\r\n       <\/a>\r\n<br class=\"pc_none\"\/>\r\n       (C\u1ea7n tr\u1ea3 ph\u00ed cu\u1ed9c g\u1ecdi)\r\n      <\/p>\r\n<\/div>\r\n<!-- #EndLibraryItem -->\r\n<div class=\"section-top__item_top_area clearfix mt50 pt0 mb100\">\r\n<h2 class=\"section-dept__content02_title mb20\">\r\n       Th\u00f4ng tin v\u1ec1 ph\u00f2ng kh\u00e1m\r\n      <\/h2>\r\n<ul class=\"w100\">\r\n<li class=\"index_btn\">\r\n<a href=\"https:\/\/www.oakclinic-group.com\/sumiyoshi\/fujinka\/\">\r\n<div class=\"btn-photo bg-sumiyoshi\">\r\n<p class=\"btn-text\">\r\n           Ph\u00f2ng kh\u00e1m s\u1ea3n ph\u1ee5 khoa Oak Sumiyoshi\r\n          <\/p>\r\n<\/div>\r\n<\/a>\r\n<\/li>\r\n<\/ul>\r\n<\/div>\r\n<\/div>\r\n<\/section>\r\n<\/div>\r\n<\/div>\r\n<!-- section-dept__container end -->","protected":false},"excerpt":{"rendered":"Ph\u00e1 thai giai \u0111o\u1ea1n \u0111\u1ea7u (d\u01b0\u1edbi 12 tu\u1ea7n): Ph\u01b0\u01a1ng ph\u00e1p EVA v\u00e0 ph\u01b0\u01a1ng ph\u00e1p MVA Sumiyoshi Ph\u01b0\u01a1ng ph\u00e1p EVA Ph\u01b0\u01a1ng ph\u00e1p MVA Ph\u1eabu thu\u1eadt ph\u00e1 thai giai \u0111o\u1ea1n \u0111\u1ea7u (d\u01b0\u1edbi 12 tu\u1ea7n) Ph\u01b0\u01a1ng ph\u00e1p EVA (Ph\u01b0\u01a1ng ph\u00e1p h\u00fat \u0111i\u1ec7n) Ph\u01b0\u01a1ng ph\u00e1p EVA l\u00e0 ph\u01b0\u01a1ng ph\u00e1p \u0111\u01b0a m\u1ed9t \u1ed1ng h\u00ecnh tr\u1ee5 g\u1ecdi l\u00e0 \u1ed1ng th\u00f4ng v\u00e0o [&hellip;]","protected":false},"author":5,"featured_media":0,"parent":7132,"menu_order":696,"comment_status":"closed","ping_status":"closed","template":"","meta":{"_locale":"vi","_original_post":"https:\/\/www.oakclinic-group.com\/wp\/?page_id=753","footnotes":""},"class_list":["post-7140","page","type-page","status-publish","hentry","vi"],"_links":{"self":[{"href":"https:\/\/www.oakclinic-group.com\/wp-json\/wp\/v2\/pages\/7140","targetHints":{"allow":["GET"]}}],"collection":[{"href":"https:\/\/www.oakclinic-group.com\/wp-json\/wp\/v2\/pages"}],"about":[{"href":"https:\/\/www.oakclinic-group.com\/wp-json\/wp\/v2\/types\/page"}],"author":[{"embeddable":true,"href":"https:\/\/www.oakclinic-group.com\/wp-json\/wp\/v2\/users\/5"}],"replies":[{"embeddable":true,"href":"https:\/\/www.oakclinic-group.com\/wp-json\/wp\/v2\/comments?post=7140"}],"version-history":[{"count":1,"href":"https:\/\/www.oakclinic-group.com\/wp-json\/wp\/v2\/pages\/7140\/revisions"}],"predecessor-version":[{"id":7143,"href":"https:\/\/www.oakclinic-group.com\/wp-json\/wp\/v2\/pages\/7140\/revisions\/7143"}],"up":[{"embeddable":true,"href":"https:\/\/www.oakclinic-group.com\/wp-json\/wp\/v2\/pages\/7132"}],"wp:attachment":[{"href":"https:\/\/www.oakclinic-group.com\/wp-json\/wp\/v2\/media?parent=7140"}],"curies":[{"name":"wp","href":"https:\/\/api.w.org\/{rel}","templated":true}]}}