{"id":7138,"date":"2026-04-07T11:36:44","date_gmt":"2026-04-07T02:36:44","guid":{"rendered":"https:\/\/www.oakclinic-group.com\/?page_id=7138"},"modified":"2026-04-08T11:44:56","modified_gmt":"2026-04-08T02:44:56","slug":"aus_shoki01","status":"publish","type":"page","link":"https:\/\/www.oakclinic-group.com\/vi\/fujinka\/aus_shoki01\/","title":{"rendered":"Ph\u00e1 thai s\u1edbm: Nh\u1eefng l\u01b0u \u00fd v\u1ec1 an to\u00e0n"},"content":{"rendered":"<div class=\"section-dept__container\">\r\n<div class=\"section-dept__first_content\">\r\n<section class=\"section-dept__content01\">\r\n<h1 class=\"section-dept__content01_title\">\r\n<span style=\"font-size: 0.75em;\">\r\n      Ph\u00e1 thai giai \u0111o\u1ea1n \u0111\u1ea7u (d\u01b0\u1edbi 12 tu\u1ea7n):\r\n     <\/span>\r\n     C\u00e2n nh\u1eafc v\u1ec1 m\u1eb7t an to\u00e0n\r\n    <\/h1>\r\n<!-- \u5404\u30af\u30ea\u30cb\u30c3\u30af -->\r\n<div class=\"float_right mt20 mb0\">\r\n<p class=\"mb0\">\r\n<span class=\"text_frame2\">\r\n<a href=\"https:\/\/www.oakclinic-group.com\/sumiyoshi\/fujinka\/\">\r\n        Sumiyoshi\r\n       <\/a>\r\n<\/span>\r\n<\/p>\r\n<\/div>\r\n<p style=\"clear: both;\">\r\n<\/p>\r\n<!-- \u5404\u30af\u30ea\u30cb\u30c3\u30af \u3053\u3053\u307e\u3067 -->\r\n<div class=\"section-dept__content01_text pt0\">\r\n<div class=\"ivf_icsi_cap\">\r\n<p class=\"align_left mt20 pr10 pl10\">\r\n       T\u1ea1i b\u1ec7nh vi\u1ec7n c\u1ee7a ch\u00fang t\u00f4i, vi\u1ec7c ph\u00e1 thai trong giai \u0111o\u1ea1n \u0111\u1ea7u d\u01b0\u1edbi 12 tu\u1ea7n tu\u1ed5i thai \u0111\u01b0\u1ee3c th\u1ef1c hi\u1ec7n theo nguy\u00ean t\u1eafc b\u1eb1ng ph\u01b0\u01a1ng ph\u00e1p h\u00fat thai, lo\u1ea1i b\u1ecf c\u00e1c th\u00e0nh ph\u1ea7n trong t\u1eed cung b\u1eb1ng m\u00e1y m\u00f3c.\r\n       <br\/>\r\n       Th\u1eddi gian th\u1ef1c hi\u1ec7n ph\u1eabu thu\u1eadt ph\u00e1 thai kho\u1ea3ng 15 ph\u00fat.\r\n       <br\/>\r\n       B\u1ec7nh nh\u00e2n s\u1ebd \u0111\u01b0\u1ee3c g\u00e2y m\u00ea t\u0129nh m\u1ea1ch n\u00ean kh\u00f4ng c\u00f3 \u00fd th\u1ee9c, v\u00e0 ph\u1eabu thu\u1eadt s\u1ebd k\u1ebft th\u00fac trong khi b\u1ea1n \u0111ang ng\u1ee7.\r\n       <br\/>\r\n       Ch\u00fang t\u00f4i s\u1eed d\u1ee5ng lo\u1ea1i thu\u1ed1c g\u00e2y m\u00ea c\u00f3 th\u1ec3 s\u1eed d\u1ee5ng cho c\u1ea3 nh\u1eefng ng\u01b0\u1eddi b\u1ecb hen suy\u1ec5n.\r\n      <\/p>\r\n<div class=\"ivf pb10\">\r\n<p class=\"headline\">\r\n<a href=\"#consideration\">\r\n         S\u1ef1 quan t\u00e2m \u0111\u1ebfn an to\u00e0n c\u1ee7a b\u1ec7nh vi\u1ec7n ch\u00fang t\u00f4i\r\n         <img decoding=\"async\" alt=\"\u4e38\u30dc\u30bf\u30f3\" src=\"https:\/\/www.oakclinic-group.com\/wp\/wp-content\/themes\/oak-clinic\/assets\/images\/funin\/headline_circle_btn.png\"\/>\r\n<\/a>\r\n<\/p>\r\n<\/div>\r\n<div class=\"ivf pb10\">\r\n<p class=\"headline\">\r\n<a href=\"#reserve\">\r\n         V\u1ec1 \u0111\u1eb7t ch\u1ed7\r\n         <img decoding=\"async\" alt=\"\u4e38\u30dc\u30bf\u30f3\" src=\"https:\/\/www.oakclinic-group.com\/wp\/wp-content\/themes\/oak-clinic\/assets\/images\/funin\/headline_circle_btn.png\"\/>\r\n<\/a>\r\n<\/p>\r\n<\/div>\r\n<\/div>\r\n<div id=\"consideration\">\r\n<\/div>\r\n<h2 class=\"section-dept__content02_title mt50\">\r\n      S\u1ef1 quan t\u00e2m \u0111\u1ebfn an to\u00e0n c\u1ee7a b\u1ec7nh vi\u1ec7n ch\u00fang t\u00f4i\r\n     <\/h2>\r\n<div class=\"section-dept__content02_text\">\r\n<h3 class=\"section-dept__content03_title\">\r\n       Qu\u1ea3n l\u00fd g\u00e2y m\u00ea\r\n      <\/h3>\r\n<p>\r\n       Trong qu\u00e1 tr\u00ecnh ph\u1eabu thu\u1eadt, thu\u1ed1c g\u00e2y m\u00ea s\u1ebd \u0111\u01b0\u1ee3c ti\u00eam t\u0129nh m\u1ea1ch qua \u0111\u01b0\u1eddng truy\u1ec1n.\r\n       <br\/>\r\n       Khi s\u1eed d\u1ee5ng k\u1ebft h\u1ee3p kh\u00ed g\u00e2y m\u00ea, b\u1ec7nh nh\u00e2n c\u00f3 th\u1ec3 ph\u1eabu thu\u1eadt trong tr\u1ea1ng th\u00e1i th\u01b0 gi\u00e3n, kh\u00f4ng c\u1ea3m th\u1ea5y lo l\u1eafng hay s\u1ee3 h\u00e3i.\r\n      <\/p>\r\n<p>\r\n       Ph\u01b0\u01a1ng ph\u00e1p g\u00e2y m\u00ea \u0111\u01b0\u1ee3c s\u1eed d\u1ee5ng trong ph\u1eabu thu\u1eadt ph\u00e1 thai t\u1ea1i Oak Kai clinic  l\u00e0 g\u00e2y m\u00ea t\u0129nh m\u1ea1ch, m\u1ed9t lo\u1ea1i g\u00e2y m\u00ea to\u00e0n th\u00e2n nh\u1eb9 nh\u1ea5t.\r\n       <br\/>\r\n       Ch\u00fang t\u00f4i kh\u00f4ng ch\u1ec9 h\u01b0\u1edbng \u0111\u1ebfn vi\u1ec7c gi\u1ea3m \u0111au trong qu\u00e1 tr\u00ecnh ph\u1eabu thu\u1eadt m\u00e0 c\u00f2n c\u1ea3 tr\u01b0\u1edbc v\u00e0 sau ph\u1eabu thu\u1eadt.\r\n      <\/p>\r\n<h3 class=\"section-dept__content03_title mt40\">\r\n       M\u00e1y theo d\u00f5i nh\u1ecbp th\u1edf, nh\u1ecbp tim, huy\u1ebft \u00e1p\r\n      <\/h3>\r\n<p class=\"float_right\">\r\n<img loading=\"lazy\" decoding=\"async\" alt=\"M\u00e1y theo d\u00f5i nh\u1ecbp th\u1edf, nh\u1ecbp tim, huy\u1ebft \u00e1p\" height=\"103\" src=\"https:\/\/www.oakclinic-group.com\/wp\/wp-content\/themes\/oak-clinic\/assets\/images\/fujinka\/shoki_lifescape.jpg\" width=\"112\"\/>\r\n<\/p>\r\n<p>\r\n       Trong qu\u00e1 tr\u00ecnh ph\u1eabu thu\u1eadt, ch\u00fang t\u00f4i li\u00ean t\u1ee5c theo d\u00f5i huy\u1ebft \u00e1p, nh\u1ecbp tim, nh\u1ecbp th\u1edf v\u00e0 \u0111\u1ed9 b\u00e3o h\u00f2a oxy tr\u00ean m\u00e0n h\u00ecnh \u0111\u1ec3 n\u1eafm b\u1eaft t\u00ecnh tr\u1ea1ng s\u1ee9c kh\u1ecfe t\u1ed5ng th\u1ec3 c\u1ee7a b\u1ec7nh nh\u00e2n.\r\n      <\/p>\r\n<h3 class=\"section-dept__content03_title mt60\">\r\n       M\u00e0n h\u00ecnh SpO2\r\n      <\/h3>\r\n<p>\r\n       Ch\u00fang t\u00f4i trang b\u1ecb m\u00e1y theo d\u00f5i sinh h\u1ecdc \u0111\u1ec3 \u0111o SpO2 (\u0111\u1ed9 b\u00e3o h\u00f2a oxy), \u0111\u1ea3m b\u1ea3o an to\u00e0n v\u00e0 an t\u00e2m, \u0111\u1ed3ng th\u1eddi th\u1ef1c hi\u1ec7n ph\u1eabu thu\u1eadt trong ph\u00f2ng m\u1ed5 s\u1ea1ch s\u1ebd.\r\n       <br\/>\r\n       Suy h\u00f4 h\u1ea5p do g\u00e2y m\u00ea l\u00e0 m\u1ed9t trong nh\u1eefng tai n\u1ea1n th\u01b0\u1eddng g\u1eb7p nh\u1ea5t trong ph\u1eabu thu\u1eadt ph\u00e1 thai.\r\n      <\/p>\r\n<h3 class=\"section-dept__content03_title mt40\">\r\n       Truy\u1ec1n d\u1ecbch b\u1eb1ng \u1ed1ng th\u00f4ng\r\n      <\/h3>\r\n<p>\r\n       \u0110\u1ec3 \u0111\u1ec1 ph\u00f2ng tr\u01b0\u1eddng h\u1ee3p ch\u1ea3y m\u00e1u, ch\u00fang t\u00f4i s\u1ebd ti\u1ebfn h\u00e0nh truy\u1ec1n d\u1ecbch \u0111\u1ec3 \u0111\u1ea3m b\u1ea3o m\u1ea1ch m\u00e1u.\r\n      <\/p>\r\n<!--<p>\u4e07\u304c\u4e00\u306e\u51fa\u8840\u306a\u3069\u306b\u5099\u3048\u3066\u3001\u5b50\u5bae\u5185\u306b\u512a\u3057\u3044\u3084\u308f\u3089\u304b\u306a\u7d20\u6750\u3067\u4f5c\u3089\u308c\u3066\u3044\u308b\u5438\u5f15\u7ba1\uff08\u30bd\u30d5\u30c8\u30ab\u30cb\u30e5\u30fc\u30ec\uff09\u3092\u4f7f\u7528\u3057\u3066\u3044\u307e\u3059\u3002<br>\r\n                                    \u3053\u308c\u306b\u3088\u308a\u3001\u624b\u52d5\u3067\u5438\u5f15\u3059\u308b\u305f\u3081\u5b50\u5bae\u5185\u819c\u3092\u50b7\u3064\u3051\u305a\u306b\u3059\u307f\u307e\u3059\u3002<\/p>\r\n                                <p>\u307e\u305f1\u56de\u304d\u308a\u306e\u4f7f\u3044\u6368\u3066\u306e\u5668\u5177\u3092\u4f7f\u7528\u3057\u307e\u3059\u306e\u3067\u6975\u3081\u3066\u6e05\u6f54\u306a\u72b6\u614b\u3067\u624b\u8853\u3092\u884c\u306a\u3046\u3053\u3068\u304c\u3067\u304d\u3001\u611f\u67d3\u30ea\u30b9\u30af\u304c\u6700\u5c0f\u9650\u306b\u6291\u3048\u3089\u308c\u307e\u3059\u3002<\/p>-->\r\n<h3 class=\"section-dept__content03_title mt40\">\r\n       \u0110\u1ea3m b\u1ea3o \u0111\u01b0\u1eddng \u1ed1ng d\u1eabn oxy\r\n      <\/h3>\r\n<p>\r\n       \u0110\u1ec3 \u0111\u1ec1 ph\u00f2ng tr\u01b0\u1eddng h\u1ee3p suy h\u00f4 h\u1ea5p ho\u1eb7c s\u1ed1c, ch\u00fang t\u00f4i \u0111\u00e3 chu\u1ea9n b\u1ecb s\u1eb5n oxy th\u00f4ng qua h\u1ec7 th\u1ed1ng \u1ed1ng d\u1eabn trung t\u00e2m.\r\n       <br\/>\r\n       Trong qu\u00e1 tr\u00ecnh ph\u1eabu thu\u1eadt, ch\u00fang t\u00f4i lu\u00f4n theo d\u00f5i nh\u1ecbp tim v\u00e0 n\u1ed3ng \u0111\u1ed9 oxy trong m\u00e1u \u0111\u1ec3 \u0111\u1ea3m b\u1ea3o an to\u00e0n.\r\n      <\/p>\r\n<h3 class=\"section-dept__content03_title mt40\">\r\n       Ph\u1eabu thu\u1eadt d\u01b0\u1edbi s\u1ef1 gi\u00e1m s\u00e1t c\u1ee7a m\u00e1y si\u00eau \u00e2m\r\n      <\/h3>\r\n<p class=\"float_right\">\r\n<img loading=\"lazy\" decoding=\"async\" alt=\"Ph\u1eabu thu\u1eadt d\u01b0\u1edbi s\u1ef1 gi\u00e1m s\u00e1t c\u1ee7a m\u00e1y si\u00eau \u00e2m\" height=\"125\" src=\"https:\/\/www.oakclinic-group.com\/wp\/wp-content\/themes\/oak-clinic\/assets\/images\/fujinka\/shoki_ssd1000.jpg\" width=\"74\"\/>\r\n<\/p>\r\n<p>\r\n       T\u1eed cung trong th\u1eddi k\u1ef3 mang thai tr\u1edf n\u00ean m\u1ec1m h\u01a1n, c\u00f3 th\u1ec3 g\u00e2y ra th\u1ee7ng t\u1eed cung b\u1ea5t ng\u1edd trong qu\u00e1 tr\u00ecnh ph\u1eabu thu\u1eadt.\r\n       <br\/>\r\n       \u0110\u1ec3 tr\u00e1nh t\u1ed1i \u0111a c\u00e1c bi\u1ebfn ch\u1ee9ng nh\u01b0 v\u1eady v\u00e0 th\u1ef1c hi\u1ec7n ph\u1eabu thu\u1eadt m\u1ed9t c\u00e1ch an to\u00e0n nh\u1ea5t c\u00f3 th\u1ec3, ch\u00fang t\u00f4i ti\u1ebfn h\u00e0nh ph\u1eabu thu\u1eadt d\u01b0\u1edbi s\u1ef1 gi\u00e1m s\u00e1t c\u1ee7a m\u00e1y si\u00eau \u00e2m.\r\n      <\/p>\r\n<h3 class=\"section-dept__content03_title mt60\">\r\n       Ph\u01b0\u01a1ng ph\u00e1p h\u00fat thai\r\n      <\/h3>\r\n<!--<p class=\"float_right\"><img decoding=\"async\" src=\"[assets]\/images\/fujinka\/shoki_toitsu.jpg\" alt=\"\u8d85\u97f3\u6ce2\u30e2\u30cb\u30bf\u30fc\u4e0b\u306e\u624b\u8853\"><\/p>-->\r\n<p>\r\n       Ph\u01b0\u01a1ng ph\u00e1p h\u00fat ch\u00e2n kh\u00f4ng th\u1ee7 c\u00f4ng (MVA) l\u00e0 ph\u01b0\u01a1ng ph\u00e1p ph\u1eabu thu\u1eadt \u0111\u01b0\u1ee3c khuy\u1ebfn ngh\u1ecb trong h\u01b0\u1edbng d\u1eabn ph\u00e1 thai an to\u00e0n c\u1ee7a WHO.\r\n       <br\/>\r\n       \u0110\u00e2y l\u00e0 ph\u01b0\u01a1ng ph\u00e1p ph\u1eabu thu\u1eadt s\u1eed d\u1ee5ng \u1ed1ng m\u1ecfng v\u00e0 m\u1ec1m l\u00e0m b\u1eb1ng polypropylene \u0111\u1ec3 \u0111\u01b0a v\u00e0o t\u1eed cung, sau \u0111\u00f3 s\u1eed d\u1ee5ng m\u00e1y h\u00fat tay \u0111\u1ec3 h\u00fat ch\u1ea5t l\u1ecfng b\u00ean trong.\r\n       <br\/>\r\n       B\u1eb1ng c\u00e1ch h\u00fat th\u1ee7 c\u00f4ng, c\u00f3 th\u1ec3 \u0111i\u1ec1u ch\u1ec9nh chi ti\u1ebft, kh\u00f4ng l\u00e0m t\u1ed5n th\u01b0\u01a1ng t\u1eed cung v\u00e0 th\u1ef1c hi\u1ec7n ph\u1eabu thu\u1eadt an to\u00e0n.\r\n       <br\/>\r\n       V\u1ec1 nguy\u00ean t\u1eafc, ch\u00fang t\u00f4i \u00e1p d\u1ee5ng h\u00fat ch\u00e2n kh\u00f4ng \u0111\u1ec3 b\u1ea3o v\u1ec7 l\u1edbp \u0111\u00e1y n\u1ed9i m\u1ea1c t\u1eed cung, nh\u1eb1m h\u1ea1n ch\u1ebf t\u1ed1i \u0111a nguy c\u01a1 g\u00e2y hi\u1ebfm mu\u1ed9n do h\u1ed9i ch\u1ee9ng Asherman d\u00ednh bu\u1ed3ng t\u1eed cung.\r\n      <\/p>\r\n<\/div>\r\n<\/div>\r\n<div id=\"reserve\">\r\n<\/div>\r\n<h2 class=\"section-dept__content02_title\">\r\n     V\u1ec1 \u0111\u1eb7t ch\u1ed7\r\n    <\/h2>\r\n<div class=\"section-dept__content03_text\">\r\n<p>\r\n      Vui l\u00f2ng g\u1ecdi \u0111i\u1ec7n tho\u1ea1i trong gi\u1edd l\u00e0m vi\u1ec7c \u0111\u1ec3 \u0111\u1eb7t l\u1ecbch h\u1eb9n.\r\n     <\/p>\r\n<!-- #BeginLibraryItem \"\/Library\/fujinka_ginza.lbi\" -->\r\n<section class=\"section-top__item_b_box2 text_frame color_gray align_center ml0 mr0\">\r\n<div class=\"sp_wrapper\">\r\n<p class=\"pb0 mb-5\">\r\n        M\u1ed7i b\u1ec7nh vi\u1ec7n c\u00f3 c\u00e1c khoa chuy\u00ean bi\u1ec7t kh\u00e1c nhau, v\u00ec v\u1eady vui l\u00f2ng li\u00ean h\u1ec7 tr\u01b0\u1edbc khi \u0111\u1ebfn b\u1ec7nh vi\u1ec7n.\r\n        <br\/>\r\n        C\u01a1 s\u1edf Ginza ch\u1ec9 \u0111i\u1ec1u tr\u1ecb v\u00f4 sinh.\r\n       <\/p>\r\n<\/div>\r\n<\/section>\r\n<!-- #EndLibraryItem -->\r\n<div class=\"text_frame3 align_center mt25 mb25\">\n  <p class=\"frame3_title rem17\">Hi\u1ec7p h\u1ed9i y t\u1ebf Oak <br class=\"pc_none\">Li\u00ean h\u1ec7\u30fb\u0110\u1eb7t h\u1eb9n S\u1ed1 \u0111i\u1ec7n tho\u1ea1i<\/p>\n  <p class=\"mb0 rem20\"><a class=\"tel\" href=\"tel:0120-009-345\">0120-009-345<\/a><\/p>\n  <p>\u3010Th\u1eddi gian ti\u1ebfp nh\u1eadn\u3011<br>\n    Th\u1ee9 Hai \u0111\u1ebfn Th\u1ee9 B\u1ea3y, 9:00 \u0111\u1ebfn 17:00 <br>\n    (tr\u1eeb ng\u00e0y l\u1ec5, cu\u1ed1i n\u0103m v\u00e0 \u0111\u1ea7u n\u0103m)<br>\n    \u203b\u0110\u0103ng k\u00fd \u0111\u1eb7t ch\u1ed7 <br class=\"pc_none\">c\u0169ng \u0111\u01b0\u1ee3c nh\u1eadn <br class=\"pc_none\">v\u00e0o c\u00e1c ng\u00e0y l\u1ec5 (9:00~17:00).<\/p>\n  <p class=\"mt20\">\u203bT\u1eeb n\u01b0\u1edbc ngo\u00e0i v\u00e0 m\u1ed9t s\u1ed1 h\u00f2n \u0111\u1ea3o xa x\u00f4i trong n\u01b0\u1edbc, kh\u00f4ng th\u1ec3 s\u1eed d\u1ee5ng s\u1ed1 \u0111i\u1ec7n tho\u1ea1i tr\u00ean. Trong tr\u01b0\u1eddng h\u1ee3p \u0111\u00f3, vui l\u00f2ng g\u1ecdi \u0111\u1ebfn s\u1ed1 \u0111i\u1ec7n tho\u1ea1i sau:<br>\n    TEL <a class=\"tel rem14\" href=\"tel:06-4398-1000\">06-4398-1000<\/a> <br class=\"pc_none\">(C\u1ea7n tr\u1ea3 ph\u00ed cu\u1ed9c g\u1ecdi)<\/p>\n  \u00a0\n  <hr style=\"width: 100%;\">\n  <p>Li\u00ean h\u1ec7 qua email t\u1ea1i \u0111\u00e2y<\/p>\n  <p><a href=\"mailto:oak_online@oakclinic-group.com\">oak_online@oakclinic-group.com<\/a><\/p>\n  <p>\u203bSau khi nh\u1eadn \u0111\u01b0\u1ee3c email, nh\u00e2n vi\u00ean ph\u1ee5 tr\u00e1ch s\u1ebd li\u00ean h\u1ec7 l\u1ea1i v\u1edbi qu\u00fd kh\u00e1ch theo th\u1ee9 t\u1ef1.<br>\n    \u203bN\u1ebfu qu\u00fd kh\u00e1ch c\u1ea7n gi\u1ea3i quy\u1ebft g\u1ea5p, vui l\u00f2ng li\u00ean h\u1ec7 qua \u0111i\u1ec7n tho\u1ea1i.<\/p>\n<\/div>\r\n<div class=\"section-top__item_top_area clearfix mt50 pt0 mb100\">\r\n<h2 class=\"section-dept__content02_title mb20\">\r\n       Th\u00f4ng tin v\u1ec1 ph\u00f2ng kh\u00e1m\r\n      <\/h2>\r\n<ul class=\"w100\">\r\n<li class=\"index_btn\">\r\n<a href=\"https:\/\/www.oakclinic-group.com\/sumiyoshi\/fujinka\/\">\r\n<div class=\"btn-photo bg-sumiyoshi\">\r\n<p class=\"btn-text\">\r\n           Ph\u00f2ng kh\u00e1m s\u1ea3n ph\u1ee5 khoa Oak Sumiyoshi\r\n          <\/p>\r\n<\/div>\r\n<\/a>\r\n<\/li>\r\n<\/ul>\r\n<\/div>\r\n<\/div>\r\n<\/section>\r\n<\/div>\r\n<\/div>\r\n<!-- section-dept__container end -->","protected":false},"excerpt":{"rendered":"Ph\u00e1 thai giai \u0111o\u1ea1n \u0111\u1ea7u (d\u01b0\u1edbi 12 tu\u1ea7n): C\u00e2n nh\u1eafc v\u1ec1 m\u1eb7t an to\u00e0n Sumiyoshi T\u1ea1i b\u1ec7nh vi\u1ec7n c\u1ee7a ch\u00fang t\u00f4i, vi\u1ec7c ph\u00e1 thai trong giai \u0111o\u1ea1n \u0111\u1ea7u d\u01b0\u1edbi 12 tu\u1ea7n tu\u1ed5i thai \u0111\u01b0\u1ee3c th\u1ef1c hi\u1ec7n theo nguy\u00ean t\u1eafc b\u1eb1ng ph\u01b0\u01a1ng ph\u00e1p h\u00fat thai, lo\u1ea1i b\u1ecf c\u00e1c th\u00e0nh ph\u1ea7n trong t\u1eed cung b\u1eb1ng m\u00e1y m\u00f3c. [&hellip;]","protected":false},"author":5,"featured_media":0,"parent":7132,"menu_order":685,"comment_status":"closed","ping_status":"closed","template":"","meta":{"_locale":"vi","_original_post":"https:\/\/www.oakclinic-group.com\/wp\/?page_id=747","footnotes":""},"class_list":["post-7138","page","type-page","status-publish","hentry","vi"],"_links":{"self":[{"href":"https:\/\/www.oakclinic-group.com\/wp-json\/wp\/v2\/pages\/7138","targetHints":{"allow":["GET"]}}],"collection":[{"href":"https:\/\/www.oakclinic-group.com\/wp-json\/wp\/v2\/pages"}],"about":[{"href":"https:\/\/www.oakclinic-group.com\/wp-json\/wp\/v2\/types\/page"}],"author":[{"embeddable":true,"href":"https:\/\/www.oakclinic-group.com\/wp-json\/wp\/v2\/users\/5"}],"replies":[{"embeddable":true,"href":"https:\/\/www.oakclinic-group.com\/wp-json\/wp\/v2\/comments?post=7138"}],"version-history":[{"count":2,"href":"https:\/\/www.oakclinic-group.com\/wp-json\/wp\/v2\/pages\/7138\/revisions"}],"predecessor-version":[{"id":7174,"href":"https:\/\/www.oakclinic-group.com\/wp-json\/wp\/v2\/pages\/7138\/revisions\/7174"}],"up":[{"embeddable":true,"href":"https:\/\/www.oakclinic-group.com\/wp-json\/wp\/v2\/pages\/7132"}],"wp:attachment":[{"href":"https:\/\/www.oakclinic-group.com\/wp-json\/wp\/v2\/media?parent=7138"}],"curies":[{"name":"wp","href":"https:\/\/api.w.org\/{rel}","templated":true}]}}