{"id":7136,"date":"2026-04-07T11:20:35","date_gmt":"2026-04-07T02:20:35","guid":{"rendered":"https:\/\/www.oakclinic-group.com\/?page_id=7136"},"modified":"2026-04-08T11:45:29","modified_gmt":"2026-04-08T02:45:29","slug":"aus_shoki02","status":"publish","type":"page","link":"https:\/\/www.oakclinic-group.com\/vi\/fujinka\/aus_shoki02\/","title":{"rendered":"Ph\u00e1 thai s\u1edbm: Quy tr\u00ecnh ph\u1eabu thu\u1eadt"},"content":{"rendered":"<div class=\"section-dept__container\">\r\n<div class=\"section-dept__first_content\">\r\n<section class=\"section-dept__content01\">\r\n<h1 class=\"section-dept__content01_title\">\r\n<span style=\"font-size: 0.75em;\">\r\n      Ph\u00e1 thai giai \u0111o\u1ea1n \u0111\u1ea7u (d\u01b0\u1edbi 12 tu\u1ea7n):\r\n     <\/span>\r\n     Quy tr\u00ecnh ph\u1eabu thu\u1eadt\r\n    <\/h1>\r\n<!-- \u5404\u30af\u30ea\u30cb\u30c3\u30af -->\r\n<div class=\"float_right mt20 mb10\">\r\n<p class=\"mb0\">\r\n<span class=\"text_frame2\">\r\n<a href=\"https:\/\/www.oakclinic-group.com\/sumiyoshi\/fujinka\/\">\r\n        Sumiyoshi\r\n       <\/a>\r\n<\/span>\r\n<\/p>\r\n<\/div>\r\n<!-- \u5404\u30af\u30ea\u30cb\u30c3\u30af \u3053\u3053\u307e\u3067 -->\r\n<div class=\"section-dept__content01_text mt20\">\r\n<div class=\"treatment_cap mt10\">\r\n<div class=\"align_left mb10 pl10 pr10\">\r\n<p>\r\n        Ph\u1eabu thu\u1eadt ph\u00e1 thai giai \u0111o\u1ea1n \u0111\u1ea7u l\u00e0 ph\u1eabu thu\u1eadt ph\u00e1 thai \u0111\u01b0\u1ee3c th\u1ef1c hi\u1ec7n trong giai \u0111o\u1ea1n \u0111\u1ea7u c\u1ee7a thai k\u1ef3, t\u1ee9c l\u00e0 tr\u01b0\u1edbc 11 tu\u1ea7n 6 ng\u00e0y.\r\n        <br\/>\r\n        T\u1ea1i Oak Clini, ch\u00fang t\u00f4i  kh\u00f4ng y\u00eau c\u1ea7u  ph\u1ea3i th\u1ef1c hi\u1ec7n c\u00e1c th\u1ee7 thu\u1eadt g\u00e2y \u0111au \u0111\u1edbn tr\u01b0\u1edbc ph\u1eabu thu\u1eadt,  ch\u00fang t\u00f4i \u00e1p d\u1ee5ng  ph\u01b0\u01a1ng ph\u00e1p h\u00fat  thai, sau khi \u0111\u1ebfn b\u1ec7nh vi\u1ec7n kho\u1ea3ng 3 ti\u1ebfng\uff08li\u1ec7u tr\u00ecnh trong ng\u00e0y) l\u00e0 c\u00f3 th\u1ec3 v\u1ec1 nh\u00e0.\r\n       <\/p>\r\n<\/div>\r\n<div class=\"treatment00 mb10\">\r\n<div class=\"treatment01\">\r\n<p class=\"headline mb10\">\r\n<a href=\"#pretreatment\">\r\n          Ti\u1ec1n x\u1eed l\u00fd\r\n          <img decoding=\"async\" alt=\"\u4e38\u30dc\u30bf\u30f3\" src=\"https:\/\/www.oakclinic-group.com\/wp\/wp-content\/themes\/oak-clinic\/assets\/images\/funin\/headline_circle_btn.png\"\/>\r\n<\/a>\r\n<\/p>\r\n<\/div>\r\n<div class=\"treatment01\">\r\n<p class=\"headline mb10\">\r\n<a href=\"#abortion_surgery\">\r\n          Ph\u1eabu thu\u1eadt ph\u00e1 thai\r\n          <img decoding=\"async\" alt=\"\u4e38\u30dc\u30bf\u30f3\" src=\"https:\/\/www.oakclinic-group.com\/wp\/wp-content\/themes\/oak-clinic\/assets\/images\/funin\/headline_circle_btn.png\"\/>\r\n<\/a>\r\n<\/p>\r\n<\/div>\r\n<div class=\"treatment01\">\r\n<p class=\"headline mb10\">\r\n<a href=\"#reserve\">\r\n          V\u1ec1 \u0111\u1eb7t ch\u1ed7\r\n          <img decoding=\"async\" alt=\"\u4e38\u30dc\u30bf\u30f3\" src=\"https:\/\/www.oakclinic-group.com\/wp\/wp-content\/themes\/oak-clinic\/assets\/images\/funin\/headline_circle_btn.png\"\/>\r\n<\/a>\r\n<\/p>\r\n<\/div>\r\n<\/div>\r\n<\/div>\r\n<p class=\"mt20\"><strong>\uff1cR\u1ee7i ro, t\u00e1c d\u1ee5ng ph\u1ee5, v.v.\uff1e<\/strong><br>C\u00f3 nguy c\u01a1 ch\u1ea3y m\u00e1u v\u00e0 co b\u00f3p t\u1eed cung k\u00e9m. Ngo\u00e0i ra, sau ph\u1eabu thu\u1eadt c\u00f3 th\u1ec3 x\u1ea3y ra ch\u1ea3y m\u00e1u k\u00e9o d\u00e0i, \u0111au b\u1ee5ng, s\u1ed1t, v.v. Do \u0111\u00f3, b\u1ea1n c\u1ea7n \u0111\u1ebfn t\u00e1i kh\u00e1m v\u00e0i l\u1ea7n sau ph\u1eabu thu\u1eadt \u0111\u1ec3 ch\u00fang t\u00f4i theo d\u00f5i qu\u00e1 tr\u00ecnh h\u1ed3i ph\u1ee5c.<\/p>\r\n<div id=\"pretreatment\">\r\n<\/div>\r\n<h2 class=\"section-dept__content02_title mt50\">\r\n      Ti\u1ec1n x\u1eed l\u00fd\r\n     <\/h2>\r\n<div class=\"section-dept__content02_text\">\r\n<div class=\"text_frame\">\r\n<p class=\"float_right nonfloat_img\">\r\n<img loading=\"lazy\" decoding=\"async\" alt=\"Ti\u1ec1n x\u1eed l\u00fd\" height=\"111\" src=\"https:\/\/www.oakclinic-group.com\/wp\/wp-content\/themes\/oak-clinic\/assets\/images\/fujinka\/chu-01.gif\" width=\"215\"\/>\r\n<\/p>\r\n<p>\r\n        \u0110\u1ec3 c\u1ed5 t\u1eed cung (l\u1ed1i v\u00e0o t\u1eed cung) c\u00f3 th\u1ec3 m\u1edf ra m\u1ed9t c\u00e1ch d\u1ec5 d\u00e0ng trong qu\u00e1 tr\u00ecnh ph\u1eabu thu\u1eadt ph\u00e1 thai, tr\u01b0\u1edbc khi ph\u1eabu thu\u1eadt, ch\u00fang t\u00f4i s\u1ebd th\u1ef1c hi\u1ec7n \"quy tr\u00ecnh chu\u1ea9n b\u1ecb tr\u01b0\u1edbc\" b\u1eb1ng c\u00e1ch \u0111\u01b0a que laminaria (ho\u1eb7c laminaria) v\u00e0o c\u1ed5 t\u1eed cung.\r\n        <br\/>\r\n        C\u00f3 hai lo\u1ea1i \u0111i\u1ec1u tr\u1ecb tr\u01b0\u1edbc ph\u1eabu thu\u1eadt: \u0111i\u1ec1u tr\u1ecb tr\u01b0\u1edbc ng\u00e0y ph\u1eabu thu\u1eadt v\u00e0 \u0111i\u1ec1u tr\u1ecb v\u00e0o ng\u00e0y ph\u1eabu thu\u1eadt. \r\n       <\/p>\r\n<div class=\"text_frame color_gray\" style=\"clear: both;\">\r\n<p>\r\n         \u203bLaminaria rod, Laminaria cell\r\n         <br\/>\r\n         M\u1ed9t v\u1eadt d\u1ea1ng que m\u1ecfng. N\u00f3 h\u1ea5p th\u1ee5 n\u01b0\u1edbc v\u00e0 d\u1ea7n d\u1ea7n n\u1edf ra, l\u00e0m gi\u00e3n n\u1edf c\u1ed5 t\u1eed cung.\r\n        <\/p>\r\n<\/div>\r\n<\/div>\r\n<\/div>\r\n<div id=\"abortion_surgery\">\r\n<\/div>\r\n<h2 class=\"section-dept__content02_title mt20\">\r\n      Ph\u1eabu thu\u1eadt ph\u00e1 thai\r\n     <\/h2>\r\n<div class=\"section-dept__content02_text\">\r\n<p>\r\n       T\u1ea1i b\u1ec7nh vi\u1ec7n c\u1ee7a ch\u00fang t\u00f4i, vi\u1ec7c ph\u00e1 thai trong giai \u0111o\u1ea1n \u0111\u1ea7u d\u01b0\u1edbi 12 tu\u1ea7n tu\u1ed5i thai \u0111\u01b0\u1ee3c th\u1ef1c hi\u1ec7n theo nguy\u00ean t\u1eafc b\u1eb1ng ph\u01b0\u01a1ng ph\u00e1p h\u00fat thai, lo\u1ea1i b\u1ecf th\u00e0nh ph\u1ea7n b\u00ean trong t\u1eed cung b\u1eb1ng m\u00e1y m\u00f3c.\r\n       <br\/>\r\n       Th\u1eddi gian th\u1ef1c hi\u1ec7n ph\u1eabu thu\u1eadt ph\u00e1 thai kho\u1ea3ng 15 ph\u00fat.\r\n       <br\/>\r\n       B\u1ea1n s\u1ebd \u0111\u01b0\u1ee3c g\u00e2y m\u00ea t\u0129nh m\u1ea1ch n\u00ean kh\u00f4ng c\u00f3 \u00fd th\u1ee9c, v\u00e0 ph\u1eabu thu\u1eadt s\u1ebd k\u1ebft th\u00fac trong khi b\u1ea1n \u0111ang ng\u1ee7.\r\n       <br\/>\r\n       Ch\u00fang t\u00f4i s\u1eed d\u1ee5ng lo\u1ea1i thu\u1ed1c g\u00e2y m\u00ea c\u00f3 th\u1ec3 s\u1eed d\u1ee5ng cho c\u1ea3 nh\u1eefng ng\u01b0\u1eddi b\u1ecb hen suy\u1ec5n.\r\n      <\/p>\r\n<div class=\"text_frame\">\r\n<p class=\"float_right nonfloat_img\">\r\n<img loading=\"lazy\" decoding=\"async\" alt=\"Ph\u1eabu thu\u1eadt ph\u00e1 thai\" height=\"111\" src=\"https:\/\/www.oakclinic-group.com\/wp\/wp-content\/themes\/oak-clinic\/assets\/images\/fujinka\/chu-02.gif\" width=\"215\"\/>\r\n<\/p>\r\n<p>\r\n        C\u1ed5 t\u1eed cung \u0111\u00e3 \u0111\u01b0\u1ee3c l\u00e0m m\u1ec1m b\u1eb1ng laminaria (ho\u1eb7c lamicell) s\u1ebd \u0111\u01b0\u1ee3c m\u1edf r\u1ed9ng th\u00eam b\u1eb1ng c\u00e1ch s\u1eed d\u1ee5ng Hegar*.\r\n       <\/p>\r\n<div class=\"text_frame color_gray\" style=\"clear: both;\">\r\n<p>\r\n         \u203bHegaru\r\n         <br\/>\r\n         \u0110\u00e2y l\u00e0 d\u1ee5ng c\u1ee5 \u0111\u1ec3 m\u1edf r\u1ed9ng c\u1ed5 t\u1eed cung.\r\n         <br\/>\r\n         S\u1eed d\u1ee5ng theo th\u1ee9 t\u1ef1 t\u1eeb k\u00edch th\u01b0\u1edbc nh\u1ecf \u0111\u1ebfn k\u00edch th\u01b0\u1edbc l\u1edbn \u0111\u1ec3 d\u1ea7n d\u1ea7n m\u1edf r\u1ed9ng c\u1ed5 t\u1eed cung.\r\n        <\/p>\r\n<\/div>\r\n<\/div>\r\n<p class=\"align_center\">\r\n<img loading=\"lazy\" decoding=\"async\" alt=\"\u77e2\u5370\" height=\"28\" src=\"https:\/\/www.oakclinic-group.com\/wp\/wp-content\/themes\/oak-clinic\/assets\/images\/fujinka\/yajirushi01.gif\" width=\"55\"\/>\r\n<\/p>\r\n<div class=\"text_frame clearfix\">\r\n<p class=\"float_right nonfloat_img\">\r\n<img loading=\"lazy\" decoding=\"async\" alt=\"\u5438\u5f15\" height=\"111\" src=\"https:\/\/www.oakclinic-group.com\/wp\/wp-content\/themes\/oak-clinic\/assets\/images\/fujinka\/chu-03.gif\" width=\"215\"\/>\r\n<\/p>\r\n<p>\r\n        M\u1ed9t d\u1ee5ng c\u1ee5 h\u00fat h\u00ecnh que d\u00e0i v\u00e0 m\u1ea3nh nh\u01b0 m\u00e1y h\u00fat b\u1ee5i \u0111\u01b0\u1ee3c \u0111\u01b0a v\u00e0o t\u1eed cung \u0111\u1ec3 h\u00fat c\u00e1c th\u00e0nh ph\u1ea7n b\u00ean trong t\u1eed cung nh\u01b0 thai nhi v\u00e0 n\u1ed9i m\u1ea1c t\u1eed cung.\r\n       <\/p>\r\n<\/div>\r\n<p class=\"align_center\">\r\n<img loading=\"lazy\" decoding=\"async\" alt=\"\u77e2\u5370\" height=\"28\" src=\"https:\/\/www.oakclinic-group.com\/wp\/wp-content\/themes\/oak-clinic\/assets\/images\/fujinka\/yajirushi01.gif\" width=\"55\"\/>\r\n<\/p>\r\n<div class=\"text_frame clearfix\">\r\n<p class=\"float_right nonfloat_img\">\r\n<img loading=\"lazy\" decoding=\"async\" alt=\"\u78ba\u8a8d\" height=\"111\" src=\"https:\/\/www.oakclinic-group.com\/wp\/wp-content\/themes\/oak-clinic\/assets\/images\/fujinka\/chu-04.gif\" width=\"215\"\/>\r\n<\/p>\r\n<p>\r\n        Ki\u1ec3m tra xem c\u00f3 c\u00f2n s\u00f3t l\u1ea1i g\u00ec trong t\u1eed cung hay kh\u00f4ng.\r\n       <\/p>\r\n<\/div>\r\n<\/div>\r\n<\/div>\r\n<div id=\"reserve\">\r\n<\/div>\r\n<h2 class=\"section-dept__content02_title\">\r\n     V\u1ec1 \u0111\u1eb7t ch\u1ed7\r\n    <\/h2>\r\n<div class=\"section-dept__content03_text\">\r\n<p>\r\n      Vui l\u00f2ng g\u1ecdi \u0111i\u1ec7n tho\u1ea1i trong gi\u1edd l\u00e0m vi\u1ec7c \u0111\u1ec3 \u0111\u1eb7t l\u1ecbch h\u1eb9n.\r\n     <\/p>\r\n<!-- #BeginLibraryItem \"\/Library\/fujinka_ginza.lbi\" -->\r\n<section class=\"section-top__item_b_box2 text_frame color_gray align_center ml0 mr0\">\r\n<div class=\"sp_wrapper\">\r\n<p class=\"pb0 mb-5\">\r\n        M\u1ed7i b\u1ec7nh vi\u1ec7n s\u1ebd c\u00f3 c\u00e1c khoa chuy\u00ean bi\u1ec7t kh\u00e1c nhau, vui l\u00f2ng li\u00ean h\u1ec7 tr\u01b0\u1edbc khi \u0111\u1ebfn b\u1ec7nh vi\u1ec7n.\r\n        <br\/>\r\n        C\u01a1 s\u1edf Ginza ch\u1ec9 \u0111i\u1ec1u tr\u1ecb v\u00f4 sinh.\r\n       <\/p>\r\n<\/div>\r\n<\/section>\r\n<!-- #EndLibraryItem -->\r\n<div class=\"text_frame3 align_center mt25 mb25\">\n  <p class=\"frame3_title rem17\">Hi\u1ec7p h\u1ed9i y t\u1ebf Oak <br class=\"pc_none\">Li\u00ean h\u1ec7\u30fb\u0110\u1eb7t h\u1eb9n S\u1ed1 \u0111i\u1ec7n tho\u1ea1i<\/p>\n  <p class=\"mb0 rem20\"><a class=\"tel\" href=\"tel:0120-009-345\">0120-009-345<\/a><\/p>\n  <p>\u3010Th\u1eddi gian ti\u1ebfp nh\u1eadn\u3011<br>\n    Th\u1ee9 Hai \u0111\u1ebfn Th\u1ee9 B\u1ea3y, 9:00 \u0111\u1ebfn 17:00 <br>\n    (tr\u1eeb ng\u00e0y l\u1ec5, cu\u1ed1i n\u0103m v\u00e0 \u0111\u1ea7u n\u0103m)<br>\n    \u203b\u0110\u0103ng k\u00fd \u0111\u1eb7t ch\u1ed7 <br class=\"pc_none\">c\u0169ng \u0111\u01b0\u1ee3c nh\u1eadn <br class=\"pc_none\">v\u00e0o c\u00e1c ng\u00e0y l\u1ec5 (9:00~17:00).<\/p>\n  <p class=\"mt20\">\u203bT\u1eeb n\u01b0\u1edbc ngo\u00e0i v\u00e0 m\u1ed9t s\u1ed1 h\u00f2n \u0111\u1ea3o xa x\u00f4i trong n\u01b0\u1edbc, kh\u00f4ng th\u1ec3 s\u1eed d\u1ee5ng s\u1ed1 \u0111i\u1ec7n tho\u1ea1i tr\u00ean. Trong tr\u01b0\u1eddng h\u1ee3p \u0111\u00f3, vui l\u00f2ng g\u1ecdi \u0111\u1ebfn s\u1ed1 \u0111i\u1ec7n tho\u1ea1i sau:<br>\n    TEL <a class=\"tel rem14\" href=\"tel:06-4398-1000\">06-4398-1000<\/a> <br class=\"pc_none\">(C\u1ea7n tr\u1ea3 ph\u00ed cu\u1ed9c g\u1ecdi)<\/p>\n  \u00a0\n  <hr style=\"width: 100%;\">\n  <p>Li\u00ean h\u1ec7 qua email t\u1ea1i \u0111\u00e2y<\/p>\n  <p><a href=\"mailto:oak_online@oakclinic-group.com\">oak_online@oakclinic-group.com<\/a><\/p>\n  <p>\u203bSau khi nh\u1eadn \u0111\u01b0\u1ee3c email, nh\u00e2n vi\u00ean ph\u1ee5 tr\u00e1ch s\u1ebd li\u00ean h\u1ec7 l\u1ea1i v\u1edbi qu\u00fd kh\u00e1ch theo th\u1ee9 t\u1ef1.<br>\n    \u203bN\u1ebfu qu\u00fd kh\u00e1ch c\u1ea7n gi\u1ea3i quy\u1ebft g\u1ea5p, vui l\u00f2ng li\u00ean h\u1ec7 qua \u0111i\u1ec7n tho\u1ea1i.<\/p>\n<\/div>\r\n<div class=\"section-top__item_top_area clearfix mt50 pt0 mb100\">\r\n<h2 class=\"section-dept__content02_title mb20\">\r\n       Th\u00f4ng tin v\u1ec1 ph\u00f2ng kh\u00e1m\r\n      <\/h2>\r\n<ul class=\"w100\">\r\n<li class=\"index_btn\">\r\n<a href=\"https:\/\/www.oakclinic-group.com\/sumiyoshi\/fujinka\/\">\r\n<div class=\"btn-photo bg-sumiyoshi\">\r\n<p class=\"btn-text\">\r\n           Ph\u00f2ng kh\u00e1m s\u1ea3n ph\u1ee5 khoa Oak Sumiyoshi\r\n          <\/p>\r\n<\/div>\r\n<\/a>\r\n<\/li>\r\n<\/ul>\r\n<\/div>\r\n<\/div>\r\n<\/section>\r\n<\/div>\r\n<\/div>\r\n<!-- section-dept__container end -->","protected":false},"excerpt":{"rendered":"Ph\u00e1 thai giai \u0111o\u1ea1n \u0111\u1ea7u (d\u01b0\u1edbi 12 tu\u1ea7n): Quy tr\u00ecnh ph\u1eabu thu\u1eadt Sumiyoshi Ph\u1eabu thu\u1eadt ph\u00e1 thai giai \u0111o\u1ea1n \u0111\u1ea7u l\u00e0 ph\u1eabu thu\u1eadt ph\u00e1 thai \u0111\u01b0\u1ee3c th\u1ef1c hi\u1ec7n trong giai \u0111o\u1ea1n \u0111\u1ea7u c\u1ee7a thai k\u1ef3, t\u1ee9c l\u00e0 tr\u01b0\u1edbc 11 tu\u1ea7n 6 ng\u00e0y. T\u1ea1i Oak Clini, ch\u00fang t\u00f4i kh\u00f4ng y\u00eau c\u1ea7u ph\u1ea3i th\u1ef1c hi\u1ec7n c\u00e1c th\u1ee7 [&hellip;]","protected":false},"author":5,"featured_media":0,"parent":7132,"menu_order":701,"comment_status":"closed","ping_status":"closed","template":"","meta":{"_locale":"vi","_original_post":"https:\/\/www.oakclinic-group.com\/wp\/?page_id=757","footnotes":""},"class_list":["post-7136","page","type-page","status-publish","hentry","vi"],"_links":{"self":[{"href":"https:\/\/www.oakclinic-group.com\/wp-json\/wp\/v2\/pages\/7136","targetHints":{"allow":["GET"]}}],"collection":[{"href":"https:\/\/www.oakclinic-group.com\/wp-json\/wp\/v2\/pages"}],"about":[{"href":"https:\/\/www.oakclinic-group.com\/wp-json\/wp\/v2\/types\/page"}],"author":[{"embeddable":true,"href":"https:\/\/www.oakclinic-group.com\/wp-json\/wp\/v2\/users\/5"}],"replies":[{"embeddable":true,"href":"https:\/\/www.oakclinic-group.com\/wp-json\/wp\/v2\/comments?post=7136"}],"version-history":[{"count":2,"href":"https:\/\/www.oakclinic-group.com\/wp-json\/wp\/v2\/pages\/7136\/revisions"}],"predecessor-version":[{"id":7175,"href":"https:\/\/www.oakclinic-group.com\/wp-json\/wp\/v2\/pages\/7136\/revisions\/7175"}],"up":[{"embeddable":true,"href":"https:\/\/www.oakclinic-group.com\/wp-json\/wp\/v2\/pages\/7132"}],"wp:attachment":[{"href":"https:\/\/www.oakclinic-group.com\/wp-json\/wp\/v2\/media?parent=7136"}],"curies":[{"name":"wp","href":"https:\/\/api.w.org\/{rel}","templated":true}]}}