{"id":7134,"date":"2026-04-07T10:48:38","date_gmt":"2026-04-07T01:48:38","guid":{"rendered":"https:\/\/www.oakclinic-group.com\/?page_id=7134"},"modified":"2026-04-07T10:48:38","modified_gmt":"2026-04-07T01:48:38","slug":"hinin","status":"publish","type":"page","link":"https:\/\/www.oakclinic-group.com\/vi\/fujinka\/hinin\/","title":{"rendered":"Ph\u00e1 thai"},"content":{"rendered":"<div class=\"section-dept__container\">\r\n<div class=\"section-dept__first_content\">\r\n<section class=\"section-dept__content01\">\r\n<h1 class=\"section-dept__content01_title\">\r\n     Vi\u1ec7c ph\u00e1 thai\r\n    <\/h1>\r\n<!-- \u5404\u30af\u30ea\u30cb\u30c3\u30af -->\r\n<div class=\"float_right mt20\">\r\n<p>\r\n<span class=\"text_frame2\">\r\n<a href=\"https:\/\/www.oakclinic-group.com\/sumiyoshi\/fujinka\/\">\r\n        Sumiyoshi\r\n       <\/a>\r\n<\/span>\r\n<\/p>\r\n<\/div>\r\n<!-- \u5404\u30af\u30ea\u30cb\u30c3\u30af -->\r\n<div class=\"section-dept__content01_text\">\r\n<div class=\"section-dept__content02_text\" style=\"clear: both;\">\r\n<div class=\"ivf_icsi_cap\">\r\n<p class=\"align_left mt10 pr10 pl10\">\r\n        \u0110\u1ec3 tr\u00e1nh mang thai ngo\u00e0i \u00fd mu\u1ed1n, c\u00e1ch t\u1ed1t nh\u1ea5t l\u00e0 s\u1eed d\u1ee5ng bi\u1ec7n ph\u00e1p tr\u00e1nh thai. Tuy nhi\u00ean, trong tr\u01b0\u1eddng h\u1ee3p kh\u00f4ng mu\u1ed1n sinh con v\u00ec nhi\u1ec1u l\u00fd do kh\u00e1c nhau, c\u00f3 th\u1ec3 l\u1ef1a ch\u1ecdn ph\u01b0\u01a1ng ph\u00e1p ph\u00e1 thai nh\u00e2n t\u1ea1o.\r\n        <br\/>\r\n         Ph\u1eabu thu\u1eadt ph\u00e1 thai ch\u1ec9 \u0111\u01b0\u1ee3c ph\u00e9p th\u1ef1c hi\u1ec7n b\u1edfi c\u00e1c b\u00e1c s\u0129 \u0111\u01b0\u1ee3c ch\u1ec9 \u0111\u1ecbnh theo Lu\u1eadt B\u1ea3o v\u1ec7 ng\u01b0\u1eddi M\u1eb9 v\u00e0 Thai nhi.\r\n         <br\/>\r\n          T\u1ea1i b\u1ec7nh vi\u1ec7n c\u1ee7a ch\u00fang t\u00f4i, b\u00e1c s\u0129 \u0111\u01b0\u1ee3c ch\u1ec9 \u0111\u1ecbnh theo Lu\u1eadt B\u1ea3o v\u1ec7 M\u1eb9 v\u00e0 thai nhi th\u1ef1c hi\u1ec7n ph\u00e1 thai giai \u0111o\u1ea1n \u0111\u1ea7u cho thai k\u1ef3 d\u01b0\u1edbi 12 tu\u1ea7n ho\u1eb7c ph\u00e1 thai giai \u0111o\u1ea1n gi\u1eefa cho thai k\u1ef3 d\u01b0\u1edbi 22 tu\u1ea7n.\r\n          <br\/>\r\n          Khi ti\u1ebfn h\u00e0nh ph\u1eabu thu\u1eadt ho\u1eb7c \u0111i\u1ec1u tr\u1ecb, ch\u00fang t\u00f4i s\u1ebd ph\u1ecfng v\u1ea5n b\u1ec7nh nh\u00e2n v\u00e0 \u0111\u01b0a ra \u0111\u1ec1 xu\u1ea5t ph\u00f9 h\u1ee3p v\u1edbi tu\u1ea7n thai v\u00e0 t\u00ecnh tr\u1ea1ng s\u1ee9c kh\u1ecfe c\u1ee7a ng\u01b0\u1eddi m\u1eb9. V\u1ec1 ph\u01b0\u01a1ng ph\u00e1p ph\u00e1 thai, ch\u00fang t\u00f4i c\u00f3 qu\u1ea7y t\u01b0 v\u1ea5n c\u1ee7a y t\u00e1, vui l\u00f2ng li\u00ean h\u1ec7 \u0111\u1ec3 \u0111\u01b0\u1ee3c t\u01b0 v\u1ea5n.\r\n          <br\/>\r\n          V\u00ec ph\u00e1 thai l\u00e0 m\u1ed9t v\u1ea5n \u0111\u1ec1 c\u1ef1c k\u1ef3 ri\u00eang t\u01b0, b\u1ec7nh vi\u1ec7n ch\u00fang t\u00f4i lu\u00f4n \u0111\u1eb7t an to\u00e0n v\u00e0 b\u1ea3o m\u1eadt l\u00ean h\u00e0ng \u0111\u1ea7u.\r\n<\/p>\r\n<div class=\"treatment00\">\r\n<div class=\"ivf pb10\">\r\n<p class=\"headline mb10\">\r\n<a href=\"#about\">\r\n           V\u1ec1 ph\u1eabu thu\u1eadt ph\u00e1 thai \r\n           <span style=\"font-size: 0.7em;\">\r\n            (can thi\u1ec7p ngo\u1ea1i khoa)\r\n           <\/span>\r\n           <img decoding=\"async\" alt=\"\u4e38\u30dc\u30bf\u30f3\" src=\"https:\/\/www.oakclinic-group.com\/wp\/wp-content\/themes\/oak-clinic\/assets\/images\/funin\/headline_circle_btn.png\"\/>\r\n<\/a>\r\n<\/p>\r\n<\/div>\r\n<div class=\"ivf pb10\">\r\n<p class=\"headline mb10\">\r\n<a href=\"#12week\">\r\n           Ph\u00e1 thai giai \u0111o\u1ea1n \u0111\u1ea7u \r\n           <span style=\"font-size: 0.7em;\">\r\n            (d\u01b0\u1edbi 12 tu\u1ea7n)\r\n           <\/span>\r\n           <img decoding=\"async\" alt=\"\u4e38\u30dc\u30bf\u30f3\" src=\"https:\/\/www.oakclinic-group.com\/wp\/wp-content\/themes\/oak-clinic\/assets\/images\/funin\/headline_circle_btn.png\"\/>\r\n<\/a>\r\n<\/p>\r\n<\/div>\r\n<div class=\"ivf pb10\">\r\n<p class=\"headline mb10\">\r\n<a href=\"#21week6day\">\r\n           Ph\u00e1 thai trong giai \u0111o\u1ea1n gi\u1eefa\r\n           <span style=\"font-size: 0.7em;\">\r\n            (t\u1eeb tu\u1ea7n th\u1ee9 12 \u0111\u1ebfn tu\u1ea7n th\u1ee9 21 ng\u00e0y 6)\r\n           <\/span>\r\n           <img decoding=\"async\" alt=\"\u4e38\u30dc\u30bf\u30f3\" src=\"https:\/\/www.oakclinic-group.com\/wp\/wp-content\/themes\/oak-clinic\/assets\/images\/funin\/headline_circle_btn.png\"\/>\r\n<\/a>\r\n<\/p>\r\n<\/div>\r\n<div class=\"ivf pb10 mb10\">\r\n<p class=\"headline mb10\">\r\n<a href=\"#Mpack\">\r\n           \u0110i\u1ec1u tr\u1ecb b\u1eb1ng thu\u1ed1c u\u1ed1ng\r\n           <span style=\"font-size: 0.7em;\">\r\n            (Mefeego\u00ae Pack)\r\n           <\/span>\r\n           <img decoding=\"async\" alt=\"\u4e38\u30dc\u30bf\u30f3\" src=\"https:\/\/www.oakclinic-group.com\/wp\/wp-content\/themes\/oak-clinic\/assets\/images\/funin\/headline_circle_btn.png\"\/>\r\n<\/a>\r\n<\/p>\r\n<\/div>\r\n<div class=\"ivf pb10\">\r\n<p class=\"headline mb10\">\r\n<a href=\"#reserve\">\r\n           V\u1ec1 \u0111\u1eb7t ch\u1ed7\r\n           <img decoding=\"async\" alt=\"\u4e38\u30dc\u30bf\u30f3\" src=\"https:\/\/www.oakclinic-group.com\/wp\/wp-content\/themes\/oak-clinic\/assets\/images\/funin\/headline_circle_btn.png\"\/>\r\n<\/a>\r\n<\/p>\r\n<\/div>\r\n<\/div>\r\n<\/div>\r\n<\/div>\r\n<div id=\"about\">\r\n<\/div>\r\n<h2 class=\"section-dept__content02_title\">\r\n      V\u1ec1 ph\u1eabu thu\u1eadt ph\u00e1 thai nh\u00e2n t\u1ea1o (ph\u1eabu thu\u1eadt)\r\n     <\/h2>\r\n<div class=\"section-dept__content02_text clearfix mb20\">\r\n<p class=\"float_right nonfloat_img\">\r\n<img loading=\"lazy\" decoding=\"async\" alt=\"#\" height=\"130\" src=\"https:\/\/www.oakclinic-group.com\/wp\/wp-content\/themes\/oak-clinic\/assets\/images\/fujinka\/hinin_img01.jpg\" width=\"200\"\/>\r\n<\/p>\r\n<p>\r\n       Ph\u01b0\u01a1ng ph\u00e1p \u0111i\u1ec1u tr\u1ecb v\u00e0 chi ph\u00ed s\u1ebd kh\u00e1c nhau t\u00f9y theo k\u00edch th\u01b0\u1edbc, v\u00ec v\u1eady ch\u00fang t\u00f4i khuy\u00ean b\u1ea1n n\u00ean \u0111\u1ebfn kh\u00e1m s\u1edbm. \u0110\u1ec3 \u0111\u1ea3m b\u1ea3o an to\u00e0n cho ph\u1eabu thu\u1eadt, ch\u00fang t\u00f4i th\u1ef1c hi\u1ec7n theo c\u00e1c b\u01b0\u1edbc sau \u0111\u00e2y.\r\n      <\/p>\r\n<\/div>\r\n<div class=\"section-dept__content02_text\">\r\n<div class=\"align_center\">\r\n<p class=\"text_frame color_yellow mb0 w50\">\r\n        Kh\u00e1m b\u1ec7nh\r\n       <\/p>\r\n<p class=\"mb0\">\r\n        \u2193\r\n       <\/p>\r\n<p class=\"text_frame color_yellow mb0 w50\">\r\n        Gi\u1ea3i th\u00edch\r\n       <\/p>\r\n<p class=\"mb0\">\r\n        \u2193\r\n       <\/p>\r\n<p class=\"text_frame color_yellow mb0 w50\">\r\n        \u0110\u1eb7t ch\u1ed7\r\n       <\/p>\r\n<p class=\"mb0\">\r\n        \u2193\r\n       <\/p>\r\n<p class=\"text_frame color_yellow mb0 w50\">\r\n        Ti\u1ec1n x\u1eed l\u00fd\r\n       <\/p>\r\n<p class=\"mb0\">\r\n        \u2193\r\n       <\/p>\r\n<p class=\"text_frame color_yellow mb0 w50\">\r\n        Ph\u1eabu thu\u1eadt ph\u00e1 thai\r\n       <\/p>\r\n<\/div>\r\n<\/div>\r\n<\/div>\r\n<div class=\"section-dept__content02_text mt30\" id=\"12week\">\r\n<h2 class=\"section-dept__content02_title\">\r\n      Ph\u00e1 thai giai \u0111o\u1ea1n \u0111\u1ea7u (d\u01b0\u1edbi 12 tu\u1ea7n)\r\n      <!--\uff1a<br class=\"pc_none\">\u624b\u8853\u306e\u6d41\u308c-->\r\n<\/h2>\r\n<!-- \u5404\u30af\u30ea\u30cb\u30c3\u30af -->\r\n<div class=\"section-dept__content02_text mt-10 mb-30\">\r\n<div class=\"float_right\">\r\n<span class=\"text_frame2\">\r\n<a href=\"https:\/\/www.oakclinic-group.com\/sumiyoshi\/fujinka\/\">\r\n         Sumiyoshi\r\n        <\/a>\r\n<\/span>\r\n<\/div>\r\n<\/div>\r\n<!-- \u5404\u30af\u30ea\u30cb\u30c3\u30af \u3053\u3053\u307e\u3067 -->\r\n<div class=\"section-dept__content02_text\">\r\n<p class=\"mt50\">\r\n       T\u1ea1i b\u1ec7nh vi\u1ec7n c\u1ee7a ch\u00fang t\u00f4i, ph\u1eabu thu\u1eadt ph\u00e1 thai trong giai \u0111o\u1ea1n \u0111\u1ea7u d\u01b0\u1edbi 12 tu\u1ea7n \u0111\u01b0\u1ee3c th\u1ef1c hi\u1ec7n b\u1eb1ng ph\u01b0\u01a1ng ph\u00e1p h\u00fat thai.\r\n       <br\/>\r\n       Ph\u01b0\u01a1ng ph\u00e1p h\u00fat c\u00f3 hai lo\u1ea1i l\u00e0 EVA (Electric Vacuum Aspiration: ph\u01b0\u01a1ng ph\u00e1p h\u00fat b\u1eb1ng \u0111i\u1ec7n) v\u00e0 MVA (Manual Vacuum Aspiration: ph\u01b0\u01a1ng ph\u00e1p h\u00fat b\u1eb1ng tay),  c\u1ea3 hai ph\u01b0\u01a1ng ph\u00e1p n\u00e0y \u0111\u01b0\u1ee3c WHO (T\u1ed5 ch\u1ee9c Y t\u1ebf Th\u1ebf gi\u1edbi) khuy\u1ebfn ngh\u1ecb l\u00e0  nh\u1eefng ph\u01b0\u01a1ng ph\u00e1p an to\u00e0n v\u00e0 nh\u1eb9 nh\u00e0ng cho ph\u1ee5 n\u1eef c\u0169ng nh\u01b0 t\u1eed cung, trong \u0111\u00f3 ph\u01b0\u01a1ng ph\u00e1p MVA \u0111\u01b0\u1ee3c coi l\u00e0 ph\u01b0\u01a1ng ph\u00e1p t\u1ed1t h\u01a1n.\r\n       <br\/>\r\n       Th\u1eddi gian ph\u1eabu thu\u1eadt kho\u1ea3ng 10 \u0111\u1ebfn 15 ph\u00fat, th\u1eddi gian ph\u1eabu thu\u1eadt MVA t\u01b0\u01a1ng \u0111\u1ed1i ng\u1eafn h\u01a1n so v\u1edbi EVA. Ph\u1eabu thu\u1eadt s\u1eed d\u1ee5ng g\u00e2y m\u00ea t\u0129nh m\u1ea1ch n\u00ean kh\u00f4ng g\u00e2y \u0111au \u0111\u1edbn, v\u00e0 s\u1ebd k\u1ebft th\u00fac trong khi b\u1ec7nh nh\u00e2n \u0111ang ng\u1ee7. Thu\u1ed1c g\u00e2y m\u00ea \u0111\u01b0\u1ee3c s\u1eed d\u1ee5ng c\u00f3 th\u1ec3 d\u00f9ng cho c\u1ea3 b\u1ec7nh nh\u00e2n hen suy\u1ec5n.\r\n       <!--\u5f53\u9662\u3067\u306f12\u9031\u672a\u6e80\u306e\u521d\u671f\u4e2d\u7d76\u624b\u8853\u306f\u539f\u5247\u3068\u3057\u3066\u5438\u5f15\u6cd5\u3067\u884c\u3044\u3001\u6a5f\u68b0\u7684\u306b\u5b50\u5bae\u5185\u306e\u5185\u5bb9\u7269\u3092\u53d6\u308a\u9664\u304d\u307e\u3059\u3002<br>\r\n                                    \u4e2d\u7d76\u624b\u8853\u81ea\u4f53\u306e\u6240\u8981\u6642\u9593\u306f15\u5206\u7a0b\u5ea6\u3067\u3059\u3002\u9759\u8108\u9ebb\u9154\u3092\u304b\u3051\u308b\u305f\u3081\u610f\u8b58\u306f\u306a\u304f\u3001\u7720\u3063\u3066\u3044\u308b\u9593\u306b\u624b\u8853\u306f\u7d42\u4e86\u3057\u307e\u3059\u3002\u9ebb\u9154\u306f\u5598\u606f\u306e\u65b9\u3067\u3082\u7528\u3044\u308b\u3053\u3068\u304c\u53ef\u80fd\u306a\u3082\u306e\u3092\u4f7f\u7528\u3057\u3066\u3044\u307e\u3059\u3002-->\r\n<\/p>\r\n<div class=\"section-dept__guide_btn_area\">\r\n<ul>\r\n<li class=\"section-dept__guide_btn mr10 w45 mr_sp_0 mb_sp_10\">\r\n<a href=\"https:\/\/www.oakclinic-group.com\/fujinka\/aus_shoki02\/\">\r\n<p>\r\n           Quy tr\u00ecnh ph\u1eabu thu\u1eadt ph\u00e1 thai giai \u0111o\u1ea1n \u0111\u1ea7u\r\n          <\/p>\r\n<\/a>\r\n<\/li>\r\n<li class=\"section-dept__guide_btn w45\">\r\n<a href=\"https:\/\/www.oakclinic-group.com\/fujinka\/aus_shoki01\/\">\r\n<p>\r\n           C\u00e2n nh\u1eafc v\u1ec1 m\u1eb7t an to\u00e0n\r\n          <\/p>\r\n<\/a>\r\n<\/li>\r\n<\/ul>\r\n<ul class=\"mt20 mb20 mt_sp_10\">\r\n<li class=\"section-dept__guide_btn mr10 w45 mr_sp_0 mb_sp_10\">\r\n<a href=\"https:\/\/www.oakclinic-group.com\/fujinka\/aus_shoki-eva-mva\/\">\r\n<p>\r\n           Ph\u01b0\u01a1ng ph\u00e1p EVA (Ph\u01b0\u01a1ng ph\u00e1p h\u00fat \u0111i\u1ec7n)\r\n          <\/p>\r\n<\/a>\r\n<\/li>\r\n<li class=\"section-dept__guide_btn w45\">\r\n<a href=\"https:\/\/www.oakclinic-group.com\/fujinka\/aus_shoki-eva-mva\/#mva\">\r\n<p>\r\n           Ph\u01b0\u01a1ng ph\u00e1p MVA (Ph\u01b0\u01a1ng ph\u00e1p h\u00fat th\u1ee7 c\u00f4ng b\u1eb1ng tay)\r\n          <\/p>\r\n<\/a>\r\n<\/li>\r\n<\/ul>\r\n<ul class=\"mt20 mb20 mt_sp_10\">\r\n<li class=\"section-dept__guide_btn mr10 w45 mr_sp_0 mb_sp_10\">\r\n<a href=\"https:\/\/www.oakclinic-group.com\/fujinka\/aus_shoki03\/\">\r\n<p>\r\n           L\u1ecbch tr\u00ecnh ph\u1eabu thu\u1eadt ph\u00e1 thai\r\n          <\/p>\r\n<\/a>\r\n<\/li>\r\n<li class=\"section-dept__guide_btn w45\">\r\n<a href=\"https:\/\/www.oakclinic-group.com\/fujinka\/aus_fee\/\">\r\n<p>\r\n           Chi ph\u00ed ph\u1eabu thu\u1eadt ph\u00e1 thai giai \u0111o\u1ea1n \u0111\u1ea7u\r\n          <\/p>\r\n<\/a>\r\n<\/li>\r\n<\/ul>\r\n<\/div>\r\n<\/div>\r\n<\/div>\r\n<div class=\"section-dept__content02_text mt30\" id=\"21week6day\">\r\n<h2 class=\"section-dept__content02_title\">\r\n      Ph\u00e1 thai trong giai \u0111o\u1ea1n gi\u1eefa (t\u1eeb tu\u1ea7n th\u1ee9 12 \u0111\u1ebfn tu\u1ea7n th\u1ee9 21 ng\u00e0y 6):\r\n      <br class=\"pc_none\"\/>\r\n      Quy tr\u00ecnh ph\u1eabu thu\u1eadt\r\n     <\/h2>\r\n<!-- \u5404\u30af\u30ea\u30cb\u30c3\u30af -->\r\n<div class=\"section-dept__content02_text mt-10 mb-30\">\r\n<div class=\"float_right\">\r\n<span class=\"text_frame2\">\r\n<a href=\"https:\/\/www.oakclinic-group.com\/sumiyoshi\/fujinka\/\">\r\n         Sumiyoshi\r\n        <\/a>\r\n<\/span>\r\n<\/div>\r\n<\/div>\r\n<!-- \u5404\u30af\u30ea\u30cb\u30c3\u30af \u3053\u3053\u307e\u3067 -->\r\n<div class=\"section-dept__content02_text\">\r\n<p class=\"mt50\">\r\n       T\u1eeb sau tu\u1ea7n th\u1ee9  12 c\u1ee7a thai k\u1ef3, khi t\u1eed cung \u0111\u00e3 l\u1edbn l\u00ean, n\u1ebfu th\u1ef1c hi\u1ec7n ph\u1eabu thu\u1eadt s\u1ebd l\u00e0m t\u0103ng cao kh\u1ea3 n\u0103ng x\u1ea3y ra tai n\u1ea1n \u0111e d\u1ecda t\u00ednh m\u1ea1ng ho\u1eb7c nguy c\u01a1 t\u1ed5n th\u01b0\u01a1ng \u0111\u1ed9ng m\u1ea1ch c\u1ed5 t\u1eed cung. Do \u0111\u00f3, vi\u1ec7c th\u1ef1c hi\u1ec7n \u0111\u00ecnh ch\u1ec9 thai  ph\u1ea3i \u0111\u01b0\u1ee3c th\u1ef1c hi\u1ec7n t\u01b0\u01a1ng t\u1ef1 nh\u01b0 m\u1ed9t ca sinh con th\u00f4ng th\u01b0\u1eddng. \u0110i\u1ec1u n\u00e0y \u0111\u00f2i  h\u1ecfi b\u1ec7nh nh\u00e2n ph\u1ea3i nh\u1eadp vi\u1ec7n t\u1ea1i c\u01a1 s\u1edf c\u00f3 trang thi\u1ebft b\u1ecb c\u00f3 th\u1ec3 \u0111\u1ed1i ph\u00f3 v\u1edbi c\u00e1c r\u1ee7i ro cho  ng\u01b0\u1eddi m\u1eb9. T\u1ea1i b\u1ec7nh vi\u1ec7n c\u1ee7a ch\u00fang t\u00f4i, sau khi m\u1edf r\u1ed9ng c\u1ed5 t\u1eed cung (l\u1ed1i v\u00e0o t\u1eed cung) b\u1eb1ng que laminaria (ho\u1eb7c laminaria) v\u00e0 b\u00f3ng, ch\u00fang t\u00f4i s\u1ebd s\u1eed d\u1ee5ng thu\u1ed1c co  t\u1eed cung preglandin \u0111\u1ec3 th\u1ef1c hi\u1ec7n th\u1ee7 thu\u1eadt.\r\n      <\/p>\r\n<div class=\"section-dept__guide_btn_area\">\r\n<ul>\r\n<li class=\"section-dept__guide_btn mr10 w45 mr_sp_0 mb_sp_10\">\r\n<a href=\"https:\/\/www.oakclinic-group.com\/fujinka\/aus_chuki02\/\">\r\n<p>\r\n           Quy tr\u00ecnh ph\u1eabu thu\u1eadt ph\u00e1 thai gi\u1eefa k\u1ef3\r\n          <\/p>\r\n<\/a>\r\n<\/li>\r\n<li class=\"section-dept__guide_btn w45\">\r\n<a href=\"https:\/\/www.oakclinic-group.com\/fujinka\/aus_shoki01\/\">\r\n<p>\r\n           V\u1ec1 tr\u1ee3 c\u1ea5p sinh con v\u00e0 nu\u00f4i con\r\n          <\/p>\r\n<\/a>\r\n<\/li>\r\n<\/ul>\r\n<ul class=\"mt20 mb20 mt_sp_10\">\r\n<li class=\"section-dept__guide_btn mr10 w45 mr_sp_0 mb_sp_10\">\r\n<a href=\"https:\/\/www.oakclinic-group.com\/fujinka\/aus_shoki03\/\">\r\n<p>\r\n           L\u1ecbch tr\u00ecnh nh\u1eadn\r\n          <\/p>\r\n<\/a>\r\n<\/li>\r\n<li class=\"section-dept__guide_btn w45\">\r\n<a href=\"https:\/\/www.oakclinic-group.com\/fujinka\/aus_fee\/\">\r\n<p>\r\n           Chi ph\u00ed ph\u1eabu thu\u1eadt ph\u00e1 thai gi\u1eefa k\u1ef3\r\n          <\/p>\r\n<\/a>\r\n<\/li>\r\n<\/ul>\r\n<\/div>\r\n<p><strong>\uff1cR\u1ee7i ro, t\u00e1c d\u1ee5ng ph\u1ee5, v.v.\uff1e<\/strong><br>C\u00f3 nguy c\u01a1 ch\u1ea3y m\u00e1u v\u00e0 co b\u00f3p t\u1eed cung k\u00e9m. Ch\u1ea3y m\u00e1u s\u1ebd gi\u1ea3m d\u1ea7n nh\u01b0ng s\u1ebd ti\u1ebfp t\u1ee5c trong kho\u1ea3ng 1 th\u00e1ng sau ph\u1eabu thu\u1eadt. N\u1ebfu c\u00f3 s\u1ed1t ho\u1eb7c \u0111au d\u1eef d\u1ed9i, h\u00e3y li\u00ean h\u1ec7 v\u1edbi ch\u00fang t\u00f4i b\u1ea5t c\u1ee9 l\u00fac n\u00e0o. Ngo\u00e0i ra, vi\u1ec7c \u0111i\u1ec1u tr\u1ecb c\u00f3 th\u1ec3 g\u00e2y ra v\u00f4 sinh s\u1ea3y  thai li\u00ean ti\u1ebfp, sinh non, ch\u1ea3y m\u00e1u nhi\u1ec1u khi sinh n\u1edf trong t\u01b0\u01a1ng lai.<\/p>\r\n\r\n<p>\u203b\u0110\u1ed1i v\u1edbi nh\u1eefng ng\u01b0\u1eddi \u0111\u00e3 t\u1eebng sinh m\u1ed5 ho\u1eb7c c\u00f3 ti\u1ec1n s\u1eed \u0111\u1ed9ng kinh, vui l\u00f2ng tham kh\u1ea3o \u00fd ki\u1ebfn c\u1ee7a b\u00e1c s\u0129 tr\u01b0\u1edbc khi s\u1eed d\u1ee5ng.<\/p>\r\n\r\n<\/div>\r\n<\/div>\r\n<div class=\"section-dept__content02_text mt30\" id=\"Mpack\">\r\n<h2 class=\"section-dept__content02_title\">\r\n<a href=\"https:\/\/www.oakclinic-group.com\/fujinka\/mpac\/\">\r\n       \u0110i\u1ec1u tr\u1ecb b\u1eb1ng thu\u1ed1c u\u1ed1ng\r\n       <br class=\"pc_none\"\/>\r\n       (Mefeego\u00ae Pack)\r\n      <\/a>\r\n<\/h2>\r\n<!-- \u5404\u30af\u30ea\u30cb\u30c3\u30af -->\r\n<div class=\"float_right mt-10 mb20\">\r\n<span class=\"text_frame2\">\r\n<a href=\"https:\/\/www.oakclinic-group.com\/sumiyoshi\/fujinka\/\">\r\n        Sumiyoshi\r\n       <\/a>\r\n<\/span>\r\n<\/div>\r\n<!-- \u5404\u30af\u30ea\u30cb\u30c3\u30af \u3053\u3053\u307e\u3067 -->\r\n<div class=\"section-dept__content02_text mt20\">\r\n<p class=\"mt50\">\r\n       T\u1ea1i b\u1ec7nh vi\u1ec7n c\u1ee7a ch\u00fang t\u00f4i, ch\u00fang t\u00f4i c\u0169ng th\u1ef1c hi\u1ec7n th\u1ee7 thu\u1eadt ph\u00e1 thai b\u1eb1ng thu\u1ed1c u\u1ed1ng s\u1eed d\u1ee5ng g\u00f3i Mefeego\u00ae cho ph\u1ee5 n\u1eef mang thai d\u01b0\u1edbi 63 ng\u00e0y  (9 tu\u1ea7n 0 ng\u00e0y) tr\u1edf xu\u1ed1ng.\r\n       <br\/>\r\n       Mefeego\u00ae Pack l\u00e0 lo\u1ea1i thu\u1ed1c u\u1ed1ng c\u00f3 t\u00e1c d\u1ee5ng ph\u00e1 thai, bao g\u1ed3m 2 lo\u1ea1i thu\u1ed1c.\r\n      <\/p>\r\n<ul class=\"mb10 list_type1\">\r\n<li>\r\n        Mifepristone 1 vi\u00ean (li\u1ec1u \u0111\u1ea7u ti\u00ean)\r\n       <\/li>\r\n<li>\r\n        4 vi\u00ean thu\u1ed1c Misoprostol Buccal (thu\u1ed1c th\u1ee9 hai)\r\n       <\/li>\r\n<\/ul>\r\n<p>\r\n       Hai lo\u1ea1i thu\u1ed1c n\u00e0y c\u00f3 th\u1ec3 \u0111\u01b0\u1ee3c s\u1eed d\u1ee5ng d\u01b0\u1edbi s\u1ef1 gi\u00e1m s\u00e1t c\u1ee7a b\u00e1c s\u0129 \u0111\u01b0\u1ee3c ch\u1ec9 \u0111\u1ecbnh theo Lu\u1eadt B\u1ea3o v\u1ec7 M\u1eb9 v\u00e0 Thai nhi .\r\n       <br\/>\r\n       C\u00e1 nh\u00e2n kh\u00f4ng th\u1ec3 mua t\u1ea1i hi\u1ec7u thu\u1ed1c ho\u1eb7c qua m\u1ea1ng internet, v\u00e0 ngay c\u1ea3 trong tr\u01b0\u1eddng h\u1ee3p s\u1ea3n ph\u1ea9m \u0111\u01b0\u1ee3c b\u00e1n qua m\u1ea1ng, c\u0169ng  tuy\u1ec7t \u0111\u1ed1i kh\u00f4ng \u0111\u01b0\u1ee3c mua ho\u1eb7c s\u1eed d\u1ee5ng.\r\n       <br\/>\r\n       T\u1ea1i Nh\u1eadt B\u1ea3n, ph\u01b0\u01a1ng ph\u00e1p n\u00e0y m\u1edbi \u0111\u01b0\u1ee3c c\u1ea5p ph\u00e9p v\u00e0o th\u00e1ng 4 n\u0103m 2023, nh\u01b0ng \u0111\u00e2y l\u00e0 ph\u01b0\u01a1ng ph\u00e1p ph\u00e1 thai \u0111\u01b0\u1ee3c WHO khuy\u1ebfn ngh\u1ecb v\u00e0 \u0111\u00e3 \u0111\u01b0\u1ee3c s\u1eed d\u1ee5ng r\u1ed9ng r\u00e3i tr\u00ean th\u1ebf gi\u1edbi t\u1eeb h\u01a1n 30 n\u0103m tr\u01b0\u1edbc.\r\n      <\/p>\r\n<div class=\"section-dept__guide_btn_area\">\r\n<ul>\r\n<li class=\"section-dept__guide_btn mr10 w45 mr_sp_0 mb_sp_10\">\r\n<a href=\"https:\/\/www.oakclinic-group.com\/fujinka\/mpac\/#m_about\">\r\n<p>\r\n           V\u1ec1 t\u00e1c d\u1ee5ng c\u1ee7a g\u00f3i Mefeego\u00ae Pack\r\n          <\/p>\r\n<\/a>\r\n<\/li>\r\n<li class=\"section-dept__guide_btn w45\">\r\n<a href=\"https:\/\/www.oakclinic-group.com\/fujinka\/mpac\/#m_schedule\">\r\n<p>\r\n           L\u1ecbch tr\u00ecnh nh\u1eadn v\u00e0 chi ph\u00ed c\u1ee7a thu\u1ed1c \r\n           <br\/>\r\n           Mefeego\u00ae Pack\r\n          <\/p>\r\n<\/a>\r\n<\/li>\r\n<\/ul>\r\n<ul class=\"mt20 mb20 mt_sp_10\">\r\n<li class=\"section-dept__guide_btn mr10 w45 mr_sp_0 mb_sp_10\">\r\n<a href=\"https:\/\/www.oakclinic-group.com\/fujinka\/mpac\/#m_safety\">\r\n<p>\r\n           C\u00e1c tri\u1ec7u ch\u1ee9ng v\u00e0 t\u00ednh an to\u00e0n khi s\u1eed d\u1ee5ng thu\u1ed1c\r\n           <br\/>\r\n           Mefeego\u00ae Pack\r\n          <\/p>\r\n<\/a>\r\n<\/li>\r\n<li class=\"section-dept__guide_btn w45\">\r\n<a href=\"https:\/\/www.oakclinic-group.com\/fujinka\/mpac\/#m_success\">\r\n<p>\r\n           T\u1ef7 l\u1ec7 th\u00e0nh c\u00f4ng v\u00e0 t\u00e1c d\u1ee5ng ph\u1ee5 c\u1ee7a vi\u1ec7c s\u1eed d\u1ee5ng thu\u1ed1c ph\u00e1 thai\r\n           <br\/>\r\n           Mefeego\u00ae Pack\r\n          <\/p>\r\n<\/a>\r\n<\/li>\r\n<\/ul>\r\n<ul class=\"mt20 mb20 mt_sp_10\">\r\n<li class=\"section-dept__guide_btn mr10 w45 mr_sp_0 mb_sp_10\">\r\n<a href=\"https:\/\/www.oakclinic-group.com\/fujinka\/mpac\/#m_nonPrescription\">\r\n<p>\r\n           Nh\u1eefng ng\u01b0\u1eddi kh\u00f4ng th\u1ec3 s\u1eed d\u1ee5ng\r\n           <br\/>\r\n           Mefeego\u00ae Pack\r\n          <\/p>\r\n<\/a>\r\n<\/li>\r\n<li class=\"section-dept__guide_btn w45\">\r\n<a href=\"https:\/\/www.oakclinic-group.com\/fujinka\/mpac\/#m_otherNotes\">\r\n<p>\r\n           C\u00e1c l\u01b0u \u00fd kh\u00e1c\r\n          <\/p>\r\n<\/a>\r\n<\/li>\r\n<\/ul>\r\n<\/div>\r\n<\/div>\r\n<\/div>\r\n<h4 class=\"section-top__guide_title mt20\" id=\"reserve\">\r\n     V\u1ec1 \u0111\u1eb7t ch\u1ed7\r\n    <\/h4>\r\n<div class=\"section-dept__content03_text\">\r\n<p>\r\n      Vui l\u00f2ng g\u1ecdi \u0111i\u1ec7n tho\u1ea1i trong gi\u1edd l\u00e0m vi\u1ec7c \u0111\u1ec3 \u0111\u1eb7t l\u1ecbch h\u1eb9n.\r\n     <\/p>\r\n<!-- #BeginLibraryItem \"\/Library\/fujinka_ginza.lbi\" -->\r\n<section class=\"section-top__item_b_box2 text_frame color_gray align_center ml0 mr0\">\r\n<div class=\"sp_wrapper\">\r\n<p class=\"pb0 mb-5\">\r\n        M\u1ed7i b\u1ec7nh vi\u1ec7n c\u00f3 c\u00e1c chuy\u00ean khoa kh\u00e1c nhau, vui l\u00f2ng li\u00ean h\u1ec7 tr\u01b0\u1edbc khi \u0111\u1ebfn b\u1ec7nh vi\u1ec7n.\r\n        <br\/>\r\n        C\u01a1 s\u1edf Ginza ch\u1ec9 \u0111i\u1ec1u tr\u1ecb v\u00f4 sinh.\r\n       <\/p>\r\n<\/div>\r\n<\/section>\r\n<!-- #EndLibraryItem -->\r\n<!-- #BeginLibraryItem \"\/Library\/contact_tel_pict.lbi\" -->\r\n<div class=\"section-dept__caution_area text_frame pt20 mb20\" style=\"width: 95%\">\r\n<table>\r\n<tbody>\r\n<tr>\r\n<td class=\"v_align_top align_center pt5\" style=\"width: 15%\">\r\n<img loading=\"lazy\" decoding=\"async\" alt=\"\u96fb\u8a71\u30d4\u30af\u30c8\u30b5\u30a4\u30f3\" height=\"65\" src=\"https:\/\/www.oakclinic-group.com\/wp\/wp-content\/themes\/oak-clinic\/assets\/images\/funin\/phone@2x.png\" width=\"65\"\/>\r\n<\/td>\r\n<td class=\"pl10\">\r\n<p class=\"rem16\">\r\n           Hi\u1ec7p h\u1ed9i y t\u1ebf Oak\r\n           <br class=\"br-sp\"\/>\r\n           Li\u00ean h\u1ec7\u30fb\u0110\u1eb7t h\u1eb9n\r\n           <br class=\"br-sp\"\/>\r\n           S\u1ed1 \u0111i\u1ec7n tho\u1ea1i\r\n          <\/p>\r\n<p class=\"rem24 bold\">\r\n<a class=\"tel\" href=\"tel:0120-009-345\">\r\n            0120-009-345\r\n           <\/a>\r\n<\/p>\r\n<\/td>\r\n<\/tr>\r\n<tr>\r\n<td class=\"v_align_top align_center\">\r\n<p>\r\n<\/p>\r\n<\/td>\r\n<td class=\"v_align_top pl10 pt20\">\r\n<p>\r\n           \u3010Th\u1eddi gian ti\u1ebfp nh\u1eadn\u3011\r\n           <br\/>\r\n           Th\u1ee9 Hai \u0111\u1ebfn Th\u1ee9 B\u1ea3y, 9:00 \u0111\u1ebfn 17:00 (tr\u1eeb ng\u00e0y l\u1ec5, cu\u1ed1i n\u0103m v\u00e0 \u0111\u1ea7u n\u0103m)\r\n           <br\/>\r\n           \u203b\u0110\u0103ng k\u00fd \u0111\u1eb7t ch\u1ed7 c\u0169ng \u0111\u01b0\u1ee3c nh\u1eadn v\u00e0o c\u00e1c ng\u00e0y l\u1ec5 (9:00~17:00).\r\n          <\/p>\r\n<p>\r\n           \u203bS\u1ed1 \u0111i\u1ec7n tho\u1ea1i tr\u00ean c\u00f3 th\u1ec3 kh\u00f4ng  s\u1eed d\u1ee5ng \u0111\u01b0\u1ee3c t\u1eeb n\u01b0\u1edbc ngo\u00e0i ho\u1eb7c m\u1ed9t s\u1ed1 h\u00f2n \u0111\u1ea3o xa  trong n\u01b0\u1edbc.\r\n           <br\/>\r\n           Trong tr\u01b0\u1eddng h\u1ee3p \u0111\u00f3, vui l\u00f2ng g\u1ecdi \u0111\u1ebfn s\u1ed1 \u0111i\u1ec7n tho\u1ea1i sau: TEL\r\n           <a class=\"tel\" href=\"tel:06-4398-1000\">\r\n            06-4398-1000\r\n           <\/a>\r\n           (C\u1ea7n tr\u1ea3 c\u01b0\u1edbc ph\u00ed cu\u1ed9c g\u1ecdi)\r\n          <\/p>\r\n<\/td>\r\n<\/tr>\r\n<\/tbody>\r\n<\/table>\r\n<\/div>\r\n<!-- #EndLibraryItem -->\r\n<\/div>\r\n<div class=\"section-top__item_top_area clearfix mb50\">\r\n<h2 class=\"section-dept__content02_title mb20\">\r\n      Th\u00f4ng tin v\u1ec1 ph\u00f2ng kh\u00e1m\r\n     <\/h2>\r\n<ul class=\"w100\">\r\n<li class=\"index_btn\">\r\n<a href=\"https:\/\/www.oakclinic-group.com\/sumiyoshi\/fujinka\/\">\r\n<div class=\"btn-photo bg-sumiyoshi\">\r\n<p class=\"btn-text\">\r\n          Ph\u00f2ng kh\u00e1m s\u1ea3n ph\u1ee5 khoa Oak Sumiyoshi\r\n         <\/p>\r\n<\/div>\r\n<\/a>\r\n<\/li>\r\n<\/ul>\r\n<\/div>\r\n<\/section>\r\n<\/div>\r\n<\/div>\r\n<!-- section-dept__container end -->","protected":false},"excerpt":{"rendered":"Vi\u1ec7c ph\u00e1 thai Sumiyoshi \u0110\u1ec3 tr\u00e1nh mang thai ngo\u00e0i \u00fd mu\u1ed1n, c\u00e1ch t\u1ed1t nh\u1ea5t l\u00e0 s\u1eed d\u1ee5ng bi\u1ec7n ph\u00e1p tr\u00e1nh thai. Tuy nhi\u00ean, trong tr\u01b0\u1eddng h\u1ee3p kh\u00f4ng mu\u1ed1n sinh con v\u00ec nhi\u1ec1u l\u00fd do kh\u00e1c nhau, c\u00f3 th\u1ec3 l\u1ef1a ch\u1ecdn ph\u01b0\u01a1ng ph\u00e1p ph\u00e1 thai nh\u00e2n t\u1ea1o. Ph\u1eabu thu\u1eadt ph\u00e1 thai ch\u1ec9 \u0111\u01b0\u1ee3c ph\u00e9p th\u1ef1c hi\u1ec7n [&hellip;]","protected":false},"author":5,"featured_media":0,"parent":7132,"menu_order":706,"comment_status":"closed","ping_status":"closed","template":"","meta":{"_locale":"vi","_original_post":"https:\/\/www.oakclinic-group.com\/wp\/?page_id=760","footnotes":""},"class_list":["post-7134","page","type-page","status-publish","hentry","vi"],"_links":{"self":[{"href":"https:\/\/www.oakclinic-group.com\/wp-json\/wp\/v2\/pages\/7134","targetHints":{"allow":["GET"]}}],"collection":[{"href":"https:\/\/www.oakclinic-group.com\/wp-json\/wp\/v2\/pages"}],"about":[{"href":"https:\/\/www.oakclinic-group.com\/wp-json\/wp\/v2\/types\/page"}],"author":[{"embeddable":true,"href":"https:\/\/www.oakclinic-group.com\/wp-json\/wp\/v2\/users\/5"}],"replies":[{"embeddable":true,"href":"https:\/\/www.oakclinic-group.com\/wp-json\/wp\/v2\/comments?post=7134"}],"version-history":[{"count":1,"href":"https:\/\/www.oakclinic-group.com\/wp-json\/wp\/v2\/pages\/7134\/revisions"}],"predecessor-version":[{"id":7135,"href":"https:\/\/www.oakclinic-group.com\/wp-json\/wp\/v2\/pages\/7134\/revisions\/7135"}],"up":[{"embeddable":true,"href":"https:\/\/www.oakclinic-group.com\/wp-json\/wp\/v2\/pages\/7132"}],"wp:attachment":[{"href":"https:\/\/www.oakclinic-group.com\/wp-json\/wp\/v2\/media?parent=7134"}],"curies":[{"name":"wp","href":"https:\/\/api.w.org\/{rel}","templated":true}]}}