{"id":7132,"date":"2026-04-07T10:12:53","date_gmt":"2026-04-07T01:12:53","guid":{"rendered":"https:\/\/www.oakclinic-group.com\/?page_id=7132"},"modified":"2026-04-21T09:25:43","modified_gmt":"2026-04-21T00:25:43","slug":"fujinka","status":"publish","type":"page","link":"https:\/\/www.oakclinic-group.com\/vi\/fujinka\/","title":{"rendered":"Ng\u1eeba thai v\u00e0 ph\u00e1 thai"},"content":{"rendered":"<div class=\"section-dept__container\">\r\n<div class=\"section-dept__first_content\">\r\n<section class=\"section-dept__content01\">\r\n<h1 class=\"section-dept__content01_title\">\r\n     Ng\u1eeba thai v\u00e0 ph\u00e1 thai\r\n    <\/h1>\r\n<div class=\"section-dept__content01_text\">\r\n<div class=\"section-dept__content02_text\">\r\n<div class=\"fertilization_yukai_cap\">\r\n<div class=\"fertilization01 mt20\">\r\n<p class=\"align_left pl10 pr10\">\r\n         \u0110\u1ed1i v\u1edbi ph\u1ee5 n\u1eef  th\u00ec  ki\u1ec3m so\u00e1t vi\u1ec7c mang thai l\u00e0 \u0111i\u1ec1u c\u1ef1c k\u1ef3 quan tr\u1ecdng trong cu\u1ed9c s\u1ed1ng x\u00e3 h\u1ed9i.\r\n         <br\/>\r\n         C\u00f3 nhi\u1ec1u ph\u01b0\u01a1ng ph\u00e1p tr\u00e1nh thai kh\u00e1c nhau, nh\u01b0ng ph\u01b0\u01a1ng ph\u00e1p ph\u1ed5 bi\u1ebfn v\u00e0 \u0111\u01b0\u1ee3c khuy\u1ebfn kh\u00edch nh\u1ea5t l\u00e0 u\u1ed1ng thu\u1ed1c tr\u00e1nh thai li\u1ec1u th\u1ea5p.\r\n         <br\/>\r\n         Ngo\u00e0i ra c\u00f2n c\u00f3 c\u00e1c ph\u01b0\u01a1ng ph\u00e1p kh\u00e1c nh\u01b0 thu\u1ed1c tr\u00e1nh thai kh\u1ea9n c\u1ea5p, v\u00f2ng tr\u00e1nh thai, v.v.\r\n         <br\/>\r\n         T\u1ea1i Hi\u1ec7p h\u1ed9i Y t\u1ebf Oak, ch\u00fang t\u00f4i th\u1ef1c hi\u1ec7n c\u00e1c d\u1ecbch v\u1ee5 tr\u00e1nh thai v\u00e0 ph\u00e1 thai nh\u01b0 d\u01b0\u1edbi \u0111\u00e2y.\r\n         <br\/>\r\n         Ngo\u00e0i ra, ch\u00fang t\u00f4i c\u00f2n th\u1ef1c hi\u1ec7n x\u00e9t nghi\u1ec7m ADN \u0111\u1ec3 x\u00e1c \u0111\u1ecbnh quan h\u1ec7 huy\u1ebft th\u1ed1ng c\u1ee7a thai nhi sau khi ph\u00e1 thai, \u0111\u00e1p \u1ee9ng cho c\u1ea3 nhu c\u1ea7u c\u00e1 nh\u00e2n c\u0169ng nh\u01b0 ph\u00e1p l\u00fd.\r\n        <\/p>\r\n<figure class=\"pl50 pr50\">\r\n<img decoding=\"async\" alt=\"Ng\u1eeba thai v\u00e0 ph\u00e1 thai\" src=\"https:\/\/www.oakclinic-group.com\/wp\/wp-content\/themes\/oak-clinic\/assets\/images\/fujinka\/contraceptive_image.png\"\/>\r\n<\/figure>\r\n<\/div>\r\n<div class=\"fertilization02\">\r\n<div class=\"fertilization03\">\r\n<p class=\"headline\">\r\n<a href=\"#pill\">\r\n           Thu\u1ed1c tr\u00e1nh thai li\u1ec1u th\u1ea5p\r\n           <img decoding=\"async\" alt=\"\u4e38\u30dc\u30bf\u30f3\" src=\"https:\/\/www.oakclinic-group.com\/wp\/wp-content\/themes\/oak-clinic\/assets\/images\/funin\/headline_circle_btn.png\"\/>\r\n<\/a>\r\n<\/p>\r\n<\/div>\r\n<div class=\"fertilization03\">\r\n<p class=\"headline\">\r\n<a href=\"#emergency_pill\">\r\n           Thu\u1ed1c tr\u00e1nh thai kh\u1ea9n c\u1ea5p\r\n           <img decoding=\"async\" alt=\"\u4e38\u30dc\u30bf\u30f3\" src=\"https:\/\/www.oakclinic-group.com\/wp\/wp-content\/themes\/oak-clinic\/assets\/images\/funin\/headline_circle_btn.png\"\/>\r\n<\/a>\r\n<\/p>\r\n<\/div>\r\n<div class=\"fertilization03\">\r\n<p class=\"headline\">\r\n<a href=\"#ring\">\r\n           V\u00f2ng\r\n           <img decoding=\"async\" alt=\"\u4e38\u30dc\u30bf\u30f3\" src=\"https:\/\/www.oakclinic-group.com\/wp\/wp-content\/themes\/oak-clinic\/assets\/images\/funin\/headline_circle_btn.png\"\/>\r\n<\/a>\r\n<\/p>\r\n<\/div>\r\n<div class=\"fertilization03\">\r\n<p class=\"headline\">\r\n<a href=\"#abortion\">\r\n           Ph\u00e1 thai\r\n           <img decoding=\"async\" alt=\"\u4e38\u30dc\u30bf\u30f3\" src=\"https:\/\/www.oakclinic-group.com\/wp\/wp-content\/themes\/oak-clinic\/assets\/images\/funin\/headline_circle_btn.png\"\/>\r\n<\/a>\r\n<\/p>\r\n<\/div>\r\n<div class=\"fertilization03\">\r\n<p class=\"headline pt10 pb10\">\r\n<a href=\"#analysis\">\r\n           X\u00e9t nghi\u1ec7m ADN \u0111\u1ec3 x\u00e1c \u0111\u1ecbnh quan h\u1ec7 cha con v\u1edbi thai nhi sau khi ph\u00e1 thai\r\n           <img decoding=\"async\" alt=\"\u4e38\u30dc\u30bf\u30f3\" src=\"https:\/\/www.oakclinic-group.com\/wp\/wp-content\/themes\/oak-clinic\/assets\/images\/funin\/headline_circle_btn.png\"\/>\r\n<\/a>\r\n<\/p>\r\n<\/div>\r\n<\/div>\r\n<\/div>\r\n<section class=\"section-top__item_b_box2 text_frame color_gray align_center mt30\">\r\n<div class=\"sp_wrapper\">\r\n<p class=\"pb0 mb-5\">\r\n         M\u1ed7i b\u1ec7nh vi\u1ec7n s\u1ebd c\u00f3 c\u00e1c khoa chuy\u00ean bi\u1ec7t kh\u00e1c nhau,  vui l\u00f2ng li\u00ean h\u1ec7 tr\u01b0\u1edbc khi \u0111\u1ebfn b\u1ec7nh vi\u1ec7n.\r\n         <br\/>\r\n         C\u01a1 s\u1edf Ginza ch\u1ec9 \u0111i\u1ec1u tr\u1ecb v\u00f4 sinh.\r\n        <\/p>\r\n<\/div>\r\n<\/section>\r\n<\/div>\r\n<\/div>\r\n<h2 class=\"section-dept__content02_title\">\r\n     Ph\u01b0\u01a1ng ph\u00e1p tr\u00e1nh thai\r\n    <\/h2>\r\n<div class=\"section-dept__content02_text\">\r\n<div class=\"fujinka_info\" id=\"pill\">\r\n<h3 class=\"clear_both\">\r\n<a href=\"https:\/\/www.oakclinic-group.com\/fujinka\/hinin_pill\/\">\r\n        Thu\u1ed1c tr\u00e1nh thai li\u1ec1u th\u1ea5p\r\n       <\/a>\r\n<\/h3>\r\n<div class=\"fujinka_info__text\">\r\n<p>\r\n        C\u00f3 nhi\u1ec1u ph\u01b0\u01a1ng ph\u00e1p tr\u00e1nh thai kh\u00e1c nhau, nh\u01b0ng ph\u01b0\u01a1ng ph\u00e1p \u0111\u01b0\u1ee3c khuy\u1ebfn kh\u00edch nh\u1ea5t l\u00e0 thu\u1ed1c tr\u00e1nh thai li\u1ec1u th\u1ea5p.\r\n        <br\/>\r\n        N\u1ebfu u\u1ed1ng \u0111\u00fang c\u00e1ch, hi\u1ec7u qu\u1ea3 tr\u00e1nh thai g\u1ea7n nh\u01b0 100%, kh\u00e1c v\u1edbi thu\u1ed1c tr\u00e1nh thai li\u1ec1u trung b\u00ecnh truy\u1ec1n th\u1ed1ng, thu\u1ed1c n\u00e0y c\u00f3 \u00edt t\u00e1c d\u1ee5ng ph\u1ee5 v\u00e0 l\u00e0 ph\u01b0\u01a1ng ph\u00e1p tr\u00e1nh thai l\u00fd t\u01b0\u1edfng.\r\n        <br\/>\r\n        Thu\u1ed1c tr\u00e1nh thai li\u1ec1u th\u1ea5p c\u00f3 nhi\u1ec1u lo\u1ea1i kh\u00e1c nhau, nh\u01b0 thu\u1ed1c tr\u00e1nh thai 1 vi\u00ean c\u00f3 th\u00e0nh ph\u1ea7n hormone gi\u1ed1ng nhau, thu\u1ed1c tr\u00e1nh thai \u0111a pha c\u00f3 h\u00e0m l\u01b0\u1ee3ng hormone thay \u0111\u1ed5i theo t\u1eebng giai \u0111o\u1ea1n, v\u00e0 lo\u1ea1i 28 vi\u00ean bao g\u1ed3m 21 vi\u00ean thu\u1ed1c v\u00e0 7 vi\u00ean gi\u1ea3 d\u01b0\u1ee3c.\r\n       <\/p>\r\n<\/div>\r\n<div class=\"fujinka_info__image\">\r\n<img decoding=\"async\" alt=\"Thu\u1ed1c tr\u00e1nh thai li\u1ec1u th\u1ea5p\" src=\"https:\/\/www.oakclinic-group.com\/wp\/wp-content\/themes\/oak-clinic\/assets\/images\/fujinka\/pill1_image.png\"\/>\r\n<\/div>\r\n<section class=\"section-top__item_b_box2 text_frame color_gray\">\r\n<p>\r\n        H\u1ed9i Oak \u0111ang th\u1ef1c hi\u1ec7n kh\u00e1m b\u1ec7nh tr\u1ef1c tuy\u1ebfn.\r\n        <br\/>\r\n        Qu\u00fd v\u1ecb c\u00f3 nhu c\u1ea7u, vui l\u00f2ng tham kh\u1ea3o\r\n        <a href=\"https:\/\/www.oakclinic-group.com\/on-pill\/\">\r\n         \"Pill Online\u00ae\"\r\n        <\/a>\r\n        .\r\n       <\/p>\r\n<p>\r\n<a href=\"https:\/\/www.oakclinic-group.com\/on-pill\/\">\r\n<img loading=\"lazy\" decoding=\"async\" alt=\"Pill Online\" height=\"144\" src=\"https:\/\/www.oakclinic-group.com\/wp\/wp-content\/themes\/oak-clinic\/vi\/assets\/images\/on-pill\/btn-pillonline.png\" width=\"457\"\/>\r\n<\/a>\r\n<\/p>\r\n<\/section>\r\n<\/div>\r\n<\/div>\r\n<div class=\"section-dept__content02_text\">\r\n<div class=\"fujinka_info\" id=\"emergency_pill\">\r\n<h3 class=\"clear_both\">\r\n<a href=\"https:\/\/www.oakclinic-group.com\/fujinka\/hinin_pill02\/\">\r\n        Thu\u1ed1c tr\u00e1nh thai kh\u1ea9n c\u1ea5p\r\n       <\/a>\r\n<\/h3>\r\n<div class=\"fujinka_info__text\">\r\n<p>\r\n        Thu\u1ed1c tr\u00e1nh thai kh\u1ea9n c\u1ea5p l\u00e0 lo\u1ea1i thu\u1ed1c \u0111\u01b0\u1ee3c u\u1ed1ng trong v\u00f2ng 72 gi\u1edd sau khi quan h\u1ec7 t\u00ecnh d\u1ee5c \u0111\u1ec3 ng\u0103n ng\u1eeba mang thai ngo\u00e0i \u00fd mu\u1ed1n trong tr\u01b0\u1eddng h\u1ee3p th\u1ea5t b\u1ea1i trong vi\u1ec7c tr\u00e1nh thai.\r\n        <br\/>\r\n        H\u1ed9i Oak cung c\u1ea5p hai lo\u1ea1i thu\u1ed1c l\u00e0 Planovar v\u00e0 Levonorgestrel, c\u1ea3 hai lo\u1ea1i n\u00e0y \u0111\u1ec1u kh\u00f4ng th\u1ec3 ng\u0103n ng\u1eeba mang thai 100%, v\u00ec v\u1eady n\u1ebfu kinh nguy\u1ec7t b\u1ecb ch\u1eadm, b\u1ea1n c\u1ea7n \u0111i kh\u00e1m.\r\n       <\/p>\r\n<\/div>\r\n<div class=\"fujinka_info__image\">\r\n<img decoding=\"async\" alt=\"Thu\u1ed1c tr\u00e1nh thai kh\u1ea9n c\u1ea5p\" src=\"https:\/\/www.oakclinic-group.com\/wp\/wp-content\/themes\/oak-clinic\/assets\/images\/fujinka\/pill2_image.png\"\/>\r\n<\/div>\r\n<\/div>\r\n<\/div>\r\n<div class=\"section-dept__content02_text\">\r\n<div class=\"fujinka_info\" id=\"ring\">\r\n<h3 class=\"clear_both\">\r\n<a href=\"https:\/\/www.oakclinic-group.com\/fujinka\/ring\/\">\r\n        V\u00f2ng\r\n       <\/a>\r\n<\/h3>\r\n<div class=\"fujinka_info__text\">\r\n<p>\r\n        V\u00f2ng tr\u00e1nh thai (IDU) l\u00e0 ph\u01b0\u01a1ng ph\u00e1p \u0111\u1eb7t v\u00e0o t\u1eed cung \u0111\u1ec3 ng\u0103n ch\u1eb7n tr\u1ee9ng \u0111\u00e3 th\u1ee5 tinh l\u00e0m t\u1ed5.\r\n        <br\/>\r\n        Khi \u0111eo v\u00e0o, c\u00f3 th\u1ec3 tr\u00e1nh thai trong th\u1eddi gian d\u00e0i, th\u00edch h\u1ee3p cho nh\u1eefng ng\u01b0\u1eddi hay qu\u00ean u\u1ed1ng thu\u1ed1c tr\u00e1nh thai ho\u1eb7c d\u1ec5 b\u1ecb t\u00e1c d\u1ee5ng ph\u1ee5 khi d\u00f9ng thu\u1ed1c.\r\n        <br\/>\r\n        T\u1ef7 l\u1ec7 tr\u00e1nh thai l\u00e0 kho\u1ea3ng 95% tr\u1edf l\u00ean, sau khi \u0111\u1eb7t v\u00e0o c\u00f3 th\u1ec3 s\u1eed d\u1ee5ng trong kho\u1ea3ng 2 n\u0103m.\r\n        <br\/>\r\n        Tuy nhi\u00ean, ph\u01b0\u01a1ng ph\u00e1p n\u00e0y kh\u00f4ng ph\u00f9 h\u1ee3p v\u1edbi nh\u1eefng tr\u01b0\u1eddng h\u1ee3p c\u00f3 b\u1ec7nh l\u00fd v\u1ec1 t\u1eed cung v\u00e0 c\u0169ng c\u00f3 th\u1ec3 g\u00e2y ra t\u00e1c d\u1ee5ng ph\u1ee5.\r\n       <\/p>\r\n<\/div>\r\n<div class=\"fujinka_info__image\">\r\n<img decoding=\"async\" alt=\"V\u00f2ng tr\u00e1nh thai\" src=\"https:\/\/www.oakclinic-group.com\/wp\/wp-content\/themes\/oak-clinic\/assets\/images\/fujinka\/ring_image.png\"\/>\r\n<\/div>\r\n<\/div>\r\n<\/div>\r\n<h2 class=\"section-dept__content02_title\" id=\"abortion\">\r\n<a href=\"https:\/\/www.oakclinic-group.com\/fujinka\/hinin\/\">\r\n      Ph\u00e1 thai\r\n     <\/a>\r\n<\/h2>\r\n<h3 class=\"section-dept__content03_title\">\r\n      Tr\u01b0\u1eddng h\u1ee3p mang thai ngo\u00e0i \u00fd mu\u1ed1n\r\n    <\/h3>\r\n<div class=\"section-dept__content02_text\">\r\n<div class=\"abortion_info\">\r\n<div class=\"abortion_info__text\">\r\n<p>\r\n        \u0110\u1ea3m b\u1ea3o tr\u00e1nh thai l\u00e0 \u0111i\u1ec1u quan tr\u1ecdng nh\u1ea5t, nh\u01b0ng n\u1ebfu k\u1ebft qu\u1ea3 l\u00e0 mang thai ngo\u00e0i \u00fd mu\u1ed1n, th\u00ec c\u00f3 th\u1ec3 l\u1ef1a ch\u1ecdn ph\u00e1 thai nh\u00e2n t\u1ea1o.\r\n        <br\/>\r\n        Ph\u1eabu thu\u1eadt ph\u00e1 thai ch\u1ec9 \u0111\u01b0\u1ee3c ph\u00e9p th\u1ef1c hi\u1ec7n b\u1edfi b\u00e1c s\u0129 \u0111\u01b0\u1ee3c ch\u1ec9 \u0111\u1ecbnh theo Lu\u1eadt B\u1ea3o v\u1ec7 M\u1eb9 v\u00e0 Thai nhi, v\u00ec ph\u1eabu thu\u1eadt n\u00e0y \u0111\u00f2i h\u1ecfi kinh nghi\u1ec7m d\u00e0y d\u1eb7n v\u00e0 nhi\u1ec1u bi\u1ec7n ph\u00e1p an to\u00e0n.\r\n        <br\/>\r\n        Ph\u01b0\u01a1ng ph\u00e1p \u0111i\u1ec1u tr\u1ecb v\u00e0 chi ph\u00ed s\u1ebd kh\u00e1c nhau t\u00f9y theo k\u00edch th\u01b0\u1edbc, v\u00ec v\u1eady ch\u00fang t\u00f4i khuy\u00ean b\u1ea1n n\u00ean \u0111\u1ebfn kh\u00e1m s\u1edbm.\r\n       <\/p>\r\n<\/div>\r\n<div class=\"abortion_info__image\">\r\n<img decoding=\"async\" alt=\"Ph\u00e1 thai\" src=\"https:\/\/www.oakclinic-group.com\/wp\/wp-content\/themes\/oak-clinic\/assets\/images\/fujinka\/abortion_image.png\"\/>\r\n<\/div>\r\n<\/div>\r\n<\/div>\r\n<h3 class=\"section-dept__content03_title\">\r\n     Ph\u01b0\u01a1ng ph\u00e1p ph\u00e1 thai nh\u00e2n t\u1ea1o\r\n    <\/h3>\r\n<p>\r\n     T\u1ea1i ph\u00f2ng kh\u00e1m s\u1ea3n ph\u1ee5 khoa Oak Sumiyoshi, ch\u00fang t\u00f4i th\u1ef1c hi\u1ec7n ph\u00e1 thai cho \u0111\u1ebfn tu\u1ea7n th\u1ee9 21 ng\u00e0y th\u1ee9 6.\r\n     <br\/>\r\n     Ph\u00e1 thai nh\u00e2n t\u1ea1o th\u01b0\u1eddng c\u00f3 hai ph\u01b0\u01a1ng ph\u00e1p ch\u00ednh l\u00e0 ph\u1eabu thu\u1eadt v\u00e0 \u0111i\u1ec1u tr\u1ecb b\u1eb1ng thu\u1ed1c (thu\u1ed1c u\u1ed1ng), vi\u1ec7c l\u1ef1a ch\u1ecdn ph\u01b0\u01a1ng ph\u00e1p n\u00e0o s\u1ebd ph\u1ee5 thu\u1ed9c v\u00e0o s\u1ed1 tu\u1ea7n thai v\u00e0 t\u00ecnh tr\u1ea1ng s\u1ee9c kh\u1ecfe c\u1ee7a s\u1ea3n ph\u1ee5.\r\n    <\/p>\r\n<div class=\"section-dept__content02_text\">\r\n<div class=\"fee_box\">\r\n<table>\r\n<tbody>\r\n<tr>\r\n<th colspan=\"2\">\r\n          Ph\u01b0\u01a1ng ph\u00e1p ph\u00e1 thai nh\u00e2n t\u1ea1o\r\n         <\/th>\r\n<\/tr>\r\n<tr>\r\n<td class=\"color_gray\" data-label=\"Ph\u1eabu thu\u1eadt\">\r\n          Ph\u01b0\u01a1ng ph\u00e1p ph\u1eabu thu\u1eadt\r\n         <\/td>\r\n<td data-label=\"\">\r\n          \u2460 H\u00fat b\u1eb1ng d\u1ee5ng c\u1ee5 (ph\u01b0\u01a1ng ph\u00e1p h\u00fat thai)\r\n          <br\/>\r\n          \u2461 Ph\u01b0\u01a1ng ph\u00e1p ki\u1ec3m tra t\u1eed cung (ph\u01b0\u01a1ng ph\u00e1p n\u1ed9i soi t\u1eed cung)\r\n         <\/td>\r\n<\/tr>\r\n<tr>\r\n<td class=\"color_gray\" data-label=\"\">\r\n          Ph\u01b0\u01a1ng ph\u00e1p d\u00f9ng thu\u1ed1c u\u1ed1ng\r\n          <br\/>\r\n<span class=\"rem14\">\r\n<a href=\"https:\/\/www.oakclinic-group.com\/fujinka\/mpac\/\">\r\n           (Mefeego\u00ae Pack)\r\n           <\/a>\r\n<\/span>\r\n<\/td>\r\n<td data-label=\"\">\r\n          Mifepristone v\u00e0 Misoprostol \u0111\u01b0\u1ee3c d\u00f9ng k\u1ebft h\u1ee3p v\u1edbi nhau.\r\n          <br\/>\r\n          Thu\u1ed1c c\u00f3 hi\u1ec7u qu\u1ea3 trong giai \u0111o\u1ea1n \u0111\u1ea7u c\u1ee7a thai k\u1ef3 (kho\u1ea3ng 7-9 tu\u1ea7n) v\u00e0 \u0111\u01b0\u1ee3c s\u1eed d\u1ee5ng d\u01b0\u1edbi s\u1ef1 gi\u00e1m s\u00e1t c\u1ee7a b\u00e1c s\u0129 ch\u1ec9 \u0111\u1ecbnh.\r\n         <\/td>\r\n<\/tr>\r\n<\/tbody>\r\n<\/table>\r\n<\/div>\r\n<\/div>\r\n<h2 class=\"section-dept__content02_title mt30\">\r\n<a href=\"https:\/\/www.oakclinic-group.com\/fujinka\/aus_oyako\/\">\r\n      X\u00e9t nghi\u1ec7m DNA \u0111\u1ec3 x\u00e1c \u0111\u1ecbnh quan h\u1ec7 cha con v\u1edbi thai nhi sau khi ph\u00e1 thai\r\n     <\/a>\r\n<\/h2>\r\n<div class=\"section-dept__content02_text\">\r\n<div class=\"abortion_info\" id=\"analysis\">\r\n<div class=\"abortion_info__text\">\r\n<p>\r\n        C\u00f3 th\u1ec3 ki\u1ec3m tra quan h\u1ec7 huy\u1ebft th\u1ed1ng b\u1eb1ng c\u00e1ch s\u1eed d\u1ee5ng DNA c\u1ee7a thai nhi sau khi ph\u1eabu thu\u1eadt ph\u00e1 thai.\r\n        <br\/>\r\n        V\u1edbi c\u00f4ng ngh\u1ec7 gi\u1ea3i tr\u00ecnh t\u1ef1 th\u1ebf h\u1ec7 m\u1edbi (NGS), ch\u00fang t\u00f4i s\u1ebd so s\u00e1nh v\u00e0 x\u00e1c \u0111\u1ecbnh DNA c\u1ee7a thai nhi v\u1edbi DNA c\u1ee7a ng\u01b0\u1eddi m\u1eb9 v\u00e0 DNA c\u1ee7a ng\u01b0\u1eddi \u0111\u00e0n \u00f4ng c\u00f3 kh\u1ea3 n\u0103ng l\u00e0 cha.\r\n        <br\/>\r\n        Ch\u00fang t\u00f4i kh\u00f4ng ch\u1ec9 th\u1ef1c hi\u1ec7n th\u1ea9m \u0111\u1ecbnh t\u01b0 nh\u00e2n m\u00e0 c\u00f2n th\u1ef1c hi\u1ec7n th\u1ea9m \u0111\u1ecbnh ph\u00e1p l\u00fd.\r\n        <br\/>\r\n        L\u01b0u \u00fd, \u0111\u1ed9 ch\u00ednh x\u00e1c c\u1ee7a k\u1ebft qu\u1ea3 gi\u00e1m \u0111\u1ecbnh cha con trong hai tr\u01b0\u1eddng h\u1ee3p l\u00e0 ho\u00e0n to\u00e0n nh\u01b0 nhau.\r\n       <\/p>\r\n<\/div>\r\n<div class=\"abortion_info__image\">\r\n<img decoding=\"async\" alt=\"X\u00e1c \u0111\u1ecbnh quan h\u1ec7 huy\u1ebft th\u1ed1ng b\u1eb1ng x\u00e9t nghi\u1ec7m ADN\" src=\"https:\/\/www.oakclinic-group.com\/wp\/wp-content\/themes\/oak-clinic\/assets\/images\/fujinka\/inspectable.png\"\/>\r\n<\/div>\r\n<\/div>\r\n<\/div>\r\n<div class=\"section-top__item_top_area clearfix mb50\">\r\n<h2 class=\"section-dept__content02_title mb20\">\r\n      Th\u00f4ng tin v\u1ec1 ph\u00f2ng kh\u00e1m\r\n     <\/h2>\r\n<ul class=\"w100\">\r\n<li class=\"index_btn\">\r\n<a href=\"https:\/\/www.oakclinic-group.com\/sumiyoshi\/fujinka\/\">\r\n<div class=\"btn-photo bg-sumiyoshi\">\r\n<p class=\"btn-text\">\r\n          Ph\u00f2ng kh\u00e1m s\u1ea3n ph\u1ee5 khoa<br\/>Oak Sumiyoshi\r\n         <\/p>\r\n<\/div>\r\n<\/a>\r\n<\/li>\r\n<\/ul>\r\n<\/div>\r\n<div class=\"mb100\" style=\"clear: both;\">\r\n<div class=\"text_frame3 align_center mt25 mb25\">\n  <p class=\"frame3_title rem17\">Hi\u1ec7p h\u1ed9i y t\u1ebf Oak <br class=\"pc_none\">Li\u00ean h\u1ec7\u30fb\u0110\u1eb7t h\u1eb9n S\u1ed1 \u0111i\u1ec7n tho\u1ea1i<\/p>\n  <p class=\"mb0 rem20\"><a class=\"tel\" href=\"tel:0120-009-345\">0120-009-345<\/a><\/p>\n  <p>\u3010Th\u1eddi gian ti\u1ebfp nh\u1eadn\u3011<br>\n    Th\u1ee9 Hai \u0111\u1ebfn Th\u1ee9 B\u1ea3y, 9:00 \u0111\u1ebfn 17:00 <br>\n    (tr\u1eeb ng\u00e0y l\u1ec5, cu\u1ed1i n\u0103m v\u00e0 \u0111\u1ea7u n\u0103m)<br>\n    \u203b\u0110\u0103ng k\u00fd \u0111\u1eb7t ch\u1ed7 <br class=\"pc_none\">c\u0169ng \u0111\u01b0\u1ee3c nh\u1eadn <br class=\"pc_none\">v\u00e0o c\u00e1c ng\u00e0y l\u1ec5 (9:00~17:00).<\/p>\n  <p class=\"mt20\">\u203bT\u1eeb n\u01b0\u1edbc ngo\u00e0i v\u00e0 m\u1ed9t s\u1ed1 h\u00f2n \u0111\u1ea3o xa x\u00f4i trong n\u01b0\u1edbc, kh\u00f4ng th\u1ec3 s\u1eed d\u1ee5ng s\u1ed1 \u0111i\u1ec7n tho\u1ea1i tr\u00ean. Trong tr\u01b0\u1eddng h\u1ee3p \u0111\u00f3, vui l\u00f2ng g\u1ecdi \u0111\u1ebfn s\u1ed1 \u0111i\u1ec7n tho\u1ea1i sau:<br>\n    TEL <a class=\"tel rem14\" href=\"tel:06-4398-1000\">06-4398-1000<\/a> <br class=\"pc_none\">(C\u1ea7n tr\u1ea3 ph\u00ed cu\u1ed9c g\u1ecdi)<\/p>\n  \u00a0\n  <hr style=\"width: 100%;\">\n  <p>Li\u00ean h\u1ec7 qua email t\u1ea1i \u0111\u00e2y<\/p>\n  <p><a href=\"mailto:oak_online@oakclinic-group.com\">oak_online@oakclinic-group.com<\/a><\/p>\n  <p>\u203bSau khi nh\u1eadn \u0111\u01b0\u1ee3c email, nh\u00e2n vi\u00ean ph\u1ee5 tr\u00e1ch s\u1ebd li\u00ean h\u1ec7 l\u1ea1i v\u1edbi qu\u00fd kh\u00e1ch theo th\u1ee9 t\u1ef1.<br>\n    \u203bN\u1ebfu qu\u00fd kh\u00e1ch c\u1ea7n gi\u1ea3i quy\u1ebft g\u1ea5p, vui l\u00f2ng li\u00ean h\u1ec7 qua \u0111i\u1ec7n tho\u1ea1i.<\/p>\n<\/div>\r\n<\/div>\r\n<\/section>\r\n<\/div>\r\n<\/div>\r\n<!-- section-dept__container end -->","protected":false},"excerpt":{"rendered":"Ng\u1eeba thai v\u00e0 ph\u00e1 thai \u0110\u1ed1i v\u1edbi ph\u1ee5 n\u1eef th\u00ec ki\u1ec3m so\u00e1t vi\u1ec7c mang thai l\u00e0 \u0111i\u1ec1u c\u1ef1c k\u1ef3 quan tr\u1ecdng trong cu\u1ed9c s\u1ed1ng x\u00e3 h\u1ed9i. C\u00f3 nhi\u1ec1u ph\u01b0\u01a1ng ph\u00e1p tr\u00e1nh thai kh\u00e1c nhau, nh\u01b0ng ph\u01b0\u01a1ng ph\u00e1p ph\u1ed5 bi\u1ebfn v\u00e0 \u0111\u01b0\u1ee3c khuy\u1ebfn kh\u00edch nh\u1ea5t l\u00e0 u\u1ed1ng thu\u1ed1c tr\u00e1nh thai li\u1ec1u th\u1ea5p. Ngo\u00e0i ra c\u00f2n c\u00f3 [&hellip;]","protected":false},"author":5,"featured_media":0,"parent":0,"menu_order":795,"comment_status":"closed","ping_status":"closed","template":"","meta":{"_locale":"vi","_original_post":"https:\/\/www.oakclinic-group.com\/wp\/?page_id=68","footnotes":""},"class_list":["post-7132","page","type-page","status-publish","hentry","vi"],"_links":{"self":[{"href":"https:\/\/www.oakclinic-group.com\/wp-json\/wp\/v2\/pages\/7132","targetHints":{"allow":["GET"]}}],"collection":[{"href":"https:\/\/www.oakclinic-group.com\/wp-json\/wp\/v2\/pages"}],"about":[{"href":"https:\/\/www.oakclinic-group.com\/wp-json\/wp\/v2\/types\/page"}],"author":[{"embeddable":true,"href":"https:\/\/www.oakclinic-group.com\/wp-json\/wp\/v2\/users\/5"}],"replies":[{"embeddable":true,"href":"https:\/\/www.oakclinic-group.com\/wp-json\/wp\/v2\/comments?post=7132"}],"version-history":[{"count":2,"href":"https:\/\/www.oakclinic-group.com\/wp-json\/wp\/v2\/pages\/7132\/revisions"}],"predecessor-version":[{"id":7241,"href":"https:\/\/www.oakclinic-group.com\/wp-json\/wp\/v2\/pages\/7132\/revisions\/7241"}],"wp:attachment":[{"href":"https:\/\/www.oakclinic-group.com\/wp-json\/wp\/v2\/media?parent=7132"}],"curies":[{"name":"wp","href":"https:\/\/api.w.org\/{rel}","templated":true}]}}