{"id":6939,"date":"2026-03-17T10:28:38","date_gmt":"2026-03-17T01:28:38","guid":{"rendered":"https:\/\/www.oakclinic-group.com\/?page_id=6939"},"modified":"2026-04-21T08:42:57","modified_gmt":"2026-04-20T23:42:57","slug":"gynecology","status":"publish","type":"page","link":"https:\/\/www.oakclinic-group.com\/vi\/gynecology\/","title":{"rendered":"Ph\u1ee5 khoa"},"content":{"rendered":"<div class=\"section-dept__container\">\r\n<div class=\"section-dept__first_content\">\r\n<section class=\"section-dept__content01\">\r\n<h1 class=\"section-dept__content01_title\">\r\n     Ch\u00fang t\u00f4i cung c\u1ea5p d\u1ecbch v\u1ee5 kh\u00e1m ch\u1eefa b\u1ec7nh cho ph\u1ee5 n\u1eef trong \u0111\u1ed9 tu\u1ed5i mang thai\r\n    <\/h1>\r\n<!-- \u5404\u30af\u30ea\u30cb\u30c3\u30af -->\r\n<div class=\"float_right pt10\">\r\n<p><span class=\"text_frame2\"><a href=\"https:\/\/www.oakclinic-group.com\/sumiyoshi\/\">Sumiyoshi<\/a><\/span> <span class=\"text_frame2\"><a href=\"https:\/\/www.oakclinic-group.com\/umeda_ladys\/\">Umeda<\/a><\/span> <span class=\"text_frame2\"><a href=\"https:\/\/www.oakclinic-group.com\/ginza_ladys\/\">Ginza<\/a><\/span><\/p>\r\n<\/div>\r\n<p style=\"clear: both;\">\r\n<\/p>\r\n<!-- \u5404\u30af\u30ea\u30cb\u30c3\u30af \u3053\u3053\u307e\u3067 -->\r\n<div class=\"section-dept__content01_text pt0\">\r\n<div class=\"ivf_icsi_cap\">\r\n<p class=\"align_left mt20 pl10 pr10\">\r\n       T\u1ea1i Hi\u1ec7p h\u1ed9i Y t\u1ebf Oak, ch\u00fang t\u00f4i cung c\u1ea5p c\u00e1c d\u1ecbch v\u1ee5 kh\u00e1m ph\u1ee5 khoa (s\u1ea3n ph\u1ee5 khoa) cho ph\u1ee5 n\u1eef trong \u0111\u1ed9 tu\u1ed5i sinh \u0111\u1ebb \u0111\u1ec3 chu\u1ea9n b\u1ecb cho vi\u1ec7c mang thai trong t\u01b0\u01a1ng lai.\r\n       <br\/>\r\n       Ch\u00fang t\u00f4i \u0111\u00e1p \u1ee9ng nhu c\u1ea7u \u0111a d\u1ea1ng, t\u1eeb c\u00e1c b\u1ec7nh l\u00fd nh\u01b0 kinh nguy\u1ec7t kh\u00f4ng \u0111\u1ec1u, ch\u1ea3y m\u00e1u b\u1ea5t th\u01b0\u1eddng, \u0111\u1ebfn vi\u1ec7c \u0111i\u1ec1u ch\u1ec9nh chu k\u1ef3 kinh nguy\u1ec7t cho chuy\u1ebfn du l\u1ecbch hay ki\u1ec3m tra s\u1ee9c kh\u1ecfe tr\u01b0\u1edbc khi k\u1ebft h\u00f4n.\r\n      <\/p>\r\n<div class=\"ivf\">\r\n<p class=\"headline\">\r\n<a href=\"https:\/\/www.oakclinic-group.com\/vi\/gynecology\/#gynecology_practice\">\r\n         Ph\u1ee5 khoa (S\u1ea3n ph\u1ee5 khoa) <br\/> kh\u00e1m ch\u1eefa b\u1ec7nh\r\n         <img decoding=\"async\" alt=\"\u4e38\u30dc\u30bf\u30f3\" src=\"https:\/\/www.oakclinic-group.com\/wp\/wp-content\/themes\/oak-clinic\/assets\/images\/funin\/headline_circle_btn.png\"\/>\r\n<\/a>\r\n<\/p>\r\n<div class=\"ivf02\">\r\n<img decoding=\"async\" alt=\"Ph\u1ee5 khoa (S\u1ea3n ph\u1ee5 khoa) kh\u00e1m ch\u1eefa b\u1ec7nh\" src=\"https:\/\/www.oakclinic-group.com\/wp\/wp-content\/themes\/oak-clinic\/vi\/assets\/images\/gynecology\/gynecology_practice.png\"\/>\r\n<\/div>\r\n<\/div>\r\n<div class=\"ivf\">\r\n<p class=\"headline\">\r\n<a href=\"https:\/\/www.oakclinic-group.com\/vi\/gynecology\/#gynecological_examination\">\r\n         Kh\u00e1m ph\u1ee5 khoa\r\n         <img decoding=\"async\" alt=\"\u4e38\u30dc\u30bf\u30f3\" src=\"https:\/\/www.oakclinic-group.com\/wp\/wp-content\/themes\/oak-clinic\/assets\/images\/funin\/headline_circle_btn.png\"\/>\r\n<\/a>\r\n<\/p>\r\n<div class=\"ivf02\">\r\n<img decoding=\"async\" alt=\"Kh\u00e1m ph\u1ee5 khoa\" src=\"https:\/\/www.oakclinic-group.com\/wp\/wp-content\/themes\/oak-clinic\/vi\/assets\/images\/gynecology\/gynecological_examination.png\"\/>\r\n<\/div>\r\n<\/div>\r\n<div class=\"ivf\">\r\n<p class=\"headline\">\r\n<a href=\"https:\/\/www.oakclinic-group.com\/gynecology\/#for_unwanted_pregnancies\">\r\n         Mang thai ngo\u00e0i \u00fd mu\u1ed1n\r\n         <img decoding=\"async\" alt=\"\u4e38\u30dc\u30bf\u30f3\" src=\"https:\/\/www.oakclinic-group.com\/wp\/wp-content\/themes\/oak-clinic\/assets\/images\/funin\/headline_circle_btn.png\"\/>\r\n<\/a>\r\n<\/p>\r\n<div class=\"ivf02\">\r\n<img decoding=\"async\" alt=\"Mang thai ngo\u00e0i \u00fd mu\u1ed1n\" src=\"https:\/\/www.oakclinic-group.com\/wp\/wp-content\/themes\/oak-clinic\/assets\/images\/gynecology\/for_unwanted_pregnancies.png\"\/>\r\n<\/div>\r\n<\/div>\r\n<div class=\"ivf\">\r\n<p class=\"headline\">\r\n<a href=\"https:\/\/www.oakclinic-group.com\/gynecology\/#parent-child_appraisal\">\r\n         X\u00e9t nghi\u1ec7m quan <br\/> h\u1ec7 huy\u1ebft th\u1ed1ng\r\n         <img decoding=\"async\" alt=\"\u4e38\u30dc\u30bf\u30f3\" src=\"https:\/\/www.oakclinic-group.com\/wp\/wp-content\/themes\/oak-clinic\/assets\/images\/funin\/headline_circle_btn.png\"\/>\r\n<\/a>\r\n<\/p>\r\n<div class=\"ivf02\">\r\n<img decoding=\"async\" alt=\"X\u00e9t nghi\u1ec7m quan h\u1ec7 huy\u1ebft th\u1ed1ng\" src=\"https:\/\/www.oakclinic-group.com\/wp\/wp-content\/themes\/oak-clinic\/assets\/images\/gynecology\/parent-child_appraisal.png\"\/>\r\n<\/div>\r\n<\/div>\r\n<\/div>\r\n<div class=\"section-dept__content02_text mt30\">\r\n<!-- #BeginLibraryItem \"\/Library\/fujinka_ginza.lbi\" -->\r\n<section class=\"section-top__item_b_box2 text_frame color_gray align_center ml0 mr0\">\r\n<div class=\"sp_wrapper\">\r\n<p class=\"pb0 mb-5\">\r\n         M\u1ed7i b\u1ec7nh vi\u1ec7n \u0111\u1ec1u c\u00f3 c\u00e1c chuy\u00ean khoa kh\u00e1c nhau , vui l\u00f2ng li\u00ean h\u1ec7 tr\u01b0\u1edbc khi \u0111\u1ebfn b\u1ec7nh vi\u1ec7n.\r\n         <br\/>\r\n         C\u01a1 s\u1edf Ginza ch\u1ec9 \u0111i\u1ec1u tr\u1ecb v\u00f4 sinh.\r\n        <\/p>\r\n<\/div>\r\n<\/section>\r\n<!-- #EndLibraryItem -->\r\n<\/div>\r\n<\/div>\r\n<div id=\"gynecology_practice\">\r\n<\/div>\r\n<h2 class=\"section-dept__content02_title mt20\">\r\n     Ph\u1ee5 khoa (S\u1ea3n ph\u1ee5 khoa) kh\u00e1m ch\u1eefa b\u1ec7nh\r\n    <\/h2>\r\n<div class=\"section-dept__content02_text\">\r\n<div class=\"fee_box\">\r\n<table>\r\n<tbody>\r\n<tr>\r\n<th style=\"width: 25%;\">\r\n          R\u1ed1i lo\u1ea1n kinh nguy\u1ec7t\r\n         <\/th>\r\n<td>\r\n<a href=\"https:\/\/www.oakclinic-group.com\/gynecology\/seiri\/#menstrual_pain\">\r\n           \u0110au b\u1ee5ng kinh (r\u1ed1i lo\u1ea1n kinh nguy\u1ec7t)\r\n          <\/a>\r\n          ,\r\n          <a href=\"https:\/\/www.oakclinic-group.com\/gynecology\/seiri\/#irregular_menstruation\">\r\n           kinh nguy\u1ec7t kh\u00f4ng \u0111\u1ec1u (r\u1ed1i lo\u1ea1n kinh nguy\u1ec7t)\r\n          <\/a>\r\n          ,\r\n          <a href=\"https:\/\/www.oakclinic-group.com\/gynecology\/seiri\/#bleeding\">\r\n           ch\u1ea3y m\u00e1u b\u1ea5t th\u01b0\u1eddng \u1edf b\u1ed9 ph\u1eadn sinh d\u1ee5c\r\n          <\/a>\r\n          ,\r\n          <a href=\"https:\/\/www.oakclinic-group.com\/gynecology\/seiri\/#move\">\r\n           thay \u0111\u1ed5i chu k\u1ef3 kinh nguy\u1ec7t\r\n          <\/a>\r\n<\/td>\r\n<\/tr>\r\n<tr>\r\n<th style=\"width: 25%;\">\r\n          B\u1ec7nh v\u1ec1 t\u1eed cung v\u00e0 bu\u1ed3ng tr\u1ee9ng\r\n         <\/th>\r\n<td>\r\n<a href=\"https:\/\/www.oakclinic-group.com\/gynecology\/shikyu\/#uterine_fibroid\">\r\n           U x\u01a1 t\u1eed cung\r\n          <\/a>\r\n          ,\r\n          <a href=\"https:\/\/www.oakclinic-group.com\/gynecology\/shikyu\/#endometriosis\">\r\n           l\u1ea1c n\u1ed9i m\u1ea1c t\u1eed cung\u30fbvi\u00eam n\u1ed9i m\u1ea1c t\u1eed cung\r\n          <\/a>\r\n          ,\r\n          <a href=\"https:\/\/www.oakclinic-group.com\/gynecology\/ransou\/#ovarian_cyst\">\r\n           u nang bu\u1ed3ng tr\u1ee9ng (u nang bu\u1ed3ng tr\u1ee9ng)\r\n          <\/a>\r\n          ,\r\n          <a href=\"https:\/\/www.oakclinic-group.com\/gynecology\/ransou\/#pco\">\r\n           bu\u1ed3ng tr\u1ee9ng \u0111a nang (PCO)\r\n          <\/a>\r\n<\/td>\r\n<\/tr>\r\n<tr>\r\n<th style=\"width: 25%;\">\r\n          B\u1ec7nh l\u00e2y truy\u1ec1n qua \u0111\u01b0\u1eddng t\u00ecnh d\u1ee5c\r\n         <\/th>\r\n<td>\r\n<a href=\"https:\/\/www.oakclinic-group.com\/gynecology\/kansen\/#vaginal_discharge\">\r\n           D\u1ecbch ti\u1ebft \u00e2m \u0111\u1ea1o \u30fb ng\u1ee9a\r\n          <\/a>\r\n          ,\r\n          <a href=\"https:\/\/www.oakclinic-group.com\/gynecology\/kansen\/#std\">\r\n           b\u1ec7nh l\u00e2y truy\u1ec1n qua \u0111\u01b0\u1eddng t\u00ecnh d\u1ee5c (STD)\r\n          <\/a>\r\n<\/td>\r\n<\/tr>\r\n<\/tbody>\r\n<\/table>\r\n<p class=\"align_center\">\r\n       Ch\u00fang t\u00f4i \u0111ang th\u1ef1c hi\u1ec7n ki\u1ec3m tra STD tr\u1ef1c tuy\u1ebfn. N\u1ebfu qu\u00fd v\u1ecb c\u00f3 nhu c\u1ea7u, \r\n       vui l\u00f2ng truy c\u1eadp <a href=\"https:\/\/www.oakclinic-group.com\/on-std\/\">\"STD tr\u1ef1c tuy\u1ebfn\" <\/a>.\r\n       <br\/>\r\n<a href=\"https:\/\/www.oakclinic-group.com\/on-std\/\">\r\n<img loading=\"lazy\" decoding=\"async\" alt=\"STD tr\u1ef1c tuy\u1ebfn\" height=\"144\" src=\"https:\/\/www.oakclinic-group.com\/wp\/wp-content\/themes\/oak-clinic\/vi\/assets\/images\/on-std\/btn-std.png\" width=\"457\"\/>\r\n<\/a>\r\n<\/p>\r\n<\/div>\r\n<\/div>\r\n<div id=\"gynecological_examination\">\r\n<\/div>\r\n<h2 class=\"section-dept__content02_title\">\r\n     Kh\u00e1m ph\u1ee5 khoa\r\n    <\/h2>\r\n<div class=\"section-dept__content02_text\">\r\n<div class=\"fee_box\">\r\n<table>\r\n<tbody>\r\n<tr>\r\n<th style=\"width: 25%;\">\r\n          Kh\u00e1m ung th\u01b0 t\u1eed cung\r\n         <\/th>\r\n<td>\r\n          \u0110\u1ec3 ph\u00e1t hi\u1ec7n s\u1edbm, ch\u00fang t\u00f4i khuy\u00ean b\u1ea1n n\u00ean \u0111i kh\u00e1m ung th\u01b0 t\u1eed cung.\r\n          <br\/>\r\n<a href=\"https:\/\/www.oakclinic-group.com\/gynecology\/kenshin\/#examination\">\r\n           Chi ti\u1ebft t\u1ea1i \u0111\u00e2y  &gt;&gt;\r\n          <\/a>\r\n<\/td>\r\n<\/tr>\r\n<tr>\r\n<th style=\"width: 25%;\">\r\n          V\u1eafc-xin ung th\u01b0 c\u1ed5 t\u1eed cung\r\n         <\/th>\r\n<td>\r\n          B\u1ec7nh vi\u1ec7n ch\u00fang t\u00f4i cung c\u1ea5p hai lo\u1ea1i v\u1eafc-xin ph\u00f2ng ng\u1eeba ung th\u01b0 c\u1ed5 t\u1eed cung l\u00e0 Cervarix v\u00e0 Gardasil.\r\n          <br\/>\r\n<a href=\"https:\/\/www.oakclinic-group.com\/gynecology\/kenshin\/#vaccination\">\r\n           Chi ti\u1ebft t\u1ea1i \u0111\u00e2y &gt;&gt;\r\n          <\/a>\r\n<\/td>\r\n<\/tr>\r\n<tr>\r\n<th style=\"width: 25%;\">\r\n          Ki\u1ec3m tra tr\u01b0\u1edbc khi k\u1ebft h\u00f4n\r\n         <\/th>\r\n<td>\r\n          \u0110\u00e2y l\u00e0 ch\u01b0\u01a1ng tr\u00ecnh d\u00e0nh cho nh\u1eefng ng\u01b0\u1eddi mu\u1ed1n ki\u1ec3m tra c\u00e1c b\u1ec7nh ph\u1ee5 khoa tr\u01b0\u1edbc khi k\u1ebft h\u00f4n.\r\n          <br\/>\r\n<a href=\"https:\/\/www.oakclinic-group.com\/gynecology\/kenshin\/#bridal_check\">\r\n           Chi ti\u1ebft t\u1ea1i \u0111\u00e2y &gt;&gt;\r\n          <\/a>\r\n<\/td>\r\n<\/tr>\r\n<\/tbody>\r\n<\/table>\r\n<\/div>\r\n<div id=\"for_unwanted_pregnancies\">\r\n<\/div>\r\n<h2 class=\"section-dept__content02_title mt50\">\r\n      Mang thai ngo\u00e0i \u00fd mu\u1ed1n\r\n     <\/h2>\r\n<div class=\"section-dept__content02_text\">\r\n<div class=\"fee_box\">\r\n<table>\r\n<tbody>\r\n<tr>\r\n<th style=\"width: 25%;\">\r\n           Ph\u01b0\u01a1ng ph\u00e1p tr\u00e1nh thai\r\n          <\/th>\r\n<td>\r\n<a href=\"https:\/\/www.oakclinic-group.com\/fujinka\/hinin_pill\/\">\r\n            Thu\u1ed1c tr\u00e1nh thai li\u1ec1u th\u1ea5p\r\n           <\/a>\r\n           ,\r\n           <a href=\"https:\/\/www.oakclinic-group.com\/fujinka\/hinin_pill02\/\">\r\n            thu\u1ed1c tr\u00e1nh thai kh\u1ea9n c\u1ea5p\r\n           <\/a>\r\n           ,\r\n           <a href=\"https:\/\/www.oakclinic-group.com\/fujinka\/ring\/\">\r\n            v\u00f2ng tr\u00e1nh thai\r\n           <\/a>\r\n<\/td>\r\n<\/tr>\r\n<tr>\r\n<th style=\"width: 25%;\">\r\n           Ph\u00e1 thai\r\n          <\/th>\r\n<td>\r\n<a href=\"https:\/\/www.oakclinic-group.com\/fujinka\/aus_shoki02\/\">\r\n            Ph\u00e1 thai giai \u0111o\u1ea1n \u0111\u1ea7u (d\u01b0\u1edbi 12 tu\u1ea7n)\r\n           <\/a>\r\n           ,\r\n           <a href=\"https:\/\/www.oakclinic-group.com\/fujinka\/aus_chuki02\/\">\r\n            ph\u00e1 thai giai \u0111o\u1ea1n gi\u1eefa thai k\u1ef3 (t\u1eeb 12 tu\u1ea7n \u0111\u1ebfn 21 tu\u1ea7n 6 ng\u00e0y) \r\n           <\/a>\r\n<\/td>\r\n<\/tr>\r\n<\/tbody>\r\n<\/table>\r\n<p class=\"align_center\">\r\n        Ch\u00fang t\u00f4i \u0111ang cung c\u1ea5p d\u1ecbch v\u1ee5 kh\u00e1m b\u1ec7nh tr\u1ef1c tuy\u1ebfn v\u1ec1 thu\u1ed1c tr\u00e1nh thai. N\u1ebfu qu\u00fd v\u1ecb c\u00f3 nhu c\u1ea7u,\r\n        vui l\u00f2ng truy c\u1eadp <a href=\"https:\/\/www.oakclinic-group.com\/on-pill\/\">\"Pill Online\u00ae\"<\/a> d\u01b0\u1edbi \u0111\u00e2y.\r\n        <br\/>\r\n<a href=\"https:\/\/www.oakclinic-group.com\/on-pill\/\">\r\n<img loading=\"lazy\" decoding=\"async\" alt=\"Pill Online\" height=\"144\" src=\"https:\/\/www.oakclinic-group.com\/wp\/wp-content\/themes\/oak-clinic\/vi\/assets\/images\/on-pill\/btn-pillonline.png\" width=\"457\"\/>\r\n<\/a>\r\n<\/p>\r\n<\/div>\r\n<\/div>\r\n<div id=\"parent-child_appraisal\">\r\n<\/div>\r\n<h2 class=\"section-dept__content02_title mt20\">\r\n      X\u00e9t nghi\u1ec7m quan h\u1ec7 huy\u1ebft th\u1ed1ng\r\n     <\/h2>\r\n<div class=\"section-dept__content02_text\">\r\n<div class=\"fee_box\">\r\n<table>\r\n<tbody>\r\n<tr>\r\n<th style=\"width: 25%;\">\r\n<a href=\"https:\/\/www.oakclinic-group.com\/fujinka\/aus_oyako\/\">\r\n            X\u00e9t nghi\u1ec7m ADN \u0111\u1ec3 x\u00e1c \u0111\u1ecbnh quan h\u1ec7 cha con v\u1edbi thai nhi sau khi ph\u00e1 thai\r\n           <\/a>\r\n<\/th>\r\n<td>\r\n<a href=\"https:\/\/www.oakclinic-group.com\/fujinka\/aus_oyako\/\">\r\n            C\u00f3 th\u1ec3 ki\u1ec3m tra quan h\u1ec7 huy\u1ebft th\u1ed1ng b\u1eb1ng c\u00e1ch s\u1eed d\u1ee5ng DNA c\u1ee7a thai nhi sau khi ph\u1eabu thu\u1eadt ph\u00e1 thai.\r\n           <\/a>\r\n<\/td>\r\n<\/tr>\r\n<\/tbody>\r\n<\/table>\r\n<p class=\"text_frame align_center\">\r\n        Ph\u1ee5 khoa (s\u1ea3n ph\u1ee5 khoa) bao g\u1ed3m nhi\u1ec1u l\u0129nh v\u1ef1c kh\u00e1c nhau, v\u00e0 m\u1ed7i l\u0129nh v\u1ef1c \u0111\u1ec1u \u0111\u00f2i h\u1ecfi ki\u1ebfn th\u1ee9c chuy\u00ean m\u00f4n ri\u00eang bi\u1ec7t.\r\n        <br\/>\r\n        \u0110\u1ed1i v\u1edbi c\u00e1c giai \u0111o\u1ea1n nh\u01b0 tu\u1ed5i d\u1eady th\u00ec hay sau m\u00e3n kinh, ch\u00fang t\u00f4i khuy\u00ean b\u1ea1n n\u00ean \u0111i kh\u00e1m t\u1ea1i c\u00e1c chuy\u00ean gia thu\u1ed9c t\u1eebng l\u0129nh v\u1ef1c \u0111\u00f3.\r\n       <\/p>\r\n<\/div>\r\n<\/div>\r\n<\/div>\r\n<\/section>\r\n<\/div>\r\n<\/div>\r\n<!-- section-dept__container end -->","protected":false},"excerpt":{"rendered":"Ch\u00fang t\u00f4i cung c\u1ea5p d\u1ecbch v\u1ee5 kh\u00e1m ch\u1eefa b\u1ec7nh cho ph\u1ee5 n\u1eef trong \u0111\u1ed9 tu\u1ed5i mang thai Sumiyoshi Umeda Ginza T\u1ea1i Hi\u1ec7p h\u1ed9i Y t\u1ebf Oak, ch\u00fang t\u00f4i cung c\u1ea5p c\u00e1c d\u1ecbch v\u1ee5 kh\u00e1m ph\u1ee5 khoa (s\u1ea3n ph\u1ee5 khoa) cho ph\u1ee5 n\u1eef trong \u0111\u1ed9 tu\u1ed5i sinh \u0111\u1ebb \u0111\u1ec3 chu\u1ea9n b\u1ecb cho vi\u1ec7c mang thai trong [&hellip;]","protected":false},"author":5,"featured_media":0,"parent":0,"menu_order":777,"comment_status":"closed","ping_status":"closed","template":"","meta":{"_locale":"vi","_original_post":"https:\/\/www.oakclinic-group.com\/wp\/?page_id=79","footnotes":""},"class_list":["post-6939","page","type-page","status-publish","hentry","vi"],"_links":{"self":[{"href":"https:\/\/www.oakclinic-group.com\/wp-json\/wp\/v2\/pages\/6939","targetHints":{"allow":["GET"]}}],"collection":[{"href":"https:\/\/www.oakclinic-group.com\/wp-json\/wp\/v2\/pages"}],"about":[{"href":"https:\/\/www.oakclinic-group.com\/wp-json\/wp\/v2\/types\/page"}],"author":[{"embeddable":true,"href":"https:\/\/www.oakclinic-group.com\/wp-json\/wp\/v2\/users\/5"}],"replies":[{"embeddable":true,"href":"https:\/\/www.oakclinic-group.com\/wp-json\/wp\/v2\/comments?post=6939"}],"version-history":[{"count":3,"href":"https:\/\/www.oakclinic-group.com\/wp-json\/wp\/v2\/pages\/6939\/revisions"}],"predecessor-version":[{"id":7223,"href":"https:\/\/www.oakclinic-group.com\/wp-json\/wp\/v2\/pages\/6939\/revisions\/7223"}],"wp:attachment":[{"href":"https:\/\/www.oakclinic-group.com\/wp-json\/wp\/v2\/media?parent=6939"}],"curies":[{"name":"wp","href":"https:\/\/api.w.org\/{rel}","templated":true}]}}